{"id":24121,"date":"2026-01-06T09:42:23","date_gmt":"2026-01-06T09:42:23","guid":{"rendered":"http:\/\/prompt-place.com\/product\/robotlar-ve-insanlar-gelecegin-fabrikasinda-isbirligi-yapiyor\/"},"modified":"2026-01-06T09:42:23","modified_gmt":"2026-01-06T09:42:23","slug":"robotlar-ve-insanlar-gelecegin-fabrikasinda-isbirligi-yapiyor","status":"publish","type":"product","link":"https:\/\/prompt-place.com\/tr\/urun\/robotlar-ve-insanlar-gelecegin-fabrikasinda-isbirligi-yapiyor\/","title":{"rendered":"Robotlar ve \u0130nsanlar Gelece\u011fin Fabrikas\u0131nda \u0130\u015fbirli\u011fi Yap\u0131yor"},"content":{"rendered":"<p>Bu komut istemi, insanlar\u0131n ve robotlar\u0131n g\u00fcvenli ve verimli bir \u015fekilde i\u015fbirli\u011fi yapt\u0131\u011f\u0131 gelecekteki bir fabrikan\u0131n sinematik, ultra ger\u00e7ek\u00e7i bir g\u00f6rselle\u015ftirmesini olu\u015fturur. End\u00fcstri 4.0, ak\u0131ll\u0131 \u00fcretim, robotik ve otomasyon odakl\u0131 \u00fcretim ortamlar\u0131n\u0131 g\u00f6stermek i\u00e7in idealdir. <\/p>\n","protected":false},"excerpt":{"rendered":"<p>Bu komut istemi, insanlar\u0131n ve robotlar\u0131n g\u00fcvenli ve verimli bir \u015fekilde i\u015fbirli\u011fi yapt\u0131\u011f\u0131 gelecekteki bir fabrikan\u0131n sinematik, ultra ger\u00e7ek\u00e7i bir g\u00f6rselle\u015ftirmesini olu\u015fturur. End\u00fcstri 4.0, ak\u0131ll\u0131 \u00fcretim, robotik ve otomasyon odakl\u0131 \u00fcretim ortamlar\u0131n\u0131 g\u00f6stermek i\u00e7in idealdir.<\/p>\n","protected":false},"featured_media":21561,"comment_status":"open","ping_status":"closed","template":"","meta":[],"product_brand":[],"product_cat":[746,347],"product_tag":[2908,1954,2909,2906,2907,1614,2044,1955,1617],"class_list":{"0":"post-24121","1":"product","2":"type-product","3":"status-publish","4":"has-post-thumbnail","6":"product_cat-dall-e-ipucu","7":"product_cat-modeller","8":"product_tag-akilli-uretim","9":"product_tag-dalle","10":"product_tag-endustri-4-0","11":"product_tag-gelecegin-fabrikasi","12":"product_tag-insan-robot-isbirligi","13":"product_tag-otomasyon","14":"product_tag-robotik","15":"product_tag-sinematik","16":"product_tag-uretime-hazir","18":"first","19":"instock","20":"downloadable","21":"virtual","22":"product-type-simple"},"_links":{"self":[{"href":"https:\/\/prompt-place.com\/tr\/wp-json\/wp\/v2\/product\/24121","targetHints":{"allow":["GET"]}}],"collection":[{"href":"https:\/\/prompt-place.com\/tr\/wp-json\/wp\/v2\/product"}],"about":[{"href":"https:\/\/prompt-place.com\/tr\/wp-json\/wp\/v2\/types\/product"}],"replies":[{"embeddable":true,"href":"https:\/\/prompt-place.com\/tr\/wp-json\/wp\/v2\/comments?post=24121"}],"wp:featuredmedia":[{"embeddable":true,"href":"https:\/\/prompt-place.com\/tr\/wp-json\/wp\/v2\/media\/21561"}],"wp:attachment":[{"href":"https:\/\/prompt-place.com\/tr\/wp-json\/wp\/v2\/media?parent=24121"}],"wp:term":[{"taxonomy":"product_brand","embeddable":true,"href":"https:\/\/prompt-place.com\/tr\/wp-json\/wp\/v2\/product_brand?post=24121"},{"taxonomy":"product_cat","embeddable":true,"href":"https:\/\/prompt-place.com\/tr\/wp-json\/wp\/v2\/product_cat?post=24121"},{"taxonomy":"product_tag","embeddable":true,"href":"https:\/\/prompt-place.com\/tr\/wp-json\/wp\/v2\/product_tag?post=24121"}],"curies":[{"name":"wp","href":"https:\/\/api.w.org\/{rel}","templated":true}]}}