{"id":24115,"date":"2026-01-06T09:42:22","date_gmt":"2026-01-06T09:42:22","guid":{"rendered":"http:\/\/prompt-place.com\/product\/beyin-firtinasi-yapan-bir-girisimcinin-sinematik-portresi\/"},"modified":"2026-01-06T09:42:22","modified_gmt":"2026-01-06T09:42:22","slug":"beyin-firtinasi-yapan-bir-girisimcinin-sinematik-portresi","status":"publish","type":"product","link":"https:\/\/prompt-place.com\/tr\/urun\/beyin-firtinasi-yapan-bir-girisimcinin-sinematik-portresi\/","title":{"rendered":"Beyin F\u0131rt\u0131nas\u0131 Yapan Bir Giri\u015fimcinin Sinematik Portresi"},"content":{"rendered":"<p>Bu bilgi istemi, derin d\u00fc\u015f\u00fcnce ve fikir an\u0131ndaki bir giri\u015fimcinin sinematik, ultra ger\u00e7ek\u00e7i bir portresini olu\u015fturur. Kurucu profilleri, startup hikaye anlat\u0131m\u0131, pazarlama g\u00f6rselleri ve vizyon ve yarat\u0131c\u0131l\u0131\u011f\u0131 aktaran editoryal tarzdaki g\u00f6r\u00fcnt\u00fcler i\u00e7in idealdir. <\/p>\n","protected":false},"excerpt":{"rendered":"<p>Bu bilgi istemi, derin d\u00fc\u015f\u00fcnce ve fikir an\u0131ndaki bir giri\u015fimcinin sinematik, ultra ger\u00e7ek\u00e7i bir portresini olu\u015fturur. Kurucu profilleri, startup hikaye anlat\u0131m\u0131, pazarlama g\u00f6rselleri ve vizyon ve yarat\u0131c\u0131l\u0131\u011f\u0131 aktaran editoryal tarzdaki g\u00f6r\u00fcnt\u00fcler i\u00e7in idealdir.<\/p>\n","protected":false},"featured_media":21561,"comment_status":"open","ping_status":"closed","template":"","meta":[],"product_brand":[],"product_cat":[746,347],"product_tag":[2882,1954,2538,2881,2883,2880,1617,2884],"class_list":{"0":"post-24115","1":"product","2":"type-product","3":"status-publish","4":"has-post-thumbnail","6":"product_cat-dall-e-ipucu","7":"product_cat-modeller","8":"product_tag-beyin-firtinasi","9":"product_tag-dalle","10":"product_tag-fotogercekcilik","11":"product_tag-girisimci","12":"product_tag-kurucu","13":"product_tag-sinematik-portre","14":"product_tag-uretime-hazir","15":"product_tag-yaratici-dusunme","17":"first","18":"instock","19":"downloadable","20":"virtual","21":"product-type-simple"},"_links":{"self":[{"href":"https:\/\/prompt-place.com\/tr\/wp-json\/wp\/v2\/product\/24115","targetHints":{"allow":["GET"]}}],"collection":[{"href":"https:\/\/prompt-place.com\/tr\/wp-json\/wp\/v2\/product"}],"about":[{"href":"https:\/\/prompt-place.com\/tr\/wp-json\/wp\/v2\/types\/product"}],"replies":[{"embeddable":true,"href":"https:\/\/prompt-place.com\/tr\/wp-json\/wp\/v2\/comments?post=24115"}],"wp:featuredmedia":[{"embeddable":true,"href":"https:\/\/prompt-place.com\/tr\/wp-json\/wp\/v2\/media\/21561"}],"wp:attachment":[{"href":"https:\/\/prompt-place.com\/tr\/wp-json\/wp\/v2\/media?parent=24115"}],"wp:term":[{"taxonomy":"product_brand","embeddable":true,"href":"https:\/\/prompt-place.com\/tr\/wp-json\/wp\/v2\/product_brand?post=24115"},{"taxonomy":"product_cat","embeddable":true,"href":"https:\/\/prompt-place.com\/tr\/wp-json\/wp\/v2\/product_cat?post=24115"},{"taxonomy":"product_tag","embeddable":true,"href":"https:\/\/prompt-place.com\/tr\/wp-json\/wp\/v2\/product_tag?post=24115"}],"curies":[{"name":"wp","href":"https:\/\/api.w.org\/{rel}","templated":true}]}}