{"id":24112,"date":"2026-01-06T09:42:21","date_gmt":"2026-01-06T09:42:21","guid":{"rendered":"http:\/\/prompt-place.com\/product\/ai-is-raporu-ozetleme-ve-yonetici-ozeti-olusturucu\/"},"modified":"2026-01-06T09:42:21","modified_gmt":"2026-01-06T09:42:21","slug":"ai-is-raporu-ozetleme-ve-yonetici-ozeti-olusturucu","status":"publish","type":"product","link":"https:\/\/prompt-place.com\/tr\/urun\/ai-is-raporu-ozetleme-ve-yonetici-ozeti-olusturucu\/","title":{"rendered":"AI \u0130\u015f Raporu \u00d6zetleme ve Y\u00f6netici \u00d6zeti Olu\u015fturucu"},"content":{"rendered":"<p>Bu istem, yapay zeka modellerinin uzun i\u015f raporlar\u0131n\u0131 k\u0131sa ve \u00f6z, y\u00f6neticiye haz\u0131r \u00f6zetlere d\u00f6n\u00fc\u015ft\u00fcrmesini sa\u011flar. Liderlerin kapsaml\u0131 belgeleri okumadan temel i\u00e7g\u00f6r\u00fcleri, riskleri ve \u00f6nerilen eylemleri h\u0131zla kavramalar\u0131na yard\u0131mc\u0131 olur. <\/p>\n","protected":false},"excerpt":{"rendered":"<p>Bu istem, yapay zeka modellerinin uzun i\u015f raporlar\u0131n\u0131 k\u0131sa ve \u00f6z, y\u00f6neticiye haz\u0131r \u00f6zetlere d\u00f6n\u00fc\u015ft\u00fcrmesini sa\u011flar. Liderlerin kapsaml\u0131 belgeleri okumadan temel i\u00e7g\u00f6r\u00fcleri, riskleri ve \u00f6nerilen eylemleri h\u0131zla kavramalar\u0131na yard\u0131mc\u0131 olur.<\/p>\n","protected":false},"featured_media":21520,"comment_status":"open","ping_status":"closed","template":"","meta":[],"product_brand":[],"product_cat":[756,347],"product_tag":[2326,2871,2869,1644,1643,1617,1875],"class_list":{"0":"post-24112","1":"product","2":"type-product","3":"status-publish","4":"has-post-thumbnail","6":"product_cat-chatgpt-istemleri","7":"product_cat-modeller","8":"product_tag-analitik","9":"product_tag-belge-ozetleme","10":"product_tag-is-raporlari","11":"product_tag-karar-destek","12":"product_tag-strateji","13":"product_tag-uretime-hazir","14":"product_tag-yonetici-ozeti","16":"first","17":"instock","18":"downloadable","19":"virtual","20":"product-type-simple"},"_links":{"self":[{"href":"https:\/\/prompt-place.com\/tr\/wp-json\/wp\/v2\/product\/24112","targetHints":{"allow":["GET"]}}],"collection":[{"href":"https:\/\/prompt-place.com\/tr\/wp-json\/wp\/v2\/product"}],"about":[{"href":"https:\/\/prompt-place.com\/tr\/wp-json\/wp\/v2\/types\/product"}],"replies":[{"embeddable":true,"href":"https:\/\/prompt-place.com\/tr\/wp-json\/wp\/v2\/comments?post=24112"}],"wp:featuredmedia":[{"embeddable":true,"href":"https:\/\/prompt-place.com\/tr\/wp-json\/wp\/v2\/media\/21520"}],"wp:attachment":[{"href":"https:\/\/prompt-place.com\/tr\/wp-json\/wp\/v2\/media?parent=24112"}],"wp:term":[{"taxonomy":"product_brand","embeddable":true,"href":"https:\/\/prompt-place.com\/tr\/wp-json\/wp\/v2\/product_brand?post=24112"},{"taxonomy":"product_cat","embeddable":true,"href":"https:\/\/prompt-place.com\/tr\/wp-json\/wp\/v2\/product_cat?post=24112"},{"taxonomy":"product_tag","embeddable":true,"href":"https:\/\/prompt-place.com\/tr\/wp-json\/wp\/v2\/product_tag?post=24112"}],"curies":[{"name":"wp","href":"https:\/\/api.w.org\/{rel}","templated":true}]}}