{"id":24109,"date":"2026-01-06T09:42:21","date_gmt":"2026-01-06T09:42:21","guid":{"rendered":"http:\/\/prompt-place.com\/product\/bir-saas-platformunu-olceklendirmek-icin-yapay-zeka-stratejik-yol-haritasi-olusturucu\/"},"modified":"2026-01-06T09:42:21","modified_gmt":"2026-01-06T09:42:21","slug":"bir-saas-platformunu-olceklendirmek-icin-yapay-zeka-stratejik-yol-haritasi-olusturucu","status":"publish","type":"product","link":"https:\/\/prompt-place.com\/tr\/urun\/bir-saas-platformunu-olceklendirmek-icin-yapay-zeka-stratejik-yol-haritasi-olusturucu\/","title":{"rendered":"Bir SaaS Platformunu \u00d6l\u00e7eklendirmek i\u00e7in Yapay Zeka Stratejik Yol Haritas\u0131 Olu\u015fturucu"},"content":{"rendered":"<p>Bu bilgi istemi, yapay zeka modellerinin bir SaaS platformunu \u00f6l\u00e7eklendirmek i\u00e7in net, a\u015famal\u0131 bir stratejik yol haritas\u0131 olu\u015fturmas\u0131n\u0131 sa\u011flar. Kurucular\u0131n ve liderlik ekiplerinin b\u00fcy\u00fcme darbo\u011fazlar\u0131n\u0131 belirlemelerine, giri\u015fimleri \u00f6nceliklendirmelerine ve \u00fcr\u00fcn, pazar ve operasyonlar genelinde s\u00fcrd\u00fcr\u00fclebilir geni\u015flemeyi planlamalar\u0131na yard\u0131mc\u0131 olur. <\/p>\n","protected":false},"excerpt":{"rendered":"<p>Bu bilgi istemi, yapay zeka modellerinin bir SaaS platformunu \u00f6l\u00e7eklendirmek i\u00e7in net, a\u015famal\u0131 bir stratejik yol haritas\u0131 olu\u015fturmas\u0131n\u0131 sa\u011flar. Kurucular\u0131n ve liderlik ekiplerinin b\u00fcy\u00fcme darbo\u011fazlar\u0131n\u0131 belirlemelerine, giri\u015fimleri \u00f6nceliklendirmelerine ve \u00fcr\u00fcn, pazar ve operasyonlar genelinde s\u00fcrd\u00fcr\u00fclebilir geni\u015flemeyi planlamalar\u0131na yard\u0131mc\u0131 olur.<\/p>\n","protected":false},"featured_media":21520,"comment_status":"open","ping_status":"closed","template":"","meta":[],"product_brand":[],"product_cat":[756,347],"product_tag":[2864,2597,2134,2859,2862,1617,2866],"class_list":{"0":"post-24109","1":"product","2":"type-product","3":"status-publish","4":"has-post-thumbnail","6":"product_cat-chatgpt-istemleri","7":"product_cat-modeller","8":"product_tag-baslangic-olceklendirme","9":"product_tag-buyume-stratejisi","10":"product_tag-is-stratejisi","11":"product_tag-saas-olcekleme","12":"product_tag-stratejik-yol-haritasi","13":"product_tag-uretime-hazir","14":"product_tag-urun-onculugunde-buyume","16":"first","17":"instock","18":"downloadable","19":"virtual","20":"product-type-simple"},"_links":{"self":[{"href":"https:\/\/prompt-place.com\/tr\/wp-json\/wp\/v2\/product\/24109","targetHints":{"allow":["GET"]}}],"collection":[{"href":"https:\/\/prompt-place.com\/tr\/wp-json\/wp\/v2\/product"}],"about":[{"href":"https:\/\/prompt-place.com\/tr\/wp-json\/wp\/v2\/types\/product"}],"replies":[{"embeddable":true,"href":"https:\/\/prompt-place.com\/tr\/wp-json\/wp\/v2\/comments?post=24109"}],"wp:featuredmedia":[{"embeddable":true,"href":"https:\/\/prompt-place.com\/tr\/wp-json\/wp\/v2\/media\/21520"}],"wp:attachment":[{"href":"https:\/\/prompt-place.com\/tr\/wp-json\/wp\/v2\/media?parent=24109"}],"wp:term":[{"taxonomy":"product_brand","embeddable":true,"href":"https:\/\/prompt-place.com\/tr\/wp-json\/wp\/v2\/product_brand?post=24109"},{"taxonomy":"product_cat","embeddable":true,"href":"https:\/\/prompt-place.com\/tr\/wp-json\/wp\/v2\/product_cat?post=24109"},{"taxonomy":"product_tag","embeddable":true,"href":"https:\/\/prompt-place.com\/tr\/wp-json\/wp\/v2\/product_tag?post=24109"}],"curies":[{"name":"wp","href":"https:\/\/api.w.org\/{rel}","templated":true}]}}