{"id":24105,"date":"2026-01-06T09:42:21","date_gmt":"2026-01-06T09:42:21","guid":{"rendered":"http:\/\/prompt-place.com\/product\/ai-calisan-performans-degerlendirme-ve-iyilestirme-planlama-asistani\/"},"modified":"2026-01-06T09:42:21","modified_gmt":"2026-01-06T09:42:21","slug":"ai-calisan-performans-degerlendirme-ve-iyilestirme-planlama-asistani","status":"publish","type":"product","link":"https:\/\/prompt-place.com\/tr\/urun\/ai-calisan-performans-degerlendirme-ve-iyilestirme-planlama-asistani\/","title":{"rendered":"AI \u00c7al\u0131\u015fan Performans De\u011ferlendirme ve \u0130yile\u015ftirme Planlama Asistan\u0131"},"content":{"rendered":"<p>Bu istem, yapay zeka modellerinin \u00e7al\u0131\u015fan performans\u0131n\u0131 objektif \u00f6l\u00e7\u00fctler kullanarak de\u011ferlendirmesini ve ki\u015fiselle\u015ftirilmi\u015f iyile\u015ftirme planlar\u0131 olu\u015fturmas\u0131n\u0131 sa\u011flar. \u0130K ekiplerinin ve y\u00f6neticilerin net, adil ve eyleme ge\u00e7irilebilir performans i\u00e7g\u00f6r\u00fcleriyle \u00e7al\u0131\u015fan geli\u015fimini desteklemelerine yard\u0131mc\u0131 olur. <\/p>\n","protected":false},"excerpt":{"rendered":"<p>Bu istem, yapay zeka modellerinin \u00e7al\u0131\u015fan performans\u0131n\u0131 objektif \u00f6l\u00e7\u00fctler kullanarak de\u011ferlendirmesini ve ki\u015fiselle\u015ftirilmi\u015f iyile\u015ftirme planlar\u0131 olu\u015fturmas\u0131n\u0131 sa\u011flar. \u0130K ekiplerinin ve y\u00f6neticilerin net, adil ve eyleme ge\u00e7irilebilir performans i\u00e7g\u00f6r\u00fcleriyle \u00e7al\u0131\u015fan geli\u015fimini desteklemelerine yard\u0131mc\u0131 olur.<\/p>\n","protected":false},"featured_media":21520,"comment_status":"open","ping_status":"closed","template":"","meta":[],"product_brand":[],"product_cat":[756,347],"product_tag":[2843,2844,2847,2849,2845,1645,1617],"class_list":{"0":"post-24105","1":"product","2":"type-product","3":"status-publish","4":"has-post-thumbnail","6":"product_cat-chatgpt-istemleri","7":"product_cat-modeller","8":"product_tag-calisan-performansi","9":"product_tag-hr-analytics","10":"product_tag-insanlar-operasyonlar","11":"product_tag-isgucu-gelistirme","12":"product_tag-iyilestirme-planlari","13":"product_tag-performans-yonetimi","14":"product_tag-uretime-hazir","16":"first","17":"instock","18":"downloadable","19":"virtual","20":"product-type-simple"},"_links":{"self":[{"href":"https:\/\/prompt-place.com\/tr\/wp-json\/wp\/v2\/product\/24105","targetHints":{"allow":["GET"]}}],"collection":[{"href":"https:\/\/prompt-place.com\/tr\/wp-json\/wp\/v2\/product"}],"about":[{"href":"https:\/\/prompt-place.com\/tr\/wp-json\/wp\/v2\/types\/product"}],"replies":[{"embeddable":true,"href":"https:\/\/prompt-place.com\/tr\/wp-json\/wp\/v2\/comments?post=24105"}],"wp:featuredmedia":[{"embeddable":true,"href":"https:\/\/prompt-place.com\/tr\/wp-json\/wp\/v2\/media\/21520"}],"wp:attachment":[{"href":"https:\/\/prompt-place.com\/tr\/wp-json\/wp\/v2\/media?parent=24105"}],"wp:term":[{"taxonomy":"product_brand","embeddable":true,"href":"https:\/\/prompt-place.com\/tr\/wp-json\/wp\/v2\/product_brand?post=24105"},{"taxonomy":"product_cat","embeddable":true,"href":"https:\/\/prompt-place.com\/tr\/wp-json\/wp\/v2\/product_cat?post=24105"},{"taxonomy":"product_tag","embeddable":true,"href":"https:\/\/prompt-place.com\/tr\/wp-json\/wp\/v2\/product_tag?post=24105"}],"curies":[{"name":"wp","href":"https:\/\/api.w.org\/{rel}","templated":true}]}}