{"id":24104,"date":"2026-01-06T09:42:16","date_gmt":"2026-01-06T09:42:16","guid":{"rendered":"http:\/\/prompt-place.com\/product\/yapay-zeka-zaman-serisi-is-performansi-anomali-tespit-yardimcisi\/"},"modified":"2026-01-06T09:42:16","modified_gmt":"2026-01-06T09:42:16","slug":"yapay-zeka-zaman-serisi-is-performansi-anomali-tespit-yardimcisi","status":"publish","type":"product","link":"https:\/\/prompt-place.com\/tr\/urun\/yapay-zeka-zaman-serisi-is-performansi-anomali-tespit-yardimcisi\/","title":{"rendered":"Yapay Zeka Zaman Serisi \u0130\u015f Performans\u0131 Anomali Tespit Yard\u0131mc\u0131s\u0131"},"content":{"rendered":"<p>Bu istem, yapay zeka modellerinin zaman serisi i\u015f performans\u0131 verilerini analiz etmesini ve beklenmedik art\u0131\u015flar, d\u00fc\u015f\u00fc\u015fler veya trend k\u0131r\u0131lmalar\u0131 gibi anormallikleri tespit etmesini sa\u011flar. Ekiplerin olas\u0131 sorunlar\u0131 veya f\u0131rsatlar\u0131 h\u0131zla belirlemelerine ve a\u00e7\u0131klanabilir i\u00e7g\u00f6r\u00fclere dayanarak bilin\u00e7li eylemlerde bulunmalar\u0131na yard\u0131mc\u0131 olur. <\/p>\n","protected":false},"excerpt":{"rendered":"<p>Bu istem, yapay zeka modellerinin zaman serisi i\u015f performans\u0131 verilerini analiz etmesini ve beklenmedik art\u0131\u015flar, d\u00fc\u015f\u00fc\u015fler veya trend k\u0131r\u0131lmalar\u0131 gibi anormallikleri tespit etmesini sa\u011flar. Ekiplerin olas\u0131 sorunlar\u0131 veya f\u0131rsatlar\u0131 h\u0131zla belirlemelerine ve a\u00e7\u0131klanabilir i\u00e7g\u00f6r\u00fclere dayanarak bilin\u00e7li eylemlerde bulunmalar\u0131na yard\u0131mc\u0131 olur.<\/p>\n","protected":false},"featured_media":21520,"comment_status":"open","ping_status":"closed","template":"","meta":[],"product_brand":[],"product_cat":[756,347],"product_tag":[2842,2185,2841,2186,1617,2049,2840],"class_list":{"0":"post-24104","1":"product","2":"type-product","3":"status-publish","4":"has-post-thumbnail","6":"product_cat-chatgpt-istemleri","7":"product_cat-modeller","8":"product_tag-ai-insights","9":"product_tag-anomali-tespiti","10":"product_tag-is-metrikleri","11":"product_tag-performans-izleme","12":"product_tag-uretime-hazir","13":"product_tag-veri-analitigi","14":"product_tag-zaman-serisi-analizi","16":"first","17":"instock","18":"downloadable","19":"virtual","20":"product-type-simple"},"_links":{"self":[{"href":"https:\/\/prompt-place.com\/tr\/wp-json\/wp\/v2\/product\/24104","targetHints":{"allow":["GET"]}}],"collection":[{"href":"https:\/\/prompt-place.com\/tr\/wp-json\/wp\/v2\/product"}],"about":[{"href":"https:\/\/prompt-place.com\/tr\/wp-json\/wp\/v2\/types\/product"}],"replies":[{"embeddable":true,"href":"https:\/\/prompt-place.com\/tr\/wp-json\/wp\/v2\/comments?post=24104"}],"wp:featuredmedia":[{"embeddable":true,"href":"https:\/\/prompt-place.com\/tr\/wp-json\/wp\/v2\/media\/21520"}],"wp:attachment":[{"href":"https:\/\/prompt-place.com\/tr\/wp-json\/wp\/v2\/media?parent=24104"}],"wp:term":[{"taxonomy":"product_brand","embeddable":true,"href":"https:\/\/prompt-place.com\/tr\/wp-json\/wp\/v2\/product_brand?post=24104"},{"taxonomy":"product_cat","embeddable":true,"href":"https:\/\/prompt-place.com\/tr\/wp-json\/wp\/v2\/product_cat?post=24104"},{"taxonomy":"product_tag","embeddable":true,"href":"https:\/\/prompt-place.com\/tr\/wp-json\/wp\/v2\/product_tag?post=24104"}],"curies":[{"name":"wp","href":"https:\/\/api.w.org\/{rel}","templated":true}]}}