{"id":24100,"date":"2026-01-06T09:42:16","date_gmt":"2026-01-06T09:42:16","guid":{"rendered":"http:\/\/prompt-place.com\/product\/startuplar-icin-yapay-zeka-pazara-giris-stratejisi-olusturucu\/"},"modified":"2026-03-05T08:12:55","modified_gmt":"2026-03-05T08:12:55","slug":"startuplar-icin-yapay-zeka-pazara-giris-stratejisi-olusturucu","status":"publish","type":"product","link":"https:\/\/prompt-place.com\/tr\/urun\/startuplar-icin-yapay-zeka-pazara-giris-stratejisi-olusturucu\/","title":{"rendered":"Startup&#8217;lar i\u00e7in Yapay Zeka Pazara Giri\u015f Stratejisi Olu\u015fturucu"},"content":{"rendered":"<p>Bu bilgi istemi, yapay zeka modellerinin giri\u015fimler i\u00e7in sekt\u00f6re \u00f6zg\u00fc eksiksiz bir pazara a\u00e7\u0131lma stratejisi olu\u015fturmas\u0131n\u0131 sa\u011flar. Kurucular\u0131n konumland\u0131rma, mesajla\u015fma, kanallar, fiyatland\u0131rma ve uygulamay\u0131 kendi pazarlar\u0131na g\u00f6re uyarlanm\u0131\u015f net, eyleme ge\u00e7irilebilir bir yol haritas\u0131yla planlamalar\u0131na yard\u0131mc\u0131 olur. <\/p>\n","protected":false},"excerpt":{"rendered":"<p>Bu bilgi istemi, yapay zeka modellerinin giri\u015fimler i\u00e7in sekt\u00f6re \u00f6zg\u00fc eksiksiz bir pazara a\u00e7\u0131lma stratejisi olu\u015fturmas\u0131n\u0131 sa\u011flar. Kurucular\u0131n konumland\u0131rma, mesajla\u015fma, kanallar, fiyatland\u0131rma ve uygulamay\u0131 kendi pazarlar\u0131na g\u00f6re uyarlanm\u0131\u015f net, eyleme ge\u00e7irilebilir bir yol haritas\u0131yla planlamalar\u0131na yard\u0131mc\u0131 olur.<\/p>\n","protected":false},"featured_media":21520,"comment_status":"open","ping_status":"closed","template":"","meta":[],"product_brand":[],"product_cat":[756,347],"product_tag":[2742,2441,2650,2440,2265,2833,1617],"class_list":{"0":"post-24100","1":"product","2":"type-product","3":"status-publish","4":"has-post-thumbnail","6":"product_cat-chatgpt-istemleri","7":"product_cat-modeller","8":"product_tag-buyume-planlama","9":"product_tag-konumlandirma","10":"product_tag-kurucular","11":"product_tag-pazara-acilma","12":"product_tag-pazara-giris","13":"product_tag-startup-stratejisi","14":"product_tag-uretime-hazir","16":"first","17":"instock","18":"downloadable","19":"virtual","20":"product-type-simple"},"_links":{"self":[{"href":"https:\/\/prompt-place.com\/tr\/wp-json\/wp\/v2\/product\/24100","targetHints":{"allow":["GET"]}}],"collection":[{"href":"https:\/\/prompt-place.com\/tr\/wp-json\/wp\/v2\/product"}],"about":[{"href":"https:\/\/prompt-place.com\/tr\/wp-json\/wp\/v2\/types\/product"}],"replies":[{"embeddable":true,"href":"https:\/\/prompt-place.com\/tr\/wp-json\/wp\/v2\/comments?post=24100"}],"wp:featuredmedia":[{"embeddable":true,"href":"https:\/\/prompt-place.com\/tr\/wp-json\/wp\/v2\/media\/21520"}],"wp:attachment":[{"href":"https:\/\/prompt-place.com\/tr\/wp-json\/wp\/v2\/media?parent=24100"}],"wp:term":[{"taxonomy":"product_brand","embeddable":true,"href":"https:\/\/prompt-place.com\/tr\/wp-json\/wp\/v2\/product_brand?post=24100"},{"taxonomy":"product_cat","embeddable":true,"href":"https:\/\/prompt-place.com\/tr\/wp-json\/wp\/v2\/product_cat?post=24100"},{"taxonomy":"product_tag","embeddable":true,"href":"https:\/\/prompt-place.com\/tr\/wp-json\/wp\/v2\/product_tag?post=24100"}],"curies":[{"name":"wp","href":"https:\/\/api.w.org\/{rel}","templated":true}]}}