{"id":24099,"date":"2026-01-06T09:42:16","date_gmt":"2026-01-06T09:42:16","guid":{"rendered":"http:\/\/prompt-place.com\/product\/business-documentationdan-ai-yatirimci-yonetici-ozeti-olusturucu\/"},"modified":"2026-01-06T09:42:16","modified_gmt":"2026-01-06T09:42:16","slug":"business-documentationdan-ai-yatirimci-yonetici-ozeti-olusturucu","status":"publish","type":"product","link":"https:\/\/prompt-place.com\/tr\/urun\/business-documentationdan-ai-yatirimci-yonetici-ozeti-olusturucu\/","title":{"rendered":"Business Documentation&#8217;dan AI Yat\u0131r\u0131mc\u0131 Y\u00f6netici \u00d6zeti Olu\u015fturucu"},"content":{"rendered":"<p>Bu istem, yapay zeka modellerinin uzun bi\u00e7imli i\u015f belgelerini \u00f6zl\u00fc, yat\u0131r\u0131mc\u0131ya haz\u0131r y\u00f6netici \u00f6zetlerine d\u00f6n\u00fc\u015ft\u00fcrmesini sa\u011flar. Kurucular\u0131n ve y\u00f6neticilerin yat\u0131r\u0131mc\u0131lara de\u011fer, \u00e7eki\u015f g\u00fcc\u00fc ve stratejiyi \u00e7ok fazla ayr\u0131nt\u0131ya bo\u011fmadan net bir \u015fekilde iletmelerine yard\u0131mc\u0131 olur. <\/p>\n","protected":false},"excerpt":{"rendered":"<p>Bu istem, yapay zeka modellerinin uzun bi\u00e7imli i\u015f belgelerini \u00f6zl\u00fc, yat\u0131r\u0131mc\u0131ya haz\u0131r y\u00f6netici \u00f6zetlerine d\u00f6n\u00fc\u015ft\u00fcrmesini sa\u011flar. Kurucular\u0131n ve y\u00f6neticilerin yat\u0131r\u0131mc\u0131lara de\u011fer, \u00e7eki\u015f g\u00fcc\u00fc ve stratejiyi \u00e7ok fazla ayr\u0131nt\u0131ya bo\u011fmadan net bir \u015fekilde iletmelerine yard\u0131mc\u0131 olur.<\/p>\n","protected":false},"featured_media":21520,"comment_status":"open","ping_status":"closed","template":"","meta":[],"product_brand":[],"product_cat":[756,347],"product_tag":[2830,2831,2832,1643,1617,2829,1875],"class_list":{"0":"post-24099","1":"product","2":"type-product","3":"status-publish","4":"has-post-thumbnail","6":"product_cat-chatgpt-istemleri","7":"product_cat-modeller","8":"product_tag-bagis-toplama","9":"product_tag-is-belgeleri","10":"product_tag-startup-pitch","11":"product_tag-strateji","12":"product_tag-uretime-hazir","13":"product_tag-yatirimci-iliskileri","14":"product_tag-yonetici-ozeti","16":"first","17":"instock","18":"downloadable","19":"virtual","20":"product-type-simple"},"_links":{"self":[{"href":"https:\/\/prompt-place.com\/tr\/wp-json\/wp\/v2\/product\/24099","targetHints":{"allow":["GET"]}}],"collection":[{"href":"https:\/\/prompt-place.com\/tr\/wp-json\/wp\/v2\/product"}],"about":[{"href":"https:\/\/prompt-place.com\/tr\/wp-json\/wp\/v2\/types\/product"}],"replies":[{"embeddable":true,"href":"https:\/\/prompt-place.com\/tr\/wp-json\/wp\/v2\/comments?post=24099"}],"wp:featuredmedia":[{"embeddable":true,"href":"https:\/\/prompt-place.com\/tr\/wp-json\/wp\/v2\/media\/21520"}],"wp:attachment":[{"href":"https:\/\/prompt-place.com\/tr\/wp-json\/wp\/v2\/media?parent=24099"}],"wp:term":[{"taxonomy":"product_brand","embeddable":true,"href":"https:\/\/prompt-place.com\/tr\/wp-json\/wp\/v2\/product_brand?post=24099"},{"taxonomy":"product_cat","embeddable":true,"href":"https:\/\/prompt-place.com\/tr\/wp-json\/wp\/v2\/product_cat?post=24099"},{"taxonomy":"product_tag","embeddable":true,"href":"https:\/\/prompt-place.com\/tr\/wp-json\/wp\/v2\/product_tag?post=24099"}],"curies":[{"name":"wp","href":"https:\/\/api.w.org\/{rel}","templated":true}]}}