{"id":24095,"date":"2026-01-06T09:42:16","date_gmt":"2026-01-06T09:42:16","guid":{"rendered":"http:\/\/prompt-place.com\/product\/is-is-akislari-icin-yapay-zeka-otomasyon-araci-secim-danismani\/"},"modified":"2026-01-06T09:42:16","modified_gmt":"2026-01-06T09:42:16","slug":"is-is-akislari-icin-yapay-zeka-otomasyon-araci-secim-danismani","status":"publish","type":"product","link":"https:\/\/prompt-place.com\/tr\/urun\/is-is-akislari-icin-yapay-zeka-otomasyon-araci-secim-danismani\/","title":{"rendered":"\u0130\u015f \u0130\u015f Ak\u0131\u015flar\u0131 i\u00e7in Yapay Zeka Otomasyon Arac\u0131 Se\u00e7im Dan\u0131\u015fman\u0131"},"content":{"rendered":"<p>Bu istem, yapay zeka modellerinin i\u015f i\u015f ak\u0131\u015flar\u0131n\u0131 analiz etmesini ve en uygun yapay zeka otomasyon ara\u00e7lar\u0131n\u0131 \u00f6nermesini sa\u011flar. Ara\u00e7lar\u0131 ger\u00e7ek operasyonel ihtiya\u00e7lar, k\u0131s\u0131tlamalar ve olgunluk seviyeleriyle e\u015fle\u015ftirerek kurulu\u015flar\u0131n otomasyon hakk\u0131nda bilin\u00e7li kararlar almas\u0131na yard\u0131mc\u0131 olur. <\/p>\n","protected":false},"excerpt":{"rendered":"<p>Bu istem, yapay zeka modellerinin i\u015f i\u015f ak\u0131\u015flar\u0131n\u0131 analiz etmesini ve en uygun yapay zeka otomasyon ara\u00e7lar\u0131n\u0131 \u00f6nermesini sa\u011flar. Ara\u00e7lar\u0131 ger\u00e7ek operasyonel ihtiya\u00e7lar, k\u0131s\u0131tlamalar ve olgunluk seviyeleriyle e\u015fle\u015ftirerek kurulu\u015flar\u0131n otomasyon hakk\u0131nda bilin\u00e7li kararlar almas\u0131na yard\u0131mc\u0131 olur.<\/p>\n","protected":false},"featured_media":21520,"comment_status":"open","ping_status":"closed","template":"","meta":[],"product_brand":[],"product_cat":[756,347],"product_tag":[2276,2817,1719,2816,2818,1617,2646],"class_list":{"0":"post-24095","1":"product","2":"type-product","3":"status-publish","4":"has-post-thumbnail","6":"product_cat-chatgpt-istemleri","7":"product_cat-modeller","8":"product_tag-ai-otomasyon","9":"product_tag-arac-secimi","10":"product_tag-dijital-donusum","11":"product_tag-is-akisi-otomasyonu","12":"product_tag-is-operasyonlar","13":"product_tag-uretime-hazir","14":"product_tag-uretkenlik","16":"first","17":"instock","18":"downloadable","19":"virtual","20":"product-type-simple"},"_links":{"self":[{"href":"https:\/\/prompt-place.com\/tr\/wp-json\/wp\/v2\/product\/24095","targetHints":{"allow":["GET"]}}],"collection":[{"href":"https:\/\/prompt-place.com\/tr\/wp-json\/wp\/v2\/product"}],"about":[{"href":"https:\/\/prompt-place.com\/tr\/wp-json\/wp\/v2\/types\/product"}],"replies":[{"embeddable":true,"href":"https:\/\/prompt-place.com\/tr\/wp-json\/wp\/v2\/comments?post=24095"}],"wp:featuredmedia":[{"embeddable":true,"href":"https:\/\/prompt-place.com\/tr\/wp-json\/wp\/v2\/media\/21520"}],"wp:attachment":[{"href":"https:\/\/prompt-place.com\/tr\/wp-json\/wp\/v2\/media?parent=24095"}],"wp:term":[{"taxonomy":"product_brand","embeddable":true,"href":"https:\/\/prompt-place.com\/tr\/wp-json\/wp\/v2\/product_brand?post=24095"},{"taxonomy":"product_cat","embeddable":true,"href":"https:\/\/prompt-place.com\/tr\/wp-json\/wp\/v2\/product_cat?post=24095"},{"taxonomy":"product_tag","embeddable":true,"href":"https:\/\/prompt-place.com\/tr\/wp-json\/wp\/v2\/product_tag?post=24095"}],"curies":[{"name":"wp","href":"https:\/\/api.w.org\/{rel}","templated":true}]}}