{"id":24093,"date":"2026-01-06T09:42:16","date_gmt":"2026-01-06T09:42:16","guid":{"rendered":"http:\/\/prompt-place.com\/product\/yapay-zeka-sosyal-medya-duyarlilik-ve-tema-analiz-asistani\/"},"modified":"2026-01-06T09:42:16","modified_gmt":"2026-01-06T09:42:16","slug":"yapay-zeka-sosyal-medya-duyarlilik-ve-tema-analiz-asistani","status":"publish","type":"product","link":"https:\/\/prompt-place.com\/tr\/urun\/yapay-zeka-sosyal-medya-duyarlilik-ve-tema-analiz-asistani\/","title":{"rendered":"Yapay Zeka Sosyal Medya Duyarl\u0131l\u0131k ve Tema Analiz Asistan\u0131"},"content":{"rendered":"<p>Bu istem, yapay zeka modellerinin sosyal medya tart\u0131\u015fmalar\u0131n\u0131 analiz etmesini, duyarl\u0131l\u0131\u011f\u0131 de\u011ferlendirmesini ve temel konu\u015fma temalar\u0131n\u0131 \u00e7\u0131karmas\u0131n\u0131 sa\u011flar. Markalar\u0131n ve analistlerin kamu alg\u0131s\u0131n\u0131 anlamalar\u0131na, ortaya \u00e7\u0131kan anlat\u0131lar\u0131 belirlemelerine ve bilin\u00e7li ileti\u015fim veya \u00fcr\u00fcn eylemleri ger\u00e7ekle\u015ftirmelerine yard\u0131mc\u0131 olur. <\/p>\n","protected":false},"excerpt":{"rendered":"<p>Bu istem, yapay zeka modellerinin sosyal medya tart\u0131\u015fmalar\u0131n\u0131 analiz etmesini, duyarl\u0131l\u0131\u011f\u0131 de\u011ferlendirmesini ve temel konu\u015fma temalar\u0131n\u0131 \u00e7\u0131karmas\u0131n\u0131 sa\u011flar. Markalar\u0131n ve analistlerin kamu alg\u0131s\u0131n\u0131 anlamalar\u0131na, ortaya \u00e7\u0131kan anlat\u0131lar\u0131 belirlemelerine ve bilin\u00e7li ileti\u015fim veya \u00fcr\u00fcn eylemleri ger\u00e7ekle\u015ftirmelerine yard\u0131mc\u0131 olur.<\/p>\n","protected":false},"featured_media":21520,"comment_status":"open","ping_status":"closed","template":"","meta":[],"product_brand":[],"product_cat":[756,347],"product_tag":[2808,2812,2813,2809,2811,2810,1617],"class_list":{"0":"post-24093","1":"product","2":"type-product","3":"status-publish","4":"has-post-thumbnail","6":"product_cat-chatgpt-istemleri","7":"product_cat-modeller","8":"product_tag-duygu-analizi","9":"product_tag-marka-izleme","10":"product_tag-nlp","11":"product_tag-sosyal-dinleme","12":"product_tag-sosyal-medya","13":"product_tag-tema-cikarma","14":"product_tag-uretime-hazir","16":"first","17":"instock","18":"downloadable","19":"virtual","20":"product-type-simple"},"_links":{"self":[{"href":"https:\/\/prompt-place.com\/tr\/wp-json\/wp\/v2\/product\/24093","targetHints":{"allow":["GET"]}}],"collection":[{"href":"https:\/\/prompt-place.com\/tr\/wp-json\/wp\/v2\/product"}],"about":[{"href":"https:\/\/prompt-place.com\/tr\/wp-json\/wp\/v2\/types\/product"}],"replies":[{"embeddable":true,"href":"https:\/\/prompt-place.com\/tr\/wp-json\/wp\/v2\/comments?post=24093"}],"wp:featuredmedia":[{"embeddable":true,"href":"https:\/\/prompt-place.com\/tr\/wp-json\/wp\/v2\/media\/21520"}],"wp:attachment":[{"href":"https:\/\/prompt-place.com\/tr\/wp-json\/wp\/v2\/media?parent=24093"}],"wp:term":[{"taxonomy":"product_brand","embeddable":true,"href":"https:\/\/prompt-place.com\/tr\/wp-json\/wp\/v2\/product_brand?post=24093"},{"taxonomy":"product_cat","embeddable":true,"href":"https:\/\/prompt-place.com\/tr\/wp-json\/wp\/v2\/product_cat?post=24093"},{"taxonomy":"product_tag","embeddable":true,"href":"https:\/\/prompt-place.com\/tr\/wp-json\/wp\/v2\/product_tag?post=24093"}],"curies":[{"name":"wp","href":"https:\/\/api.w.org\/{rel}","templated":true}]}}