{"id":24090,"date":"2026-01-06T09:42:16","date_gmt":"2026-01-06T09:42:16","guid":{"rendered":"http:\/\/prompt-place.com\/product\/yapay-zeka-urun-geri-bildirim-analizi-ve-ozellik-onceliklendirme-asistani\/"},"modified":"2026-01-06T09:42:16","modified_gmt":"2026-01-06T09:42:16","slug":"yapay-zeka-urun-geri-bildirim-analizi-ve-ozellik-onceliklendirme-asistani","status":"publish","type":"product","link":"https:\/\/prompt-place.com\/tr\/urun\/yapay-zeka-urun-geri-bildirim-analizi-ve-ozellik-onceliklendirme-asistani\/","title":{"rendered":"Yapay Zeka \u00dcr\u00fcn Geri Bildirim Analizi ve \u00d6zellik \u00d6nceliklendirme Asistan\u0131"},"content":{"rendered":"<p>Bu istem, yapay zeka modellerinin ham \u00fcr\u00fcn geri bildirimlerini ve kullan\u0131c\u0131 incelemelerini analiz etmesini, anlaml\u0131 kal\u0131plar\u0131 belirlemesini ve bunlar\u0131 net, \u00f6ncelikli \u00f6zellik geli\u015ftirme eylemlerine d\u00f6n\u00fc\u015ft\u00fcrmesini sa\u011flar. \u00dcr\u00fcn ekiplerinin nitel geri bildirimleri yol haritas\u0131na haz\u0131r kararlara d\u00f6n\u00fc\u015ft\u00fcrmesine yard\u0131mc\u0131 olur. <\/p>\n","protected":false},"excerpt":{"rendered":"<p>Bu istem, yapay zeka modellerinin ham \u00fcr\u00fcn geri bildirimlerini ve kullan\u0131c\u0131 incelemelerini analiz etmesini, anlaml\u0131 kal\u0131plar\u0131 belirlemesini ve bunlar\u0131 net, \u00f6ncelikli \u00f6zellik geli\u015ftirme eylemlerine d\u00f6n\u00fc\u015ft\u00fcrmesini sa\u011flar. \u00dcr\u00fcn ekiplerinin nitel geri bildirimleri yol haritas\u0131na haz\u0131r kararlara d\u00f6n\u00fc\u015ft\u00fcrmesine yard\u0131mc\u0131 olur.<\/p>\n","protected":false},"featured_media":21520,"comment_status":"open","ping_status":"closed","template":"","meta":[],"product_brand":[],"product_cat":[756,347],"product_tag":[2305,2803,2651,1617,2802,2620,1720],"class_list":{"0":"post-24090","1":"product","2":"type-product","3":"status-publish","4":"has-post-thumbnail","6":"product_cat-chatgpt-istemleri","7":"product_cat-modeller","8":"product_tag-kullanici-arastirma","9":"product_tag-ozellik-onceliklendirme","10":"product_tag-saas","11":"product_tag-uretime-hazir","12":"product_tag-urun-geri-bildirim","13":"product_tag-urun-yonetimi","14":"product_tag-yol-haritasi-planlama","16":"first","17":"instock","18":"downloadable","19":"virtual","20":"product-type-simple"},"_links":{"self":[{"href":"https:\/\/prompt-place.com\/tr\/wp-json\/wp\/v2\/product\/24090","targetHints":{"allow":["GET"]}}],"collection":[{"href":"https:\/\/prompt-place.com\/tr\/wp-json\/wp\/v2\/product"}],"about":[{"href":"https:\/\/prompt-place.com\/tr\/wp-json\/wp\/v2\/types\/product"}],"replies":[{"embeddable":true,"href":"https:\/\/prompt-place.com\/tr\/wp-json\/wp\/v2\/comments?post=24090"}],"wp:featuredmedia":[{"embeddable":true,"href":"https:\/\/prompt-place.com\/tr\/wp-json\/wp\/v2\/media\/21520"}],"wp:attachment":[{"href":"https:\/\/prompt-place.com\/tr\/wp-json\/wp\/v2\/media?parent=24090"}],"wp:term":[{"taxonomy":"product_brand","embeddable":true,"href":"https:\/\/prompt-place.com\/tr\/wp-json\/wp\/v2\/product_brand?post=24090"},{"taxonomy":"product_cat","embeddable":true,"href":"https:\/\/prompt-place.com\/tr\/wp-json\/wp\/v2\/product_cat?post=24090"},{"taxonomy":"product_tag","embeddable":true,"href":"https:\/\/prompt-place.com\/tr\/wp-json\/wp\/v2\/product_tag?post=24090"}],"curies":[{"name":"wp","href":"https:\/\/api.w.org\/{rel}","templated":true}]}}