{"id":24085,"date":"2026-01-06T09:42:16","date_gmt":"2026-01-06T09:42:16","guid":{"rendered":"http:\/\/prompt-place.com\/product\/ai-coklu-is-birimi-gelir-trend-analizi-asistani\/"},"modified":"2026-01-06T09:42:16","modified_gmt":"2026-01-06T09:42:16","slug":"ai-coklu-is-birimi-gelir-trend-analizi-asistani","status":"publish","type":"product","link":"https:\/\/prompt-place.com\/tr\/urun\/ai-coklu-is-birimi-gelir-trend-analizi-asistani\/","title":{"rendered":"AI \u00c7oklu \u0130\u015f Birimi Gelir Trend Analizi Asistan\u0131"},"content":{"rendered":"<p>Bu istem, yapay zeka modellerinin birden fazla i\u015f birimi veya b\u00f6l\u00fcmdeki gelir e\u011filimlerini analiz etmesini ve kar\u015f\u0131la\u015ft\u0131rmas\u0131n\u0131 sa\u011flar. Y\u00f6neticilerin ve finans ekiplerinin b\u00fcy\u00fcme fakt\u00f6rlerini, d\u00fc\u015f\u00fck performans g\u00f6steren alanlar\u0131 ve kaynak tahsisi i\u00e7in stratejik f\u0131rsatlar\u0131 belirlemelerine yard\u0131mc\u0131 olur. <\/p>\n","protected":false},"excerpt":{"rendered":"<p>Bu istem, yapay zeka modellerinin birden fazla i\u015f birimi veya b\u00f6l\u00fcmdeki gelir e\u011filimlerini analiz etmesini ve kar\u015f\u0131la\u015ft\u0131rmas\u0131n\u0131 sa\u011flar. Y\u00f6neticilerin ve finans ekiplerinin b\u00fcy\u00fcme fakt\u00f6rlerini, d\u00fc\u015f\u00fck performans g\u00f6steren alanlar\u0131 ve kaynak tahsisi i\u00e7in stratejik f\u0131rsatlar\u0131 belirlemelerine yard\u0131mc\u0131 olur.<\/p>\n","protected":false},"featured_media":21520,"comment_status":"open","ping_status":"closed","template":"","meta":[],"product_brand":[],"product_cat":[756,347],"product_tag":[2290,2784,2781,2782,2113,1643,1617],"class_list":{"0":"post-24085","1":"product","2":"type-product","3":"status-publish","4":"has-post-thumbnail","6":"product_cat-chatgpt-istemleri","7":"product_cat-modeller","8":"product_tag-finans","9":"product_tag-finansal-egilimler","10":"product_tag-gelir-analizi","11":"product_tag-is-birimleri","12":"product_tag-is-istihbarati","13":"product_tag-strateji","14":"product_tag-uretime-hazir","16":"first","17":"instock","18":"downloadable","19":"virtual","20":"product-type-simple"},"_links":{"self":[{"href":"https:\/\/prompt-place.com\/tr\/wp-json\/wp\/v2\/product\/24085","targetHints":{"allow":["GET"]}}],"collection":[{"href":"https:\/\/prompt-place.com\/tr\/wp-json\/wp\/v2\/product"}],"about":[{"href":"https:\/\/prompt-place.com\/tr\/wp-json\/wp\/v2\/types\/product"}],"replies":[{"embeddable":true,"href":"https:\/\/prompt-place.com\/tr\/wp-json\/wp\/v2\/comments?post=24085"}],"wp:featuredmedia":[{"embeddable":true,"href":"https:\/\/prompt-place.com\/tr\/wp-json\/wp\/v2\/media\/21520"}],"wp:attachment":[{"href":"https:\/\/prompt-place.com\/tr\/wp-json\/wp\/v2\/media?parent=24085"}],"wp:term":[{"taxonomy":"product_brand","embeddable":true,"href":"https:\/\/prompt-place.com\/tr\/wp-json\/wp\/v2\/product_brand?post=24085"},{"taxonomy":"product_cat","embeddable":true,"href":"https:\/\/prompt-place.com\/tr\/wp-json\/wp\/v2\/product_cat?post=24085"},{"taxonomy":"product_tag","embeddable":true,"href":"https:\/\/prompt-place.com\/tr\/wp-json\/wp\/v2\/product_tag?post=24085"}],"curies":[{"name":"wp","href":"https:\/\/api.w.org\/{rel}","templated":true}]}}