{"id":24083,"date":"2026-01-06T09:42:38","date_gmt":"2026-01-06T09:42:38","guid":{"rendered":"http:\/\/prompt-place.com\/product\/bir-makine-ogrenimi-ardisik-duzeninin-saglamligini-degerlendirme-deepseek\/"},"modified":"2026-01-06T09:42:38","modified_gmt":"2026-01-06T09:42:38","slug":"bir-makine-ogrenimi-ardisik-duzeninin-saglamligini-degerlendirme-deepseek","status":"publish","type":"product","link":"https:\/\/prompt-place.com\/tr\/urun\/bir-makine-ogrenimi-ardisik-duzeninin-saglamligini-degerlendirme-deepseek\/","title":{"rendered":"Bir Makine \u00d6\u011frenimi Ard\u0131\u015f\u0131k D\u00fczeninin Sa\u011flaml\u0131\u011f\u0131n\u0131 De\u011ferlendirme (DeepSeek)"},"content":{"rendered":"<p>Veri al\u0131m\u0131 ve e\u011fitimden da\u011f\u0131t\u0131m ve izlemeye kadar bir makine \u00f6\u011frenimi i\u015flem hatt\u0131n\u0131n u\u00e7tan uca sa\u011flaml\u0131\u011f\u0131n\u0131 de\u011ferlendirmek i\u00e7in bir DeepSeek istemi. \u00d6nceliklendirilmi\u015f, \u00fcretime haz\u0131r iyile\u015ftirmelerle g\u00fcvenilirlik, tekrarlanabilirlik, sapma esnekli\u011fi ve MLOps en iyi uygulamalar\u0131na odaklan\u0131r. <\/p>\n","protected":false},"excerpt":{"rendered":"<p>Veri al\u0131m\u0131 ve e\u011fitimden da\u011f\u0131t\u0131m ve izlemeye kadar bir makine \u00f6\u011frenimi i\u015flem hatt\u0131n\u0131n u\u00e7tan uca sa\u011flaml\u0131\u011f\u0131n\u0131 de\u011ferlendirmek i\u00e7in bir DeepSeek istemi. \u00d6nceliklendirilmi\u015f, \u00fcretime haz\u0131r iyile\u015ftirmelerle g\u00fcvenilirlik, tekrarlanabilirlik, sapma esnekli\u011fi ve MLOps en iyi uygulamalar\u0131na odaklan\u0131r.<\/p>\n","protected":false},"featured_media":21602,"comment_status":"open","ping_status":"closed","template":"","meta":[],"product_brand":[],"product_cat":[695,347],"product_tag":[1621,2771,2772,2773,2775,2774,1617,2361],"class_list":{"0":"post-24083","1":"product","2":"type-product","3":"status-publish","4":"has-post-thumbnail","6":"product_cat-deepseek-istemleri","7":"product_cat-modeller","8":"product_tag-deepseek","9":"product_tag-makine-ogrenimi","10":"product_tag-ml-pipeline","11":"product_tag-mlops","12":"product_tag-model-izleme","13":"product_tag-saglamlik","14":"product_tag-uretime-hazir","15":"product_tag-veri-kalitesi","17":"first","18":"instock","19":"downloadable","20":"virtual","21":"product-type-simple"},"_links":{"self":[{"href":"https:\/\/prompt-place.com\/tr\/wp-json\/wp\/v2\/product\/24083","targetHints":{"allow":["GET"]}}],"collection":[{"href":"https:\/\/prompt-place.com\/tr\/wp-json\/wp\/v2\/product"}],"about":[{"href":"https:\/\/prompt-place.com\/tr\/wp-json\/wp\/v2\/types\/product"}],"replies":[{"embeddable":true,"href":"https:\/\/prompt-place.com\/tr\/wp-json\/wp\/v2\/comments?post=24083"}],"wp:featuredmedia":[{"embeddable":true,"href":"https:\/\/prompt-place.com\/tr\/wp-json\/wp\/v2\/media\/21602"}],"wp:attachment":[{"href":"https:\/\/prompt-place.com\/tr\/wp-json\/wp\/v2\/media?parent=24083"}],"wp:term":[{"taxonomy":"product_brand","embeddable":true,"href":"https:\/\/prompt-place.com\/tr\/wp-json\/wp\/v2\/product_brand?post=24083"},{"taxonomy":"product_cat","embeddable":true,"href":"https:\/\/prompt-place.com\/tr\/wp-json\/wp\/v2\/product_cat?post=24083"},{"taxonomy":"product_tag","embeddable":true,"href":"https:\/\/prompt-place.com\/tr\/wp-json\/wp\/v2\/product_tag?post=24083"}],"curies":[{"name":"wp","href":"https:\/\/api.w.org\/{rel}","templated":true}]}}