{"id":24074,"date":"2026-01-06T09:42:30","date_gmt":"2026-01-06T09:42:30","guid":{"rendered":"http:\/\/prompt-place.com\/product\/modern-bir-evde-gezinen-gelismis-robot-asistan\/"},"modified":"2026-01-06T09:42:30","modified_gmt":"2026-01-06T09:42:30","slug":"modern-bir-evde-gezinen-gelismis-robot-asistan","status":"publish","type":"product","link":"https:\/\/prompt-place.com\/tr\/urun\/modern-bir-evde-gezinen-gelismis-robot-asistan\/","title":{"rendered":"Modern Bir Evde Gezinen Geli\u015fmi\u015f Robot Asistan"},"content":{"rendered":"<p>Bu komut istemi, modern bir ak\u0131ll\u0131 evde \u00e7al\u0131\u015fan geli\u015fmi\u015f bir robot asistan\u0131n ger\u00e7ek\u00e7i ve iyimser bir g\u00f6rselle\u015ftirmesini olu\u015fturur. \u00dcr\u00fcn pazarlama ve hikaye anlat\u0131m\u0131nda t\u00fcketici yapay zekas\u0131, ev robotlar\u0131, ak\u0131ll\u0131 ya\u015fam ve gelece\u011fin ya\u015fam tarz\u0131 konseptlerini g\u00f6stermek i\u00e7in idealdir. <\/p>\n","protected":false},"excerpt":{"rendered":"<p>Bu komut istemi, modern bir ak\u0131ll\u0131 evde \u00e7al\u0131\u015fan geli\u015fmi\u015f bir robot asistan\u0131n ger\u00e7ek\u00e7i ve iyimser bir g\u00f6rselle\u015ftirmesini olu\u015fturur. \u00dcr\u00fcn pazarlama ve hikaye anlat\u0131m\u0131nda t\u00fcketici yapay zekas\u0131, ev robotlar\u0131, ak\u0131ll\u0131 ya\u015fam ve gelece\u011fin ya\u015fam tarz\u0131 konseptlerini g\u00f6stermek i\u00e7in idealdir.<\/p>\n","protected":false},"featured_media":21561,"comment_status":"open","ping_status":"closed","template":"","meta":[],"product_brand":[],"product_cat":[746,347],"product_tag":[2735,1954,2737,2741,2733,1955,2739,1617],"class_list":{"0":"post-24074","1":"product","2":"type-product","3":"status-publish","4":"has-post-thumbnail","6":"product_cat-dall-e-ipucu","7":"product_cat-modeller","8":"product_tag-akilli-ev","9":"product_tag-dalle","10":"product_tag-ev-ai","11":"product_tag-gelecek-yasam","12":"product_tag-robot-asistan","13":"product_tag-sinematik","14":"product_tag-tuketici-robotikleri","15":"product_tag-uretime-hazir","17":"first","18":"instock","19":"downloadable","20":"virtual","21":"product-type-simple"},"_links":{"self":[{"href":"https:\/\/prompt-place.com\/tr\/wp-json\/wp\/v2\/product\/24074","targetHints":{"allow":["GET"]}}],"collection":[{"href":"https:\/\/prompt-place.com\/tr\/wp-json\/wp\/v2\/product"}],"about":[{"href":"https:\/\/prompt-place.com\/tr\/wp-json\/wp\/v2\/types\/product"}],"replies":[{"embeddable":true,"href":"https:\/\/prompt-place.com\/tr\/wp-json\/wp\/v2\/comments?post=24074"}],"wp:featuredmedia":[{"embeddable":true,"href":"https:\/\/prompt-place.com\/tr\/wp-json\/wp\/v2\/media\/21561"}],"wp:attachment":[{"href":"https:\/\/prompt-place.com\/tr\/wp-json\/wp\/v2\/media?parent=24074"}],"wp:term":[{"taxonomy":"product_brand","embeddable":true,"href":"https:\/\/prompt-place.com\/tr\/wp-json\/wp\/v2\/product_brand?post=24074"},{"taxonomy":"product_cat","embeddable":true,"href":"https:\/\/prompt-place.com\/tr\/wp-json\/wp\/v2\/product_cat?post=24074"},{"taxonomy":"product_tag","embeddable":true,"href":"https:\/\/prompt-place.com\/tr\/wp-json\/wp\/v2\/product_tag?post=24074"}],"curies":[{"name":"wp","href":"https:\/\/api.w.org\/{rel}","templated":true}]}}