{"id":24069,"date":"2026-01-06T09:42:17","date_gmt":"2026-01-06T09:42:17","guid":{"rendered":"http:\/\/prompt-place.com\/product\/benchmark-oranlari-kullanilarak-yapay-zeka-finansal-performans-degerlendirmesi\/"},"modified":"2026-01-06T09:42:17","modified_gmt":"2026-01-06T09:42:17","slug":"benchmark-oranlari-kullanilarak-yapay-zeka-finansal-performans-degerlendirmesi","status":"publish","type":"product","link":"https:\/\/prompt-place.com\/tr\/urun\/benchmark-oranlari-kullanilarak-yapay-zeka-finansal-performans-degerlendirmesi\/","title":{"rendered":"Benchmark Oranlar\u0131 Kullan\u0131larak Yapay Zeka Finansal Performans De\u011ferlendirmesi"},"content":{"rendered":"<p>Bu komut istemi, yapay zeka modellerinin temel oranlar\u0131 hesaplayarak ve bunlar\u0131 sekt\u00f6r kar\u015f\u0131la\u015ft\u0131rmalar\u0131yla kar\u015f\u0131la\u015ft\u0131rarak bir \u015firketin finansal performans\u0131n\u0131 de\u011ferlendirmesini sa\u011flar. Y\u00f6neticilerin, yat\u0131r\u0131mc\u0131lar\u0131n ve analistlerin finansal sa\u011fl\u0131\u011f\u0131 h\u0131zla de\u011ferlendirmelerine, g\u00fc\u00e7l\u00fc ve zay\u0131f y\u00f6nleri belirlemelerine ve stratejik karar alma s\u00fcre\u00e7lerini desteklemelerine yard\u0131mc\u0131 olur. <\/p>\n","protected":false},"excerpt":{"rendered":"<p>Bu komut istemi, yapay zeka modellerinin temel oranlar\u0131 hesaplayarak ve bunlar\u0131 sekt\u00f6r kar\u015f\u0131la\u015ft\u0131rmalar\u0131yla kar\u015f\u0131la\u015ft\u0131rarak bir \u015firketin finansal performans\u0131n\u0131 de\u011ferlendirmesini sa\u011flar. Y\u00f6neticilerin, yat\u0131r\u0131mc\u0131lar\u0131n ve analistlerin finansal sa\u011fl\u0131\u011f\u0131 h\u0131zla de\u011ferlendirmelerine, g\u00fc\u00e7l\u00fc ve zay\u0131f y\u00f6nleri belirlemelerine ve stratejik karar alma s\u00fcre\u00e7lerini desteklemelerine yard\u0131mc\u0131 olur.<\/p>\n","protected":false},"featured_media":21520,"comment_status":"open","ping_status":"closed","template":"","meta":[],"product_brand":[],"product_cat":[756,347],"product_tag":[2289,2113,2715,2714,2716,1617,2713],"class_list":{"0":"post-24069","1":"product","2":"type-product","3":"status-publish","4":"has-post-thumbnail","6":"product_cat-chatgpt-istemleri","7":"product_cat-modeller","8":"product_tag-finansal-analiz","9":"product_tag-is-istihbarati","10":"product_tag-kiyaslama-oranlari","11":"product_tag-kurumsal-finans","12":"product_tag-performans-degerlendirme","13":"product_tag-uretime-hazir","14":"product_tag-yatirimcilar","16":"first","17":"instock","18":"downloadable","19":"virtual","20":"product-type-simple"},"_links":{"self":[{"href":"https:\/\/prompt-place.com\/tr\/wp-json\/wp\/v2\/product\/24069","targetHints":{"allow":["GET"]}}],"collection":[{"href":"https:\/\/prompt-place.com\/tr\/wp-json\/wp\/v2\/product"}],"about":[{"href":"https:\/\/prompt-place.com\/tr\/wp-json\/wp\/v2\/types\/product"}],"replies":[{"embeddable":true,"href":"https:\/\/prompt-place.com\/tr\/wp-json\/wp\/v2\/comments?post=24069"}],"wp:featuredmedia":[{"embeddable":true,"href":"https:\/\/prompt-place.com\/tr\/wp-json\/wp\/v2\/media\/21520"}],"wp:attachment":[{"href":"https:\/\/prompt-place.com\/tr\/wp-json\/wp\/v2\/media?parent=24069"}],"wp:term":[{"taxonomy":"product_brand","embeddable":true,"href":"https:\/\/prompt-place.com\/tr\/wp-json\/wp\/v2\/product_brand?post=24069"},{"taxonomy":"product_cat","embeddable":true,"href":"https:\/\/prompt-place.com\/tr\/wp-json\/wp\/v2\/product_cat?post=24069"},{"taxonomy":"product_tag","embeddable":true,"href":"https:\/\/prompt-place.com\/tr\/wp-json\/wp\/v2\/product_tag?post=24069"}],"curies":[{"name":"wp","href":"https:\/\/api.w.org\/{rel}","templated":true}]}}