{"id":24068,"date":"2026-01-06T09:42:16","date_gmt":"2026-01-06T09:42:16","guid":{"rendered":"http:\/\/prompt-place.com\/product\/ai-web-sitesi-donusum-hunisi-denetimi-ve-optimizasyon-danismani\/"},"modified":"2026-01-06T09:42:16","modified_gmt":"2026-01-06T09:42:16","slug":"ai-web-sitesi-donusum-hunisi-denetimi-ve-optimizasyon-danismani","status":"publish","type":"product","link":"https:\/\/prompt-place.com\/tr\/urun\/ai-web-sitesi-donusum-hunisi-denetimi-ve-optimizasyon-danismani\/","title":{"rendered":"AI Web Sitesi D\u00f6n\u00fc\u015f\u00fcm Hunisi Denetimi ve Optimizasyon Dan\u0131\u015fman\u0131"},"content":{"rendered":"<p>Bu istem, yapay zeka modellerinin bir web sitesinin d\u00f6n\u00fc\u015f\u00fcm hunisini denetlemesini, d\u00fc\u015f\u00fc\u015f noktalar\u0131n\u0131 belirlemesini ve \u00f6ncelikli optimizasyon \u00f6nerileri olu\u015fturmas\u0131n\u0131 sa\u011flar. B\u00fcy\u00fcme ekiplerinin eyleme ge\u00e7irilebilir i\u00e7g\u00f6r\u00fcler, test fikirleri ve net uygulama yol haritalar\u0131 arac\u0131l\u0131\u011f\u0131yla d\u00f6n\u00fc\u015f\u00fcm oranlar\u0131n\u0131 iyile\u015ftirmelerine yard\u0131mc\u0131 olur. <\/p>\n","protected":false},"excerpt":{"rendered":"<p>Bu istem, yapay zeka modellerinin bir web sitesinin d\u00f6n\u00fc\u015f\u00fcm hunisini denetlemesini, d\u00fc\u015f\u00fc\u015f noktalar\u0131n\u0131 belirlemesini ve \u00f6ncelikli optimizasyon \u00f6nerileri olu\u015fturmas\u0131n\u0131 sa\u011flar. B\u00fcy\u00fcme ekiplerinin eyleme ge\u00e7irilebilir i\u00e7g\u00f6r\u00fcler, test fikirleri ve net uygulama yol haritalar\u0131 arac\u0131l\u0131\u011f\u0131yla d\u00f6n\u00fc\u015f\u00fcm oranlar\u0131n\u0131 iyile\u015ftirmelerine yard\u0131mc\u0131 olur.<\/p>\n","protected":false},"featured_media":21520,"comment_status":"open","ping_status":"closed","template":"","meta":[],"product_brand":[],"product_cat":[756,347],"product_tag":[2394,2710,2709,2576,1617,2712,2711],"class_list":{"0":"post-24068","1":"product","2":"type-product","3":"status-publish","4":"has-post-thumbnail","6":"product_cat-chatgpt-istemleri","7":"product_cat-modeller","8":"product_tag-buyume-pazarlama","9":"product_tag-cro","10":"product_tag-donusum-optimizasyonu","11":"product_tag-huni-analizi","12":"product_tag-uretime-hazir","13":"product_tag-ux-ui","14":"product_tag-web-sitesi-analizi","16":"first","17":"instock","18":"downloadable","19":"virtual","20":"product-type-simple"},"_links":{"self":[{"href":"https:\/\/prompt-place.com\/tr\/wp-json\/wp\/v2\/product\/24068","targetHints":{"allow":["GET"]}}],"collection":[{"href":"https:\/\/prompt-place.com\/tr\/wp-json\/wp\/v2\/product"}],"about":[{"href":"https:\/\/prompt-place.com\/tr\/wp-json\/wp\/v2\/types\/product"}],"replies":[{"embeddable":true,"href":"https:\/\/prompt-place.com\/tr\/wp-json\/wp\/v2\/comments?post=24068"}],"wp:featuredmedia":[{"embeddable":true,"href":"https:\/\/prompt-place.com\/tr\/wp-json\/wp\/v2\/media\/21520"}],"wp:attachment":[{"href":"https:\/\/prompt-place.com\/tr\/wp-json\/wp\/v2\/media?parent=24068"}],"wp:term":[{"taxonomy":"product_brand","embeddable":true,"href":"https:\/\/prompt-place.com\/tr\/wp-json\/wp\/v2\/product_brand?post=24068"},{"taxonomy":"product_cat","embeddable":true,"href":"https:\/\/prompt-place.com\/tr\/wp-json\/wp\/v2\/product_cat?post=24068"},{"taxonomy":"product_tag","embeddable":true,"href":"https:\/\/prompt-place.com\/tr\/wp-json\/wp\/v2\/product_tag?post=24068"}],"curies":[{"name":"wp","href":"https:\/\/api.w.org\/{rel}","templated":true}]}}