{"id":24064,"date":"2026-01-06T09:42:16","date_gmt":"2026-01-06T09:42:16","guid":{"rendered":"http:\/\/prompt-place.com\/product\/gecmis-ve-dis-verileri-kullanan-yapay-zeka-satis-tahmin-asistani\/"},"modified":"2026-01-06T09:42:16","modified_gmt":"2026-01-06T09:42:16","slug":"gecmis-ve-dis-verileri-kullanan-yapay-zeka-satis-tahmin-asistani","status":"publish","type":"product","link":"https:\/\/prompt-place.com\/tr\/urun\/gecmis-ve-dis-verileri-kullanan-yapay-zeka-satis-tahmin-asistani\/","title":{"rendered":"Ge\u00e7mi\u015f ve D\u0131\u015f Verileri Kullanan Yapay Zeka Sat\u0131\u015f Tahmin Asistan\u0131"},"content":{"rendered":"<p>Bu istem, yapay zeka modellerinin ge\u00e7mi\u015f performans\u0131 analiz ederek ve mevsimsellik, pazarlama faaliyetleri ve pazar e\u011filimleri gibi d\u0131\u015f de\u011fi\u015fkenleri dahil ederek gelecekteki sat\u0131\u015flar\u0131 tahmin etmesini sa\u011flar. Sat\u0131\u015f ve finans ekiplerinin a\u00e7\u0131klanabilir tahminler kullanarak bilin\u00e7li planlama ve b\u00fct\u00e7eleme kararlar\u0131 almas\u0131na yard\u0131mc\u0131 olur. <\/p>\n","protected":false},"excerpt":{"rendered":"<p>Bu istem, yapay zeka modellerinin ge\u00e7mi\u015f performans\u0131 analiz ederek ve mevsimsellik, pazarlama faaliyetleri ve pazar e\u011filimleri gibi d\u0131\u015f de\u011fi\u015fkenleri dahil ederek gelecekteki sat\u0131\u015flar\u0131 tahmin etmesini sa\u011flar. Sat\u0131\u015f ve finans ekiplerinin a\u00e7\u0131klanabilir tahminler kullanarak bilin\u00e7li planlama ve b\u00fct\u00e7eleme kararlar\u0131 almas\u0131na yard\u0131mc\u0131 olur.<\/p>\n","protected":false},"featured_media":21520,"comment_status":"open","ping_status":"closed","template":"","meta":[],"product_brand":[],"product_cat":[756,347],"product_tag":[2702,2113,2082,2701,1617,1783,1668],"class_list":{"0":"post-24064","1":"product","2":"type-product","3":"status-publish","4":"has-post-thumbnail","6":"product_cat-chatgpt-istemleri","7":"product_cat-modeller","8":"product_tag-gelir-planlamasi","9":"product_tag-is-istihbarati","10":"product_tag-predictive-analytics","11":"product_tag-satis-tahmini","12":"product_tag-uretime-hazir","13":"product_tag-veri-analizi","14":"product_tag-zaman-serileri","16":"first","17":"instock","18":"downloadable","19":"virtual","20":"product-type-simple"},"_links":{"self":[{"href":"https:\/\/prompt-place.com\/tr\/wp-json\/wp\/v2\/product\/24064","targetHints":{"allow":["GET"]}}],"collection":[{"href":"https:\/\/prompt-place.com\/tr\/wp-json\/wp\/v2\/product"}],"about":[{"href":"https:\/\/prompt-place.com\/tr\/wp-json\/wp\/v2\/types\/product"}],"replies":[{"embeddable":true,"href":"https:\/\/prompt-place.com\/tr\/wp-json\/wp\/v2\/comments?post=24064"}],"wp:featuredmedia":[{"embeddable":true,"href":"https:\/\/prompt-place.com\/tr\/wp-json\/wp\/v2\/media\/21520"}],"wp:attachment":[{"href":"https:\/\/prompt-place.com\/tr\/wp-json\/wp\/v2\/media?parent=24064"}],"wp:term":[{"taxonomy":"product_brand","embeddable":true,"href":"https:\/\/prompt-place.com\/tr\/wp-json\/wp\/v2\/product_brand?post=24064"},{"taxonomy":"product_cat","embeddable":true,"href":"https:\/\/prompt-place.com\/tr\/wp-json\/wp\/v2\/product_cat?post=24064"},{"taxonomy":"product_tag","embeddable":true,"href":"https:\/\/prompt-place.com\/tr\/wp-json\/wp\/v2\/product_tag?post=24064"}],"curies":[{"name":"wp","href":"https:\/\/api.w.org\/{rel}","templated":true}]}}