{"id":24061,"date":"2026-01-06T09:42:15","date_gmt":"2026-01-06T09:42:15","guid":{"rendered":"http:\/\/prompt-place.com\/product\/yapay-zeka-musteri-hizmetleri-oncelik-siniflandirma-botu\/"},"modified":"2026-03-05T08:15:04","modified_gmt":"2026-03-05T08:15:04","slug":"yapay-zeka-musteri-hizmetleri-oncelik-siniflandirma-botu","status":"publish","type":"product","link":"https:\/\/prompt-place.com\/tr\/urun\/yapay-zeka-musteri-hizmetleri-oncelik-siniflandirma-botu\/","title":{"rendered":"Yapay Zeka M\u00fc\u015fteri Hizmetleri \u00d6ncelik S\u0131n\u0131fland\u0131rma Botu"},"content":{"rendered":"<p>Bu istem, kullan\u0131c\u0131 taleplerini otomatik olarak analiz eden ve \u00f6nceliklendiren yapay zeka destekli bir m\u00fc\u015fteri hizmetleri botu olu\u015fturmaya yard\u0131mc\u0131 olur. D\u00fc\u015f\u00fck \u00f6ncelikli sorular\u0131 verimli bir \u015fekilde ele al\u0131rken acil sorunlar\u0131 ak\u0131ll\u0131ca y\u00f6nlendirerek yan\u0131t s\u00fcrelerini iyile\u015ftirmek isteyen destek ekipleri i\u00e7in tasarlanm\u0131\u015ft\u0131r. <\/p>\n","protected":false},"excerpt":{"rendered":"<p>Bu istem, kullan\u0131c\u0131 taleplerini otomatik olarak analiz eden ve \u00f6nceliklendiren yapay zeka destekli bir m\u00fc\u015fteri hizmetleri botu olu\u015fturmaya yard\u0131mc\u0131 olur. D\u00fc\u015f\u00fck \u00f6ncelikli sorular\u0131 verimli bir \u015fekilde ele al\u0131rken acil sorunlar\u0131 ak\u0131ll\u0131ca y\u00f6nlendirerek yan\u0131t s\u00fcrelerini iyile\u015ftirmek isteyen destek ekipleri i\u00e7in tasarlanm\u0131\u015ft\u0131r.<\/p>\n","protected":false},"featured_media":21520,"comment_status":"open","ping_status":"closed","template":"","meta":[],"product_brand":[],"product_cat":[756,347],"product_tag":[2690,2360,2689,1614,2691,1617,2692],"class_list":{"0":"post-24061","1":"product","2":"type-product","3":"status-publish","4":"has-post-thumbnail","6":"product_cat-chatgpt-istemleri","7":"product_cat-modeller","8":"product_tag-ai-siniflandirma","9":"product_tag-crm","10":"product_tag-musteri-destegi","11":"product_tag-otomasyon","12":"product_tag-priority-routing","13":"product_tag-uretime-hazir","14":"product_tag-yardim-masasi","16":"first","17":"instock","18":"downloadable","19":"virtual","20":"product-type-simple"},"_links":{"self":[{"href":"https:\/\/prompt-place.com\/tr\/wp-json\/wp\/v2\/product\/24061","targetHints":{"allow":["GET"]}}],"collection":[{"href":"https:\/\/prompt-place.com\/tr\/wp-json\/wp\/v2\/product"}],"about":[{"href":"https:\/\/prompt-place.com\/tr\/wp-json\/wp\/v2\/types\/product"}],"replies":[{"embeddable":true,"href":"https:\/\/prompt-place.com\/tr\/wp-json\/wp\/v2\/comments?post=24061"}],"wp:featuredmedia":[{"embeddable":true,"href":"https:\/\/prompt-place.com\/tr\/wp-json\/wp\/v2\/media\/21520"}],"wp:attachment":[{"href":"https:\/\/prompt-place.com\/tr\/wp-json\/wp\/v2\/media?parent=24061"}],"wp:term":[{"taxonomy":"product_brand","embeddable":true,"href":"https:\/\/prompt-place.com\/tr\/wp-json\/wp\/v2\/product_brand?post=24061"},{"taxonomy":"product_cat","embeddable":true,"href":"https:\/\/prompt-place.com\/tr\/wp-json\/wp\/v2\/product_cat?post=24061"},{"taxonomy":"product_tag","embeddable":true,"href":"https:\/\/prompt-place.com\/tr\/wp-json\/wp\/v2\/product_tag?post=24061"}],"curies":[{"name":"wp","href":"https:\/\/api.w.org\/{rel}","templated":true}]}}