{"id":24056,"date":"2026-01-06T09:42:15","date_gmt":"2026-01-06T09:42:15","guid":{"rendered":"http:\/\/prompt-place.com\/product\/yapay-zeka-is-fikri-dogrulama-asistani-pazar-ve-rekabet-analizi\/"},"modified":"2026-01-06T09:42:15","modified_gmt":"2026-01-06T09:42:15","slug":"yapay-zeka-is-fikri-dogrulama-asistani-pazar-ve-rekabet-analizi","status":"publish","type":"product","link":"https:\/\/prompt-place.com\/tr\/urun\/yapay-zeka-is-fikri-dogrulama-asistani-pazar-ve-rekabet-analizi\/","title":{"rendered":"Yapay Zeka \u0130\u015f Fikri Do\u011frulama Asistan\u0131 (Pazar ve Rekabet Analizi)"},"content":{"rendered":"<p>Bu bilgi istemi, pazar talebini ve rekabet ortam\u0131n\u0131 analiz ederek giri\u015fimcilerin i\u015f fikirlerini do\u011frulamalar\u0131na yard\u0131mc\u0131 olur. Yapay zeka modellerine, erken a\u015famada karar vermeyi destekleyen ve giri\u015fim riskini azaltan yap\u0131land\u0131r\u0131lm\u0131\u015f, veriye dayal\u0131 i\u00e7g\u00f6r\u00fcler \u00fcretmeleri i\u00e7in rehberlik eder. <\/p>\n","protected":false},"excerpt":{"rendered":"<p>Bu bilgi istemi, pazar talebini ve rekabet ortam\u0131n\u0131 analiz ederek giri\u015fimcilerin i\u015f fikirlerini do\u011frulamalar\u0131na yard\u0131mc\u0131 olur. Yapay zeka modellerine, erken a\u015famada karar vermeyi destekleyen ve giri\u015fim riskini azaltan yap\u0131land\u0131r\u0131lm\u0131\u015f, veriye dayal\u0131 i\u00e7g\u00f6r\u00fcler \u00fcretmeleri i\u00e7in rehberlik eder.<\/p>\n","protected":false},"featured_media":21520,"comment_status":"open","ping_status":"closed","template":"","meta":[],"product_brand":[],"product_cat":[756,347],"product_tag":[2670,2672,2671,2650,2376,2438,1643,1617],"class_list":{"0":"post-24056","1":"product","2":"type-product","3":"status-publish","4":"has-post-thumbnail","6":"product_cat-chatgpt-istemleri","7":"product_cat-modeller","8":"product_tag-baslangic","9":"product_tag-fikir-degerlendirme","10":"product_tag-is-validasyonu","11":"product_tag-kurucular","12":"product_tag-pazar-analizi","13":"product_tag-rekabet-analizi","14":"product_tag-strateji","15":"product_tag-uretime-hazir","17":"first","18":"instock","19":"downloadable","20":"virtual","21":"product-type-simple"},"_links":{"self":[{"href":"https:\/\/prompt-place.com\/tr\/wp-json\/wp\/v2\/product\/24056","targetHints":{"allow":["GET"]}}],"collection":[{"href":"https:\/\/prompt-place.com\/tr\/wp-json\/wp\/v2\/product"}],"about":[{"href":"https:\/\/prompt-place.com\/tr\/wp-json\/wp\/v2\/types\/product"}],"replies":[{"embeddable":true,"href":"https:\/\/prompt-place.com\/tr\/wp-json\/wp\/v2\/comments?post=24056"}],"wp:featuredmedia":[{"embeddable":true,"href":"https:\/\/prompt-place.com\/tr\/wp-json\/wp\/v2\/media\/21520"}],"wp:attachment":[{"href":"https:\/\/prompt-place.com\/tr\/wp-json\/wp\/v2\/media?parent=24056"}],"wp:term":[{"taxonomy":"product_brand","embeddable":true,"href":"https:\/\/prompt-place.com\/tr\/wp-json\/wp\/v2\/product_brand?post=24056"},{"taxonomy":"product_cat","embeddable":true,"href":"https:\/\/prompt-place.com\/tr\/wp-json\/wp\/v2\/product_cat?post=24056"},{"taxonomy":"product_tag","embeddable":true,"href":"https:\/\/prompt-place.com\/tr\/wp-json\/wp\/v2\/product_tag?post=24056"}],"curies":[{"name":"wp","href":"https:\/\/api.w.org\/{rel}","templated":true}]}}