{"id":24053,"date":"2026-01-06T09:42:15","date_gmt":"2026-01-06T09:42:15","guid":{"rendered":"http:\/\/prompt-place.com\/product\/yapay-zeka-musteri-kaybi-analizi-ve-elde-tutma-stratejisi-danismani\/"},"modified":"2026-01-06T09:42:15","modified_gmt":"2026-01-06T09:42:15","slug":"yapay-zeka-musteri-kaybi-analizi-ve-elde-tutma-stratejisi-danismani","status":"publish","type":"product","link":"https:\/\/prompt-place.com\/tr\/urun\/yapay-zeka-musteri-kaybi-analizi-ve-elde-tutma-stratejisi-danismani\/","title":{"rendered":"Yapay Zeka M\u00fc\u015fteri Kayb\u0131 Analizi ve Elde Tutma Stratejisi Dan\u0131\u015fman\u0131"},"content":{"rendered":"<p>Bu istem, yapay zeka modellerinin davran\u0131\u015fsal metrikleri kullanarak m\u00fc\u015fteri kayb\u0131n\u0131 analiz etmesini ve hedeflenen elde tutma stratejileri olu\u015fturmas\u0131n\u0131 sa\u011flar. SaaS ekiplerinin risk alt\u0131ndaki kullan\u0131c\u0131lar\u0131 erkenden belirlemelerine ve elde tutma ve ya\u015fam boyu de\u011feri iyile\u015ftirmek i\u00e7in veriye dayal\u0131 eylemler ger\u00e7ekle\u015ftirmelerine yard\u0131mc\u0131 olmak i\u00e7in tasarlanm\u0131\u015ft\u0131r. <\/p>\n","protected":false},"excerpt":{"rendered":"<p>Bu istem, yapay zeka modellerinin davran\u0131\u015fsal metrikleri kullanarak m\u00fc\u015fteri kayb\u0131n\u0131 analiz etmesini ve hedeflenen elde tutma stratejileri olu\u015fturmas\u0131n\u0131 sa\u011flar. SaaS ekiplerinin risk alt\u0131ndaki kullan\u0131c\u0131lar\u0131 erkenden belirlemelerine ve elde tutma ve ya\u015fam boyu de\u011feri iyile\u015ftirmek i\u00e7in veriye dayal\u0131 eylemler ger\u00e7ekle\u015ftirmelerine yard\u0131mc\u0131 olmak i\u00e7in tasarlanm\u0131\u015ft\u0131r.<\/p>\n","protected":false},"featured_media":21520,"comment_status":"open","ping_status":"closed","template":"","meta":[],"product_brand":[],"product_cat":[756,347],"product_tag":[1782,2659,2661,2658,2660,1617,2620],"class_list":{"0":"post-24053","1":"product","2":"type-product","3":"status-publish","4":"has-post-thumbnail","6":"product_cat-chatgpt-istemleri","7":"product_cat-modeller","8":"product_tag-davranissal-veri","9":"product_tag-elde-tutma-stratejisi","10":"product_tag-musteri-basarisi","11":"product_tag-musteri-kaybi","12":"product_tag-saas-analytics","13":"product_tag-uretime-hazir","14":"product_tag-urun-yonetimi","16":"first","17":"instock","18":"downloadable","19":"virtual","20":"product-type-simple"},"_links":{"self":[{"href":"https:\/\/prompt-place.com\/tr\/wp-json\/wp\/v2\/product\/24053","targetHints":{"allow":["GET"]}}],"collection":[{"href":"https:\/\/prompt-place.com\/tr\/wp-json\/wp\/v2\/product"}],"about":[{"href":"https:\/\/prompt-place.com\/tr\/wp-json\/wp\/v2\/types\/product"}],"replies":[{"embeddable":true,"href":"https:\/\/prompt-place.com\/tr\/wp-json\/wp\/v2\/comments?post=24053"}],"wp:featuredmedia":[{"embeddable":true,"href":"https:\/\/prompt-place.com\/tr\/wp-json\/wp\/v2\/media\/21520"}],"wp:attachment":[{"href":"https:\/\/prompt-place.com\/tr\/wp-json\/wp\/v2\/media?parent=24053"}],"wp:term":[{"taxonomy":"product_brand","embeddable":true,"href":"https:\/\/prompt-place.com\/tr\/wp-json\/wp\/v2\/product_brand?post=24053"},{"taxonomy":"product_cat","embeddable":true,"href":"https:\/\/prompt-place.com\/tr\/wp-json\/wp\/v2\/product_cat?post=24053"},{"taxonomy":"product_tag","embeddable":true,"href":"https:\/\/prompt-place.com\/tr\/wp-json\/wp\/v2\/product_tag?post=24053"}],"curies":[{"name":"wp","href":"https:\/\/api.w.org\/{rel}","templated":true}]}}