{"id":24050,"date":"2026-01-06T09:42:15","date_gmt":"2026-01-06T09:42:15","guid":{"rendered":"http:\/\/prompt-place.com\/product\/yapay-zeka-is-sureci-darbogaz-analizi-ve-otomasyon-danismani\/"},"modified":"2026-01-06T09:42:15","modified_gmt":"2026-01-06T09:42:15","slug":"yapay-zeka-is-sureci-darbogaz-analizi-ve-otomasyon-danismani","status":"publish","type":"product","link":"https:\/\/prompt-place.com\/tr\/urun\/yapay-zeka-is-sureci-darbogaz-analizi-ve-otomasyon-danismani\/","title":{"rendered":"Yapay Zeka \u0130\u015f S\u00fcreci Darbo\u011faz Analizi ve Otomasyon Dan\u0131\u015fman\u0131"},"content":{"rendered":"<p>Bu istem, yapay zeka modellerinin i\u015f s\u00fcre\u00e7lerini analiz etmesini, operasyonel darbo\u011fazlar\u0131 belirlemesini ve yapay zeka odakl\u0131 otomasyon f\u0131rsatlar\u0131 \u00f6nermesini sa\u011flar. Kurulu\u015flar\u0131n pratik otomasyon stratejileri arac\u0131l\u0131\u011f\u0131yla verimlili\u011fi, \u00f6l\u00e7eklenebilirli\u011fi ve karar alma s\u00fcre\u00e7lerini iyile\u015ftirmelerine yard\u0131mc\u0131 olmak i\u00e7in tasarlanm\u0131\u015ft\u0131r. <\/p>\n","protected":false},"excerpt":{"rendered":"<p>Bu istem, yapay zeka modellerinin i\u015f s\u00fcre\u00e7lerini analiz etmesini, operasyonel darbo\u011fazlar\u0131 belirlemesini ve yapay zeka odakl\u0131 otomasyon f\u0131rsatlar\u0131 \u00f6nermesini sa\u011flar. Kurulu\u015flar\u0131n pratik otomasyon stratejileri arac\u0131l\u0131\u011f\u0131yla verimlili\u011fi, \u00f6l\u00e7eklenebilirli\u011fi ve karar alma s\u00fcre\u00e7lerini iyile\u015ftirmelerine yard\u0131mc\u0131 olmak i\u00e7in tasarlanm\u0131\u015ft\u0131r.<\/p>\n","protected":false},"featured_media":21520,"comment_status":"open","ping_status":"closed","template":"","meta":[],"product_brand":[],"product_cat":[756,347],"product_tag":[2645,1719,1619,2132,2081,1614,1617],"class_list":{"0":"post-24050","1":"product","2":"type-product","3":"status-publish","4":"has-post-thumbnail","6":"product_cat-chatgpt-istemleri","7":"product_cat-modeller","8":"product_tag-ai-tools","9":"product_tag-dijital-donusum","10":"product_tag-is-akisi-optimizasyonu","11":"product_tag-is-sureci","12":"product_tag-operasyonlar","13":"product_tag-otomasyon","14":"product_tag-uretime-hazir","16":"first","17":"instock","18":"downloadable","19":"virtual","20":"product-type-simple"},"_links":{"self":[{"href":"https:\/\/prompt-place.com\/tr\/wp-json\/wp\/v2\/product\/24050","targetHints":{"allow":["GET"]}}],"collection":[{"href":"https:\/\/prompt-place.com\/tr\/wp-json\/wp\/v2\/product"}],"about":[{"href":"https:\/\/prompt-place.com\/tr\/wp-json\/wp\/v2\/types\/product"}],"replies":[{"embeddable":true,"href":"https:\/\/prompt-place.com\/tr\/wp-json\/wp\/v2\/comments?post=24050"}],"wp:featuredmedia":[{"embeddable":true,"href":"https:\/\/prompt-place.com\/tr\/wp-json\/wp\/v2\/media\/21520"}],"wp:attachment":[{"href":"https:\/\/prompt-place.com\/tr\/wp-json\/wp\/v2\/media?parent=24050"}],"wp:term":[{"taxonomy":"product_brand","embeddable":true,"href":"https:\/\/prompt-place.com\/tr\/wp-json\/wp\/v2\/product_brand?post=24050"},{"taxonomy":"product_cat","embeddable":true,"href":"https:\/\/prompt-place.com\/tr\/wp-json\/wp\/v2\/product_cat?post=24050"},{"taxonomy":"product_tag","embeddable":true,"href":"https:\/\/prompt-place.com\/tr\/wp-json\/wp\/v2\/product_tag?post=24050"}],"curies":[{"name":"wp","href":"https:\/\/api.w.org\/{rel}","templated":true}]}}