{"id":24049,"date":"2026-01-06T09:42:15","date_gmt":"2026-01-06T09:42:15","guid":{"rendered":"http:\/\/prompt-place.com\/product\/saas-sirketleri-icin-yapay-zeka-haftalik-kpi-gosterge-tablosu-olusturucu\/"},"modified":"2026-01-06T09:42:15","modified_gmt":"2026-01-06T09:42:15","slug":"saas-sirketleri-icin-yapay-zeka-haftalik-kpi-gosterge-tablosu-olusturucu","status":"publish","type":"product","link":"https:\/\/prompt-place.com\/tr\/urun\/saas-sirketleri-icin-yapay-zeka-haftalik-kpi-gosterge-tablosu-olusturucu\/","title":{"rendered":"SaaS \u015eirketleri i\u00e7in Yapay Zeka Haftal\u0131k KPI G\u00f6sterge Tablosu Olu\u015fturucu"},"content":{"rendered":"<p>Bu istem, yapay zeka modellerinin SaaS i\u015fletmeleri i\u00e7in yap\u0131land\u0131r\u0131lm\u0131\u015f haftal\u0131k KPI g\u00f6sterge tablolar\u0131 olu\u015fturmas\u0131n\u0131 sa\u011flar. Kurucular\u0131n ve y\u00f6neticilerin performans e\u011filimlerini h\u0131zl\u0131 bir \u015fekilde anlamalar\u0131na, riskleri tespit etmelerine ve net \u00f6zetler ve eyleme ge\u00e7irilebilir i\u00e7g\u00f6r\u00fcler kullanarak veriye dayal\u0131 kararlar almalar\u0131na yard\u0131mc\u0131 olur. <\/p>\n","protected":false},"excerpt":{"rendered":"<p>Bu istem, yapay zeka modellerinin SaaS i\u015fletmeleri i\u00e7in yap\u0131land\u0131r\u0131lm\u0131\u015f haftal\u0131k KPI g\u00f6sterge tablolar\u0131 olu\u015fturmas\u0131n\u0131 sa\u011flar. Kurucular\u0131n ve y\u00f6neticilerin performans e\u011filimlerini h\u0131zl\u0131 bir \u015fekilde anlamalar\u0131na, riskleri tespit etmelerine ve net \u00f6zetler ve eyleme ge\u00e7irilebilir i\u00e7g\u00f6r\u00fcler kullanarak veriye dayal\u0131 kararlar almalar\u0131na yard\u0131mc\u0131 olur.<\/p>\n","protected":false},"featured_media":21520,"comment_status":"open","ping_status":"closed","template":"","meta":[],"product_brand":[],"product_cat":[756,347],"product_tag":[2326,2113,2652,2650,1874,2651,1617,2653],"class_list":{"0":"post-24049","1":"product","2":"type-product","3":"status-publish","4":"has-post-thumbnail","6":"product_cat-chatgpt-istemleri","7":"product_cat-modeller","8":"product_tag-analitik","9":"product_tag-is-istihbarati","10":"product_tag-kpi-dashboard","11":"product_tag-kurucular","12":"product_tag-raporlama","13":"product_tag-saas","14":"product_tag-uretime-hazir","15":"product_tag-yoneticiler","17":"first","18":"instock","19":"downloadable","20":"virtual","21":"product-type-simple"},"_links":{"self":[{"href":"https:\/\/prompt-place.com\/tr\/wp-json\/wp\/v2\/product\/24049","targetHints":{"allow":["GET"]}}],"collection":[{"href":"https:\/\/prompt-place.com\/tr\/wp-json\/wp\/v2\/product"}],"about":[{"href":"https:\/\/prompt-place.com\/tr\/wp-json\/wp\/v2\/types\/product"}],"replies":[{"embeddable":true,"href":"https:\/\/prompt-place.com\/tr\/wp-json\/wp\/v2\/comments?post=24049"}],"wp:featuredmedia":[{"embeddable":true,"href":"https:\/\/prompt-place.com\/tr\/wp-json\/wp\/v2\/media\/21520"}],"wp:attachment":[{"href":"https:\/\/prompt-place.com\/tr\/wp-json\/wp\/v2\/media?parent=24049"}],"wp:term":[{"taxonomy":"product_brand","embeddable":true,"href":"https:\/\/prompt-place.com\/tr\/wp-json\/wp\/v2\/product_brand?post=24049"},{"taxonomy":"product_cat","embeddable":true,"href":"https:\/\/prompt-place.com\/tr\/wp-json\/wp\/v2\/product_cat?post=24049"},{"taxonomy":"product_tag","embeddable":true,"href":"https:\/\/prompt-place.com\/tr\/wp-json\/wp\/v2\/product_tag?post=24049"}],"curies":[{"name":"wp","href":"https:\/\/api.w.org\/{rel}","templated":true}]}}