{"id":24048,"date":"2026-01-06T09:42:22","date_gmt":"2026-01-06T09:42:22","guid":{"rendered":"http:\/\/prompt-place.com\/product\/is-akislarina-ve-ekip-boyutuna-dayali-yapay-zeka-araci-oneri-asistani\/"},"modified":"2026-01-06T09:42:22","modified_gmt":"2026-01-06T09:42:22","slug":"is-akislarina-ve-ekip-boyutuna-dayali-yapay-zeka-araci-oneri-asistani","status":"publish","type":"product","link":"https:\/\/prompt-place.com\/tr\/urun\/is-akislarina-ve-ekip-boyutuna-dayali-yapay-zeka-araci-oneri-asistani\/","title":{"rendered":"\u0130\u015f Ak\u0131\u015flar\u0131na ve Ekip Boyutuna Dayal\u0131 Yapay Zeka Arac\u0131 \u00d6neri Asistan\u0131"},"content":{"rendered":"<p>Bu istem, YZ modellerinin bir ekibin nas\u0131l \u00e7al\u0131\u015ft\u0131\u011f\u0131na ve ne kadar b\u00fcy\u00fck oldu\u011funa ba\u011fl\u0131 olarak en uygun YZ ara\u00e7lar\u0131n\u0131 \u00f6nermesini sa\u011flar. Kurucular\u0131n ve y\u00f6neticilerin a\u015f\u0131r\u0131 m\u00fchendislikten ka\u00e7\u0131nmalar\u0131na, \u00f6l\u00e7eklenebilir \u00e7\u00f6z\u00fcmler se\u00e7melerine ve ger\u00e7ek operasyonel ihtiya\u00e7lara uyan YZ ara\u00e7lar\u0131n\u0131 benimsemelerine yard\u0131mc\u0131 olur. <\/p>\n","protected":false},"excerpt":{"rendered":"<p>Bu istem, YZ modellerinin bir ekibin nas\u0131l \u00e7al\u0131\u015ft\u0131\u011f\u0131na ve ne kadar b\u00fcy\u00fck oldu\u011funa ba\u011fl\u0131 olarak en uygun YZ ara\u00e7lar\u0131n\u0131 \u00f6nermesini sa\u011flar. Kurucular\u0131n ve y\u00f6neticilerin a\u015f\u0131r\u0131 m\u00fchendislikten ka\u00e7\u0131nmalar\u0131na, \u00f6l\u00e7eklenebilir \u00e7\u00f6z\u00fcmler se\u00e7melerine ve ger\u00e7ek operasyonel ihtiya\u00e7lara uyan YZ ara\u00e7lar\u0131n\u0131 benimsemelerine yard\u0131mc\u0131 olur.<\/p>\n","protected":false},"featured_media":21520,"comment_status":"open","ping_status":"closed","template":"","meta":[],"product_brand":[],"product_cat":[756,347],"product_tag":[2645,2647,2081,2649,2648,1617,2646],"class_list":{"0":"post-24048","1":"product","2":"type-product","3":"status-publish","4":"has-post-thumbnail","6":"product_cat-chatgpt-istemleri","7":"product_cat-modeller","8":"product_tag-ai-tools","9":"product_tag-is-akisi-analizi","10":"product_tag-operasyonlar","11":"product_tag-otomasyon-stratejisi","12":"product_tag-takim-boyutu","13":"product_tag-uretime-hazir","14":"product_tag-uretkenlik","16":"first","17":"instock","18":"downloadable","19":"virtual","20":"product-type-simple"},"_links":{"self":[{"href":"https:\/\/prompt-place.com\/tr\/wp-json\/wp\/v2\/product\/24048","targetHints":{"allow":["GET"]}}],"collection":[{"href":"https:\/\/prompt-place.com\/tr\/wp-json\/wp\/v2\/product"}],"about":[{"href":"https:\/\/prompt-place.com\/tr\/wp-json\/wp\/v2\/types\/product"}],"replies":[{"embeddable":true,"href":"https:\/\/prompt-place.com\/tr\/wp-json\/wp\/v2\/comments?post=24048"}],"wp:featuredmedia":[{"embeddable":true,"href":"https:\/\/prompt-place.com\/tr\/wp-json\/wp\/v2\/media\/21520"}],"wp:attachment":[{"href":"https:\/\/prompt-place.com\/tr\/wp-json\/wp\/v2\/media?parent=24048"}],"wp:term":[{"taxonomy":"product_brand","embeddable":true,"href":"https:\/\/prompt-place.com\/tr\/wp-json\/wp\/v2\/product_brand?post=24048"},{"taxonomy":"product_cat","embeddable":true,"href":"https:\/\/prompt-place.com\/tr\/wp-json\/wp\/v2\/product_cat?post=24048"},{"taxonomy":"product_tag","embeddable":true,"href":"https:\/\/prompt-place.com\/tr\/wp-json\/wp\/v2\/product_tag?post=24048"}],"curies":[{"name":"wp","href":"https:\/\/api.w.org\/{rel}","templated":true}]}}