{"id":24043,"date":"2026-01-06T09:42:31","date_gmt":"2026-01-06T09:42:31","guid":{"rendered":"http:\/\/prompt-place.com\/product\/kotu-yazilmis-gereksinimleri-kesin-bir-teknik-sartnameye-donusturme-deepseek\/"},"modified":"2026-01-06T09:42:31","modified_gmt":"2026-01-06T09:42:31","slug":"kotu-yazilmis-gereksinimleri-kesin-bir-teknik-sartnameye-donusturme-deepseek","status":"publish","type":"product","link":"https:\/\/prompt-place.com\/tr\/urun\/kotu-yazilmis-gereksinimleri-kesin-bir-teknik-sartnameye-donusturme-deepseek\/","title":{"rendered":"K\u00f6t\u00fc Yaz\u0131lm\u0131\u015f Gereksinimleri Kesin Bir Teknik \u015eartnameye D\u00f6n\u00fc\u015ft\u00fcrme (DeepSeek)"},"content":{"rendered":"<p>Belirsiz, tutars\u0131z veya k\u00f6t\u00fc yaz\u0131lm\u0131\u015f gereksinimleri a\u00e7\u0131k, yap\u0131land\u0131r\u0131lm\u0131\u015f ve test edilebilir bir teknik \u015fartnameye d\u00f6n\u00fc\u015ft\u00fcrmek i\u00e7in tasarlanm\u0131\u015f bir DeepSeek istemi. Payda\u015flar, \u00fcr\u00fcn y\u00f6neticileri, m\u00fchendisler ve QA ekipleri aras\u0131nda k\u00f6pr\u00fc kurmak i\u00e7in idealdir. <\/p>\n","protected":false},"excerpt":{"rendered":"<p>Belirsiz, tutars\u0131z veya k\u00f6t\u00fc yaz\u0131lm\u0131\u015f gereksinimleri a\u00e7\u0131k, yap\u0131land\u0131r\u0131lm\u0131\u015f ve test edilebilir bir teknik \u015fartnameye d\u00f6n\u00fc\u015ft\u00fcrmek i\u00e7in tasarlanm\u0131\u015f bir DeepSeek istemi. Payda\u015flar, \u00fcr\u00fcn y\u00f6neticileri, m\u00fchendisler ve QA ekipleri aras\u0131nda k\u00f6pr\u00fc kurmak i\u00e7in idealdir.<\/p>\n","protected":false},"featured_media":21602,"comment_status":"open","ping_status":"closed","template":"","meta":[],"product_brand":[],"product_cat":[695,347],"product_tag":[1621,2621,2623,2624,2200,2622,1617,2620],"class_list":{"0":"post-24043","1":"product","2":"type-product","3":"status-publish","4":"has-post-thumbnail","6":"product_cat-deepseek-istemleri","7":"product_cat-modeller","8":"product_tag-deepseek","9":"product_tag-gereksinimler-analizi","10":"product_tag-is-analizi","11":"product_tag-kabul-kriterleri","12":"product_tag-sistem-tasarimi","13":"product_tag-teknik-sartname","14":"product_tag-uretime-hazir","15":"product_tag-urun-yonetimi","17":"first","18":"instock","19":"downloadable","20":"virtual","21":"product-type-simple"},"_links":{"self":[{"href":"https:\/\/prompt-place.com\/tr\/wp-json\/wp\/v2\/product\/24043","targetHints":{"allow":["GET"]}}],"collection":[{"href":"https:\/\/prompt-place.com\/tr\/wp-json\/wp\/v2\/product"}],"about":[{"href":"https:\/\/prompt-place.com\/tr\/wp-json\/wp\/v2\/types\/product"}],"replies":[{"embeddable":true,"href":"https:\/\/prompt-place.com\/tr\/wp-json\/wp\/v2\/comments?post=24043"}],"wp:featuredmedia":[{"embeddable":true,"href":"https:\/\/prompt-place.com\/tr\/wp-json\/wp\/v2\/media\/21602"}],"wp:attachment":[{"href":"https:\/\/prompt-place.com\/tr\/wp-json\/wp\/v2\/media?parent=24043"}],"wp:term":[{"taxonomy":"product_brand","embeddable":true,"href":"https:\/\/prompt-place.com\/tr\/wp-json\/wp\/v2\/product_brand?post=24043"},{"taxonomy":"product_cat","embeddable":true,"href":"https:\/\/prompt-place.com\/tr\/wp-json\/wp\/v2\/product_cat?post=24043"},{"taxonomy":"product_tag","embeddable":true,"href":"https:\/\/prompt-place.com\/tr\/wp-json\/wp\/v2\/product_tag?post=24043"}],"curies":[{"name":"wp","href":"https:\/\/api.w.org\/{rel}","templated":true}]}}