{"id":24041,"date":"2026-01-06T09:42:30","date_gmt":"2026-01-06T09:42:30","guid":{"rendered":"http:\/\/prompt-place.com\/product\/geometrik-sekillerle-gorsellestirilen-inovasyon-konsepti\/"},"modified":"2026-01-06T09:42:30","modified_gmt":"2026-01-06T09:42:30","slug":"geometrik-sekillerle-gorsellestirilen-inovasyon-konsepti","status":"publish","type":"product","link":"https:\/\/prompt-place.com\/tr\/urun\/geometrik-sekillerle-gorsellestirilen-inovasyon-konsepti\/","title":{"rendered":"Geometrik \u015eekillerle G\u00f6rselle\u015ftirilen \u0130novasyon Konsepti"},"content":{"rendered":"<p>Bu komut istemi, geli\u015fen geometrik \u015fekiller ve dinamik kompozisyon kullanarak yenili\u011fin soyut bir g\u00f6rselle\u015ftirmesini olu\u015fturur. Sunumlarda, markala\u015fmada ve fikir liderli\u011fi g\u00f6rsellerinde yarat\u0131c\u0131l\u0131\u011f\u0131, stratejik d\u00fc\u015f\u00fcnmeyi ve ileriye d\u00f6n\u00fck ivmeyi g\u00f6stermek i\u00e7in idealdir. <\/p>\n","protected":false},"excerpt":{"rendered":"<p>Bu komut istemi, geli\u015fen geometrik \u015fekiller ve dinamik kompozisyon kullanarak yenili\u011fin soyut bir g\u00f6rselle\u015ftirmesini olu\u015fturur. Sunumlarda, markala\u015fmada ve fikir liderli\u011fi g\u00f6rsellerinde yarat\u0131c\u0131l\u0131\u011f\u0131, stratejik d\u00fc\u015f\u00fcnmeyi ve ileriye d\u00f6n\u00fck ivmeyi g\u00f6stermek i\u00e7in idealdir.<\/p>\n","protected":false},"featured_media":21561,"comment_status":"open","ping_status":"closed","template":"","meta":[],"product_brand":[],"product_cat":[746,347],"product_tag":[1954,2613,2038,1973,2616,1617,2615,2611],"class_list":{"0":"post-24041","1":"product","2":"type-product","3":"status-publish","4":"has-post-thumbnail","6":"product_cat-dall-e-ipucu","7":"product_cat-modeller","8":"product_tag-dalle","9":"product_tag-geometrik-sanat","10":"product_tag-modern-tasarim","11":"product_tag-soyut-gorsellestirme","12":"product_tag-tasarim-odakli-dusunme","13":"product_tag-uretime-hazir","14":"product_tag-yaraticilik","15":"product_tag-yenilik","17":"first","18":"instock","19":"downloadable","20":"virtual","21":"product-type-simple"},"_links":{"self":[{"href":"https:\/\/prompt-place.com\/tr\/wp-json\/wp\/v2\/product\/24041","targetHints":{"allow":["GET"]}}],"collection":[{"href":"https:\/\/prompt-place.com\/tr\/wp-json\/wp\/v2\/product"}],"about":[{"href":"https:\/\/prompt-place.com\/tr\/wp-json\/wp\/v2\/types\/product"}],"replies":[{"embeddable":true,"href":"https:\/\/prompt-place.com\/tr\/wp-json\/wp\/v2\/comments?post=24041"}],"wp:featuredmedia":[{"embeddable":true,"href":"https:\/\/prompt-place.com\/tr\/wp-json\/wp\/v2\/media\/21561"}],"wp:attachment":[{"href":"https:\/\/prompt-place.com\/tr\/wp-json\/wp\/v2\/media?parent=24041"}],"wp:term":[{"taxonomy":"product_brand","embeddable":true,"href":"https:\/\/prompt-place.com\/tr\/wp-json\/wp\/v2\/product_brand?post=24041"},{"taxonomy":"product_cat","embeddable":true,"href":"https:\/\/prompt-place.com\/tr\/wp-json\/wp\/v2\/product_cat?post=24041"},{"taxonomy":"product_tag","embeddable":true,"href":"https:\/\/prompt-place.com\/tr\/wp-json\/wp\/v2\/product_tag?post=24041"}],"curies":[{"name":"wp","href":"https:\/\/api.w.org\/{rel}","templated":true}]}}