{"id":24037,"date":"2026-01-06T09:42:17","date_gmt":"2026-01-06T09:42:17","guid":{"rendered":"http:\/\/prompt-place.com\/product\/yapay-zeka-musteri-yasam-boyu-degeri-clv-tahmine-dayali-modelleme-asistani\/"},"modified":"2026-01-06T09:42:17","modified_gmt":"2026-01-06T09:42:17","slug":"yapay-zeka-musteri-yasam-boyu-degeri-clv-tahmine-dayali-modelleme-asistani","status":"publish","type":"product","link":"https:\/\/prompt-place.com\/tr\/urun\/yapay-zeka-musteri-yasam-boyu-degeri-clv-tahmine-dayali-modelleme-asistani\/","title":{"rendered":"Yapay Zeka M\u00fc\u015fteri Ya\u015fam Boyu De\u011feri (CLV) Tahmine Dayal\u0131 Modelleme Asistan\u0131"},"content":{"rendered":"<p>Bu istem, yapay zeka modellerinin m\u00fc\u015fteri davran\u0131\u015flar\u0131n\u0131 ve i\u015flem verilerini analiz ederek m\u00fc\u015fteri ya\u015fam boyu de\u011ferini tahmin etmesini sa\u011flar. B\u00fcy\u00fcme, pazarlama ve analitik ekiplerinin m\u00fc\u015fterileri segmentlere ay\u0131rmas\u0131na, edinme harcamalar\u0131n\u0131 optimize etmesine ve uzun vadeli de\u011fer i\u00e7g\u00f6r\u00fclerine dayal\u0131 elde tutma stratejileri tasarlamas\u0131na yard\u0131mc\u0131 olur. <\/p>\n","protected":false},"excerpt":{"rendered":"<p>Bu istem, yapay zeka modellerinin m\u00fc\u015fteri davran\u0131\u015flar\u0131n\u0131 ve i\u015flem verilerini analiz ederek m\u00fc\u015fteri ya\u015fam boyu de\u011ferini tahmin etmesini sa\u011flar. B\u00fcy\u00fcme, pazarlama ve analitik ekiplerinin m\u00fc\u015fterileri segmentlere ay\u0131rmas\u0131na, edinme harcamalar\u0131n\u0131 optimize etmesine ve uzun vadeli de\u011fer i\u00e7g\u00f6r\u00fclerine dayal\u0131 elde tutma stratejileri tasarlamas\u0131na yard\u0131mc\u0131 olur.<\/p>\n","protected":false},"featured_media":21520,"comment_status":"open","ping_status":"closed","template":"","meta":[],"product_brand":[],"product_cat":[756,347],"product_tag":[2597,2595,1784,2594,2596,1617,1669],"class_list":{"0":"post-24037","1":"product","2":"type-product","3":"status-publish","4":"has-post-thumbnail","6":"product_cat-chatgpt-istemleri","7":"product_cat-modeller","8":"product_tag-buyume-stratejisi","9":"product_tag-clv","10":"product_tag-musteri-analitigi","11":"product_tag-musteri-yasam-suresi-degeri","12":"product_tag-tahmine-dayali-modelleme","13":"product_tag-uretime-hazir","14":"product_tag-veri-bilim","16":"first","17":"instock","18":"downloadable","19":"virtual","20":"product-type-simple"},"_links":{"self":[{"href":"https:\/\/prompt-place.com\/tr\/wp-json\/wp\/v2\/product\/24037","targetHints":{"allow":["GET"]}}],"collection":[{"href":"https:\/\/prompt-place.com\/tr\/wp-json\/wp\/v2\/product"}],"about":[{"href":"https:\/\/prompt-place.com\/tr\/wp-json\/wp\/v2\/types\/product"}],"replies":[{"embeddable":true,"href":"https:\/\/prompt-place.com\/tr\/wp-json\/wp\/v2\/comments?post=24037"}],"wp:featuredmedia":[{"embeddable":true,"href":"https:\/\/prompt-place.com\/tr\/wp-json\/wp\/v2\/media\/21520"}],"wp:attachment":[{"href":"https:\/\/prompt-place.com\/tr\/wp-json\/wp\/v2\/media?parent=24037"}],"wp:term":[{"taxonomy":"product_brand","embeddable":true,"href":"https:\/\/prompt-place.com\/tr\/wp-json\/wp\/v2\/product_brand?post=24037"},{"taxonomy":"product_cat","embeddable":true,"href":"https:\/\/prompt-place.com\/tr\/wp-json\/wp\/v2\/product_cat?post=24037"},{"taxonomy":"product_tag","embeddable":true,"href":"https:\/\/prompt-place.com\/tr\/wp-json\/wp\/v2\/product_tag?post=24037"}],"curies":[{"name":"wp","href":"https:\/\/api.w.org\/{rel}","templated":true}]}}