{"id":24033,"date":"2026-01-06T09:42:17","date_gmt":"2026-01-06T09:42:17","guid":{"rendered":"http:\/\/prompt-place.com\/product\/yapay-zeka-musteri-kabul-hunisi-verimsizlik-analizi-asistani\/"},"modified":"2026-01-06T09:42:17","modified_gmt":"2026-01-06T09:42:17","slug":"yapay-zeka-musteri-kabul-hunisi-verimsizlik-analizi-asistani","status":"publish","type":"product","link":"https:\/\/prompt-place.com\/tr\/urun\/yapay-zeka-musteri-kabul-hunisi-verimsizlik-analizi-asistani\/","title":{"rendered":"Yapay Zeka M\u00fc\u015fteri Kabul Hunisi Verimsizlik Analizi Asistan\u0131"},"content":{"rendered":"<p>Bu istem, yapay zeka modellerinin m\u00fc\u015fteri kat\u0131l\u0131m hunilerini analiz etmesini, s\u00fcrt\u00fcnme noktalar\u0131n\u0131 ve verimsizlikleri belirlemesini ve aktivasyonu ve erken kat\u0131l\u0131m\u0131 iyile\u015ftirmek i\u00e7in \u00f6ncelikli \u00f6neriler olu\u015fturmas\u0131n\u0131 sa\u011flar. \u00dcr\u00fcn ve b\u00fcy\u00fcme ekiplerinin daha iyi elde tutma ve d\u00f6n\u00fc\u015f\u00fcm i\u00e7in i\u015fe al\u0131m s\u00fcrecini optimize etmelerine yard\u0131mc\u0131 olur. <\/p>\n","protected":false},"excerpt":{"rendered":"<p>Bu istem, yapay zeka modellerinin m\u00fc\u015fteri kat\u0131l\u0131m hunilerini analiz etmesini, s\u00fcrt\u00fcnme noktalar\u0131n\u0131 ve verimsizlikleri belirlemesini ve aktivasyonu ve erken kat\u0131l\u0131m\u0131 iyile\u015ftirmek i\u00e7in \u00f6ncelikli \u00f6neriler olu\u015fturmas\u0131n\u0131 sa\u011flar. \u00dcr\u00fcn ve b\u00fcy\u00fcme ekiplerinin daha iyi elde tutma ve d\u00f6n\u00fc\u015f\u00fcm i\u00e7in i\u015fe al\u0131m s\u00fcrecini optimize etmelerine yard\u0131mc\u0131 olur.<\/p>\n","protected":false},"featured_media":21520,"comment_status":"open","ping_status":"closed","template":"","meta":[],"product_brand":[],"product_cat":[756,347],"product_tag":[2579,2576,2584,2577,1617,2583,2581],"class_list":{"0":"post-24033","1":"product","2":"type-product","3":"status-publish","4":"has-post-thumbnail","6":"product_cat-chatgpt-istemleri","7":"product_cat-modeller","8":"product_tag-aktivasyon","9":"product_tag-huni-analizi","10":"product_tag-musteri-deneyimi","11":"product_tag-musteri-onboarding","12":"product_tag-uretime-hazir","13":"product_tag-urun-buyume","14":"product_tag-ux-optimizasyonu","16":"first","17":"instock","18":"downloadable","19":"virtual","20":"product-type-simple"},"_links":{"self":[{"href":"https:\/\/prompt-place.com\/tr\/wp-json\/wp\/v2\/product\/24033","targetHints":{"allow":["GET"]}}],"collection":[{"href":"https:\/\/prompt-place.com\/tr\/wp-json\/wp\/v2\/product"}],"about":[{"href":"https:\/\/prompt-place.com\/tr\/wp-json\/wp\/v2\/types\/product"}],"replies":[{"embeddable":true,"href":"https:\/\/prompt-place.com\/tr\/wp-json\/wp\/v2\/comments?post=24033"}],"wp:featuredmedia":[{"embeddable":true,"href":"https:\/\/prompt-place.com\/tr\/wp-json\/wp\/v2\/media\/21520"}],"wp:attachment":[{"href":"https:\/\/prompt-place.com\/tr\/wp-json\/wp\/v2\/media?parent=24033"}],"wp:term":[{"taxonomy":"product_brand","embeddable":true,"href":"https:\/\/prompt-place.com\/tr\/wp-json\/wp\/v2\/product_brand?post=24033"},{"taxonomy":"product_cat","embeddable":true,"href":"https:\/\/prompt-place.com\/tr\/wp-json\/wp\/v2\/product_cat?post=24033"},{"taxonomy":"product_tag","embeddable":true,"href":"https:\/\/prompt-place.com\/tr\/wp-json\/wp\/v2\/product_tag?post=24033"}],"curies":[{"name":"wp","href":"https:\/\/api.w.org\/{rel}","templated":true}]}}