{"id":24032,"date":"2026-01-06T09:42:17","date_gmt":"2026-01-06T09:42:17","guid":{"rendered":"http:\/\/prompt-place.com\/product\/yapay-zeka-anket-sonuclari-analizi-ve-eyleme-gecirilebilir-icgoruler-olusturucu\/"},"modified":"2026-01-06T09:42:17","modified_gmt":"2026-01-06T09:42:17","slug":"yapay-zeka-anket-sonuclari-analizi-ve-eyleme-gecirilebilir-icgoruler-olusturucu","status":"publish","type":"product","link":"https:\/\/prompt-place.com\/tr\/urun\/yapay-zeka-anket-sonuclari-analizi-ve-eyleme-gecirilebilir-icgoruler-olusturucu\/","title":{"rendered":"Yapay Zeka Anket Sonu\u00e7lar\u0131 Analizi ve Eyleme Ge\u00e7irilebilir \u0130\u00e7g\u00f6r\u00fcler Olu\u015fturucu"},"content":{"rendered":"<p>Bu bilgi istemi, yapay zeka modellerinin ham anket verilerini net, \u00f6nceliklendirilmi\u015f ve eyleme ge\u00e7irilebilir i\u00e7g\u00f6r\u00fclere d\u00f6n\u00fc\u015ft\u00fcrmesini sa\u011flar. Ekiplerin kat\u0131l\u0131mc\u0131lar i\u00e7in neyin \u00f6nemli oldu\u011funu anlamas\u0131na ve anket bulgular\u0131n\u0131 somut i\u015f, \u00fcr\u00fcn veya kurumsal eylemlere d\u00f6n\u00fc\u015ft\u00fcrmesine yard\u0131mc\u0131 olur. <\/p>\n","protected":false},"excerpt":{"rendered":"<p>Bu bilgi istemi, yapay zeka modellerinin ham anket verilerini net, \u00f6nceliklendirilmi\u015f ve eyleme ge\u00e7irilebilir i\u00e7g\u00f6r\u00fclere d\u00f6n\u00fc\u015ft\u00fcrmesini sa\u011flar. Ekiplerin kat\u0131l\u0131mc\u0131lar i\u00e7in neyin \u00f6nemli oldu\u011funu anlamas\u0131na ve anket bulgular\u0131n\u0131 somut i\u015f, \u00fcr\u00fcn veya kurumsal eylemlere d\u00f6n\u00fc\u015ft\u00fcrmesine yard\u0131mc\u0131 olur.<\/p>\n","protected":false},"featured_media":21520,"comment_status":"open","ping_status":"closed","template":"","meta":[],"product_brand":[],"product_cat":[756,347],"product_tag":[2326,2572,2574,1644,2575,1617,1783],"class_list":{"0":"post-24032","1":"product","2":"type-product","3":"status-publish","4":"has-post-thumbnail","6":"product_cat-chatgpt-istemleri","7":"product_cat-modeller","8":"product_tag-analitik","9":"product_tag-anket-analiz","10":"product_tag-customer-insights","11":"product_tag-karar-destek","12":"product_tag-nitel-arastirma","13":"product_tag-uretime-hazir","14":"product_tag-veri-analizi","16":"first","17":"instock","18":"downloadable","19":"virtual","20":"product-type-simple"},"_links":{"self":[{"href":"https:\/\/prompt-place.com\/tr\/wp-json\/wp\/v2\/product\/24032","targetHints":{"allow":["GET"]}}],"collection":[{"href":"https:\/\/prompt-place.com\/tr\/wp-json\/wp\/v2\/product"}],"about":[{"href":"https:\/\/prompt-place.com\/tr\/wp-json\/wp\/v2\/types\/product"}],"replies":[{"embeddable":true,"href":"https:\/\/prompt-place.com\/tr\/wp-json\/wp\/v2\/comments?post=24032"}],"wp:featuredmedia":[{"embeddable":true,"href":"https:\/\/prompt-place.com\/tr\/wp-json\/wp\/v2\/media\/21520"}],"wp:attachment":[{"href":"https:\/\/prompt-place.com\/tr\/wp-json\/wp\/v2\/media?parent=24032"}],"wp:term":[{"taxonomy":"product_brand","embeddable":true,"href":"https:\/\/prompt-place.com\/tr\/wp-json\/wp\/v2\/product_brand?post=24032"},{"taxonomy":"product_cat","embeddable":true,"href":"https:\/\/prompt-place.com\/tr\/wp-json\/wp\/v2\/product_cat?post=24032"},{"taxonomy":"product_tag","embeddable":true,"href":"https:\/\/prompt-place.com\/tr\/wp-json\/wp\/v2\/product_tag?post=24032"}],"curies":[{"name":"wp","href":"https:\/\/api.w.org\/{rel}","templated":true}]}}