{"id":24030,"date":"2026-01-06T09:42:31","date_gmt":"2026-01-06T09:42:31","guid":{"rendered":"http:\/\/prompt-place.com\/product\/algoritma-zaman-karmasikligi-analizi-ve-optimizasyonu-deepseek\/"},"modified":"2026-01-06T09:42:31","modified_gmt":"2026-01-06T09:42:31","slug":"algoritma-zaman-karmasikligi-analizi-ve-optimizasyonu-deepseek","status":"publish","type":"product","link":"https:\/\/prompt-place.com\/tr\/urun\/algoritma-zaman-karmasikligi-analizi-ve-optimizasyonu-deepseek\/","title":{"rendered":"Algoritma Zaman Karma\u015f\u0131kl\u0131\u011f\u0131 Analizi ve Optimizasyonu (DeepSeek)"},"content":{"rendered":"<p>Bir algoritman\u0131n zaman karma\u015f\u0131kl\u0131\u011f\u0131n\u0131n titiz analizi, performans darbo\u011fazlar\u0131n\u0131n belirlenmesi ve somut optimizasyonlar\u0131n \u00f6nerilmesi i\u00e7in bir DeepSeek istemi. Kod incelemeleri, performans ayarlama ve b\u00fcy\u00fck \u00f6l\u00e7ekli girdiler i\u00e7in algoritma haz\u0131rlama i\u00e7in idealdir. <\/p>\n","protected":false},"excerpt":{"rendered":"<p>Bir algoritman\u0131n zaman karma\u015f\u0131kl\u0131\u011f\u0131n\u0131n titiz analizi, performans darbo\u011fazlar\u0131n\u0131n belirlenmesi ve somut optimizasyonlar\u0131n \u00f6nerilmesi i\u00e7in bir DeepSeek istemi. Kod incelemeleri, performans ayarlama ve b\u00fcy\u00fck \u00f6l\u00e7ekli girdiler i\u00e7in algoritma haz\u0131rlama i\u00e7in idealdir.<\/p>\n","protected":false},"featured_media":21602,"comment_status":"open","ping_status":"closed","template":"","meta":[],"product_brand":[],"product_cat":[695,347],"product_tag":[2565,2567,1621,2117,1816,1617,2568,2566],"class_list":{"0":"post-24030","1":"product","2":"type-product","3":"status-publish","4":"has-post-thumbnail","6":"product_cat-deepseek-istemleri","7":"product_cat-modeller","8":"product_tag-algoritma-analiz","9":"product_tag-big-o","10":"product_tag-deepseek","11":"product_tag-kod-inceleme","12":"product_tag-performans-optimizasyonu","13":"product_tag-uretime-hazir","14":"product_tag-veri-yapilari","15":"product_tag-zaman-karmasiklik","17":"first","18":"instock","19":"downloadable","20":"virtual","21":"product-type-simple"},"_links":{"self":[{"href":"https:\/\/prompt-place.com\/tr\/wp-json\/wp\/v2\/product\/24030","targetHints":{"allow":["GET"]}}],"collection":[{"href":"https:\/\/prompt-place.com\/tr\/wp-json\/wp\/v2\/product"}],"about":[{"href":"https:\/\/prompt-place.com\/tr\/wp-json\/wp\/v2\/types\/product"}],"replies":[{"embeddable":true,"href":"https:\/\/prompt-place.com\/tr\/wp-json\/wp\/v2\/comments?post=24030"}],"wp:featuredmedia":[{"embeddable":true,"href":"https:\/\/prompt-place.com\/tr\/wp-json\/wp\/v2\/media\/21602"}],"wp:attachment":[{"href":"https:\/\/prompt-place.com\/tr\/wp-json\/wp\/v2\/media?parent=24030"}],"wp:term":[{"taxonomy":"product_brand","embeddable":true,"href":"https:\/\/prompt-place.com\/tr\/wp-json\/wp\/v2\/product_brand?post=24030"},{"taxonomy":"product_cat","embeddable":true,"href":"https:\/\/prompt-place.com\/tr\/wp-json\/wp\/v2\/product_cat?post=24030"},{"taxonomy":"product_tag","embeddable":true,"href":"https:\/\/prompt-place.com\/tr\/wp-json\/wp\/v2\/product_tag?post=24030"}],"curies":[{"name":"wp","href":"https:\/\/api.w.org\/{rel}","templated":true}]}}