{"id":24025,"date":"2026-01-06T09:42:30","date_gmt":"2026-01-06T09:42:30","guid":{"rendered":"http:\/\/prompt-place.com\/product\/futuristik-seffaf-ekranlara-sahip-hiper-gercekci-ofis\/"},"modified":"2026-01-06T09:42:30","modified_gmt":"2026-01-06T09:42:30","slug":"futuristik-seffaf-ekranlara-sahip-hiper-gercekci-ofis","status":"publish","type":"product","link":"https:\/\/prompt-place.com\/tr\/urun\/futuristik-seffaf-ekranlara-sahip-hiper-gercekci-ofis\/","title":{"rendered":"F\u00fct\u00fcristik \u015eeffaf Ekranlara Sahip Hiper-Ger\u00e7ek\u00e7i Ofis"},"content":{"rendered":"<p>Bu komut istemi, f\u00fct\u00fcristik \u015feffaf ekranlar ve cam tabanl\u0131 aray\u00fczlerle geli\u015ftirilmi\u015f modern bir ofisin hiper-ger\u00e7ek\u00e7i bir g\u00f6rselle\u015ftirmesini olu\u015fturur. Gelece\u011fin i\u015f konseptlerini, kurumsal \u00fcretkenlik ara\u00e7lar\u0131n\u0131 ve yeni nesil ofis ortamlar\u0131n\u0131 sergilemek i\u00e7in idealdir. <\/p>\n","protected":false},"excerpt":{"rendered":"<p>Bu komut istemi, f\u00fct\u00fcristik \u015feffaf ekranlar ve cam tabanl\u0131 aray\u00fczlerle geli\u015ftirilmi\u015f modern bir ofisin hiper-ger\u00e7ek\u00e7i bir g\u00f6rselle\u015ftirmesini olu\u015fturur. Gelece\u011fin i\u015f konseptlerini, kurumsal \u00fcretkenlik ara\u00e7lar\u0131n\u0131 ve yeni nesil ofis ortamlar\u0131n\u0131 sergilemek i\u00e7in idealdir.<\/p>\n","protected":false},"featured_media":21561,"comment_status":"open","ping_status":"closed","template":"","meta":[],"product_brand":[],"product_cat":[746,347],"product_tag":[1954,2538,2543,2540,2541,2547,2546,1617],"class_list":{"0":"post-24025","1":"product","2":"type-product","3":"status-publish","4":"has-post-thumbnail","6":"product_cat-dall-e-ipucu","7":"product_cat-modeller","8":"product_tag-dalle","9":"product_tag-fotogercekcilik","10":"product_tag-futuristik-ofis","11":"product_tag-gelecegin-isi","12":"product_tag-hiper-gercekci","13":"product_tag-kurumsal-tasarim","14":"product_tag-seffaf-ekranlar","15":"product_tag-uretime-hazir","17":"first","18":"instock","19":"downloadable","20":"virtual","21":"product-type-simple"},"_links":{"self":[{"href":"https:\/\/prompt-place.com\/tr\/wp-json\/wp\/v2\/product\/24025","targetHints":{"allow":["GET"]}}],"collection":[{"href":"https:\/\/prompt-place.com\/tr\/wp-json\/wp\/v2\/product"}],"about":[{"href":"https:\/\/prompt-place.com\/tr\/wp-json\/wp\/v2\/types\/product"}],"replies":[{"embeddable":true,"href":"https:\/\/prompt-place.com\/tr\/wp-json\/wp\/v2\/comments?post=24025"}],"wp:featuredmedia":[{"embeddable":true,"href":"https:\/\/prompt-place.com\/tr\/wp-json\/wp\/v2\/media\/21561"}],"wp:attachment":[{"href":"https:\/\/prompt-place.com\/tr\/wp-json\/wp\/v2\/media?parent=24025"}],"wp:term":[{"taxonomy":"product_brand","embeddable":true,"href":"https:\/\/prompt-place.com\/tr\/wp-json\/wp\/v2\/product_brand?post=24025"},{"taxonomy":"product_cat","embeddable":true,"href":"https:\/\/prompt-place.com\/tr\/wp-json\/wp\/v2\/product_cat?post=24025"},{"taxonomy":"product_tag","embeddable":true,"href":"https:\/\/prompt-place.com\/tr\/wp-json\/wp\/v2\/product_tag?post=24025"}],"curies":[{"name":"wp","href":"https:\/\/api.w.org\/{rel}","templated":true}]}}