{"id":24024,"date":"2026-01-06T09:42:31","date_gmt":"2026-01-06T09:42:31","guid":{"rendered":"http:\/\/prompt-place.com\/product\/karmasik-teknik-kavramlari-basit-yapilandirilmis-adimlarla-aciklayin-deepseek\/"},"modified":"2026-01-06T09:42:31","modified_gmt":"2026-01-06T09:42:31","slug":"karmasik-teknik-kavramlari-basit-yapilandirilmis-adimlarla-aciklayin-deepseek","status":"publish","type":"product","link":"https:\/\/prompt-place.com\/tr\/urun\/karmasik-teknik-kavramlari-basit-yapilandirilmis-adimlarla-aciklayin-deepseek\/","title":{"rendered":"Karma\u015f\u0131k Teknik Kavramlar\u0131 Basit Yap\u0131land\u0131r\u0131lm\u0131\u015f Ad\u0131mlarla A\u00e7\u0131klay\u0131n (DeepSeek)"},"content":{"rendered":"<p>Karma\u015f\u0131k teknik kavramlar\u0131 basit, yap\u0131land\u0131r\u0131lm\u0131\u015f ve takip etmesi kolay ad\u0131mlara ay\u0131rmak i\u00e7in tasarlanm\u0131\u015f bir DeepSeek istemi. \u0130lk kat\u0131l\u0131m, payda\u015f ileti\u015fimi, \u00fcr\u00fcn e\u011fitimi ve teknik fikirleri teknik olmayan kitlelere a\u00e7\u0131klamak i\u00e7in idealdir. <\/p>\n","protected":false},"excerpt":{"rendered":"<p>Karma\u015f\u0131k teknik kavramlar\u0131 basit, yap\u0131land\u0131r\u0131lm\u0131\u015f ve takip etmesi kolay ad\u0131mlara ay\u0131rmak i\u00e7in tasarlanm\u0131\u015f bir DeepSeek istemi. \u0130lk kat\u0131l\u0131m, payda\u015f ileti\u015fimi, \u00fcr\u00fcn e\u011fitimi ve teknik fikirleri teknik olmayan kitlelere a\u00e7\u0131klamak i\u00e7in idealdir.<\/p>\n","protected":false},"featured_media":21602,"comment_status":"open","ping_status":"closed","template":"","meta":[],"product_brand":[],"product_cat":[695,347],"product_tag":[2535,2537,1621,2533,2242,2534,1617,2536],"class_list":{"0":"post-24024","1":"product","2":"type-product","3":"status-publish","4":"has-post-thumbnail","6":"product_cat-deepseek-istemleri","7":"product_cat-modeller","8":"product_tag-basitlestirme","9":"product_tag-bilgi-transferi","10":"product_tag-deepseek","11":"product_tag-dokumantasyon","12":"product_tag-ise-alim","13":"product_tag-teknik-aciklama","14":"product_tag-uretime-hazir","15":"product_tag-yapilandirilmis-ogrenme","17":"first","18":"instock","19":"downloadable","20":"virtual","21":"product-type-simple"},"_links":{"self":[{"href":"https:\/\/prompt-place.com\/tr\/wp-json\/wp\/v2\/product\/24024","targetHints":{"allow":["GET"]}}],"collection":[{"href":"https:\/\/prompt-place.com\/tr\/wp-json\/wp\/v2\/product"}],"about":[{"href":"https:\/\/prompt-place.com\/tr\/wp-json\/wp\/v2\/types\/product"}],"replies":[{"embeddable":true,"href":"https:\/\/prompt-place.com\/tr\/wp-json\/wp\/v2\/comments?post=24024"}],"wp:featuredmedia":[{"embeddable":true,"href":"https:\/\/prompt-place.com\/tr\/wp-json\/wp\/v2\/media\/21602"}],"wp:attachment":[{"href":"https:\/\/prompt-place.com\/tr\/wp-json\/wp\/v2\/media?parent=24024"}],"wp:term":[{"taxonomy":"product_brand","embeddable":true,"href":"https:\/\/prompt-place.com\/tr\/wp-json\/wp\/v2\/product_brand?post=24024"},{"taxonomy":"product_cat","embeddable":true,"href":"https:\/\/prompt-place.com\/tr\/wp-json\/wp\/v2\/product_cat?post=24024"},{"taxonomy":"product_tag","embeddable":true,"href":"https:\/\/prompt-place.com\/tr\/wp-json\/wp\/v2\/product_tag?post=24024"}],"curies":[{"name":"wp","href":"https:\/\/api.w.org\/{rel}","templated":true}]}}