{"id":24020,"date":"2026-01-06T09:42:31","date_gmt":"2026-01-06T09:42:31","guid":{"rendered":"http:\/\/prompt-place.com\/product\/finansal-model-guvenlik-acigi-analizi-ve-iyilestirme-deepseek\/"},"modified":"2026-01-06T09:42:31","modified_gmt":"2026-01-06T09:42:31","slug":"finansal-model-guvenlik-acigi-analizi-ve-iyilestirme-deepseek","status":"publish","type":"product","link":"https:\/\/prompt-place.com\/tr\/urun\/finansal-model-guvenlik-acigi-analizi-ve-iyilestirme-deepseek\/","title":{"rendered":"Finansal Model G\u00fcvenlik A\u00e7\u0131\u011f\u0131 Analizi ve \u0130yile\u015ftirme (DeepSeek)"},"content":{"rendered":"<p>Finansal modellerdeki g\u00fcvenlik a\u00e7\u0131klar\u0131n\u0131, gizli riskleri ve k\u0131r\u0131lgan varsay\u0131mlar\u0131 ortaya \u00e7\u0131karmak ve ard\u0131ndan somut, karar derecesinde d\u00fczeltmeler \u00f6nermek i\u00e7in tasarlanm\u0131\u015f bir DeepSeek istemi. Finans ekipleri, risk y\u00f6netimi, FP&amp;A ve yat\u0131r\u0131mc\u0131ya haz\u0131r modelleme i\u00e7in idealdir. <\/p>\n","protected":false},"excerpt":{"rendered":"<p>Finansal modellerdeki g\u00fcvenlik a\u00e7\u0131klar\u0131n\u0131, gizli riskleri ve k\u0131r\u0131lgan varsay\u0131mlar\u0131 ortaya \u00e7\u0131karmak ve ard\u0131ndan somut, karar derecesinde d\u00fczeltmeler \u00f6nermek i\u00e7in tasarlanm\u0131\u015f bir DeepSeek istemi. Finans ekipleri, risk y\u00f6netimi, FP&amp;A ve yat\u0131r\u0131mc\u0131ya haz\u0131r modelleme i\u00e7in idealdir.<\/p>\n","protected":false},"featured_media":21602,"comment_status":"open","ping_status":"closed","template":"","meta":[],"product_brand":[],"product_cat":[695,347],"product_tag":[1621,2509,2516,2512,1644,1901,2514,1617],"class_list":{"0":"post-24020","1":"product","2":"type-product","3":"status-publish","4":"has-post-thumbnail","6":"product_cat-deepseek-istemleri","7":"product_cat-modeller","8":"product_tag-deepseek","9":"product_tag-finansal-modelleme","10":"product_tag-fpa","11":"product_tag-guvenlik-acigi-tespiti","12":"product_tag-karar-destek","13":"product_tag-risk-analizi","14":"product_tag-stres-testi","15":"product_tag-uretime-hazir","17":"first","18":"instock","19":"downloadable","20":"virtual","21":"product-type-simple"},"_links":{"self":[{"href":"https:\/\/prompt-place.com\/tr\/wp-json\/wp\/v2\/product\/24020","targetHints":{"allow":["GET"]}}],"collection":[{"href":"https:\/\/prompt-place.com\/tr\/wp-json\/wp\/v2\/product"}],"about":[{"href":"https:\/\/prompt-place.com\/tr\/wp-json\/wp\/v2\/types\/product"}],"replies":[{"embeddable":true,"href":"https:\/\/prompt-place.com\/tr\/wp-json\/wp\/v2\/comments?post=24020"}],"wp:featuredmedia":[{"embeddable":true,"href":"https:\/\/prompt-place.com\/tr\/wp-json\/wp\/v2\/media\/21602"}],"wp:attachment":[{"href":"https:\/\/prompt-place.com\/tr\/wp-json\/wp\/v2\/media?parent=24020"}],"wp:term":[{"taxonomy":"product_brand","embeddable":true,"href":"https:\/\/prompt-place.com\/tr\/wp-json\/wp\/v2\/product_brand?post=24020"},{"taxonomy":"product_cat","embeddable":true,"href":"https:\/\/prompt-place.com\/tr\/wp-json\/wp\/v2\/product_cat?post=24020"},{"taxonomy":"product_tag","embeddable":true,"href":"https:\/\/prompt-place.com\/tr\/wp-json\/wp\/v2\/product_tag?post=24020"}],"curies":[{"name":"wp","href":"https:\/\/api.w.org\/{rel}","templated":true}]}}