{"id":24019,"date":"2026-01-06T09:42:31","date_gmt":"2026-01-06T09:42:31","guid":{"rendered":"http:\/\/prompt-place.com\/product\/buyuk-veri-kumeleri-icin-yavas-bir-sql-sorgusunu-optimize-edin-deepseek\/"},"modified":"2026-01-06T09:42:31","modified_gmt":"2026-01-06T09:42:31","slug":"buyuk-veri-kumeleri-icin-yavas-bir-sql-sorgusunu-optimize-edin-deepseek","status":"publish","type":"product","link":"https:\/\/prompt-place.com\/tr\/urun\/buyuk-veri-kumeleri-icin-yavas-bir-sql-sorgusunu-optimize-edin-deepseek\/","title":{"rendered":"B\u00fcy\u00fck Veri K\u00fcmeleri i\u00e7in Yava\u015f Bir SQL Sorgusunu Optimize Edin (DeepSeek)"},"content":{"rendered":"<p>B\u00fcy\u00fck veri k\u00fcmeleri \u00fczerinde \u00e7al\u0131\u015fan yava\u015f SQL sorgular\u0131n\u0131 te\u015fhis ve optimize etmeye odaklanan bir DeepSeek istemi. Y\u00fcr\u00fctme planlar\u0131n\u0131n sistematik analizine rehberlik eder, darbo\u011fazlar\u0131 belirler ve \u00fcretim ortamlar\u0131 i\u00e7in uygun, g\u00fcvenli, motora duyarl\u0131 optimizasyonlar \u00f6nerir. <\/p>\n","protected":false},"excerpt":{"rendered":"<p>B\u00fcy\u00fck veri k\u00fcmeleri \u00fczerinde \u00e7al\u0131\u015fan yava\u015f SQL sorgular\u0131n\u0131 te\u015fhis ve optimize etmeye odaklanan bir DeepSeek istemi. Y\u00fcr\u00fctme planlar\u0131n\u0131n sistematik analizine rehberlik eder, darbo\u011fazlar\u0131 belirler ve \u00fcretim ortamlar\u0131 i\u00e7in uygun, g\u00fcvenli, motora duyarl\u0131 optimizasyonlar \u00f6nerir.<\/p>\n","protected":false},"featured_media":21602,"comment_status":"open","ping_status":"closed","template":"","meta":[],"product_brand":[],"product_cat":[695,347],"product_tag":[2510,1621,2513,2508,2507,1617,2511,2515],"class_list":{"0":"post-24019","1":"product","2":"type-product","3":"status-publish","4":"has-post-thumbnail","6":"product_cat-deepseek-istemleri","7":"product_cat-modeller","8":"product_tag-buyuk-veri-setleri","9":"product_tag-deepseek","10":"product_tag-indeksleme","11":"product_tag-sorgu-performans","12":"product_tag-sql-optimizasyonu","13":"product_tag-uretime-hazir","14":"product_tag-veritabani-ayarlama","15":"product_tag-yurutme-plani","17":"first","18":"instock","19":"downloadable","20":"virtual","21":"product-type-simple"},"_links":{"self":[{"href":"https:\/\/prompt-place.com\/tr\/wp-json\/wp\/v2\/product\/24019","targetHints":{"allow":["GET"]}}],"collection":[{"href":"https:\/\/prompt-place.com\/tr\/wp-json\/wp\/v2\/product"}],"about":[{"href":"https:\/\/prompt-place.com\/tr\/wp-json\/wp\/v2\/types\/product"}],"replies":[{"embeddable":true,"href":"https:\/\/prompt-place.com\/tr\/wp-json\/wp\/v2\/comments?post=24019"}],"wp:featuredmedia":[{"embeddable":true,"href":"https:\/\/prompt-place.com\/tr\/wp-json\/wp\/v2\/media\/21602"}],"wp:attachment":[{"href":"https:\/\/prompt-place.com\/tr\/wp-json\/wp\/v2\/media?parent=24019"}],"wp:term":[{"taxonomy":"product_brand","embeddable":true,"href":"https:\/\/prompt-place.com\/tr\/wp-json\/wp\/v2\/product_brand?post=24019"},{"taxonomy":"product_cat","embeddable":true,"href":"https:\/\/prompt-place.com\/tr\/wp-json\/wp\/v2\/product_cat?post=24019"},{"taxonomy":"product_tag","embeddable":true,"href":"https:\/\/prompt-place.com\/tr\/wp-json\/wp\/v2\/product_tag?post=24019"}],"curies":[{"name":"wp","href":"https:\/\/api.w.org\/{rel}","templated":true}]}}