{"id":24008,"date":"2026-01-06T09:42:36","date_gmt":"2026-01-06T09:42:36","guid":{"rendered":"http:\/\/prompt-place.com\/product\/kurumsal-yazilim-dagitimi-risk-degerlendirmesi-deepseek\/"},"modified":"2026-01-06T09:42:36","modified_gmt":"2026-01-06T09:42:36","slug":"kurumsal-yazilim-dagitimi-risk-degerlendirmesi-deepseek","status":"publish","type":"product","link":"https:\/\/prompt-place.com\/tr\/urun\/kurumsal-yazilim-dagitimi-risk-degerlendirmesi-deepseek\/","title":{"rendered":"Kurumsal Yaz\u0131l\u0131m Da\u011f\u0131t\u0131m\u0131 Risk De\u011ferlendirmesi (DeepSeek)"},"content":{"rendered":"<p>Yaz\u0131l\u0131m da\u011f\u0131t\u0131mlar\u0131 i\u00e7in yap\u0131land\u0131r\u0131lm\u0131\u015f, kurumsal d\u00fczeyde bir risk de\u011ferlendirmesi \u00fcretmeye y\u00f6nelik bir DeepSeek istemi. Teknik, g\u00fcvenlik, uyumluluk ve operasyonel riskleri net azaltma stratejileri ve da\u011f\u0131t\u0131ma devam etme\/etmeme se\u00e7enekleri i\u00e7in karar deste\u011fi ile kapsar. <\/p>\n","protected":false},"excerpt":{"rendered":"<p>Yaz\u0131l\u0131m da\u011f\u0131t\u0131mlar\u0131 i\u00e7in yap\u0131land\u0131r\u0131lm\u0131\u015f, kurumsal d\u00fczeyde bir risk de\u011ferlendirmesi \u00fcretmeye y\u00f6nelik bir DeepSeek istemi. Teknik, g\u00fcvenlik, uyumluluk ve operasyonel riskleri net azaltma stratejileri ve da\u011f\u0131t\u0131ma devam etme\/etmeme se\u00e7enekleri i\u00e7in karar deste\u011fi ile kapsar.<\/p>\n","protected":false},"featured_media":21602,"comment_status":"open","ping_status":"closed","template":"","meta":[],"product_brand":[],"product_cat":[695,347],"product_tag":[2458,1621,2459,1644,2456,2461,1655,1617,2460],"class_list":{"0":"post-24008","1":"product","2":"type-product","3":"status-publish","4":"has-post-thumbnail","6":"product_cat-deepseek-istemleri","7":"product_cat-modeller","8":"product_tag-dagitim-risk","9":"product_tag-deepseek","10":"product_tag-guvenlik-analizi","11":"product_tag-karar-destek","12":"product_tag-kurumsal-yazilim","13":"product_tag-operasyonel-risk","14":"product_tag-risk-degerlendirmesi","15":"product_tag-uretime-hazir","16":"product_tag-uyumluluk","18":"first","19":"instock","20":"downloadable","21":"virtual","22":"product-type-simple"},"_links":{"self":[{"href":"https:\/\/prompt-place.com\/tr\/wp-json\/wp\/v2\/product\/24008","targetHints":{"allow":["GET"]}}],"collection":[{"href":"https:\/\/prompt-place.com\/tr\/wp-json\/wp\/v2\/product"}],"about":[{"href":"https:\/\/prompt-place.com\/tr\/wp-json\/wp\/v2\/types\/product"}],"replies":[{"embeddable":true,"href":"https:\/\/prompt-place.com\/tr\/wp-json\/wp\/v2\/comments?post=24008"}],"wp:featuredmedia":[{"embeddable":true,"href":"https:\/\/prompt-place.com\/tr\/wp-json\/wp\/v2\/media\/21602"}],"wp:attachment":[{"href":"https:\/\/prompt-place.com\/tr\/wp-json\/wp\/v2\/media?parent=24008"}],"wp:term":[{"taxonomy":"product_brand","embeddable":true,"href":"https:\/\/prompt-place.com\/tr\/wp-json\/wp\/v2\/product_brand?post=24008"},{"taxonomy":"product_cat","embeddable":true,"href":"https:\/\/prompt-place.com\/tr\/wp-json\/wp\/v2\/product_cat?post=24008"},{"taxonomy":"product_tag","embeddable":true,"href":"https:\/\/prompt-place.com\/tr\/wp-json\/wp\/v2\/product_tag?post=24008"}],"curies":[{"name":"wp","href":"https:\/\/api.w.org\/{rel}","templated":true}]}}