{"id":24004,"date":"2026-01-06T09:42:38","date_gmt":"2026-01-06T09:42:38","guid":{"rendered":"http:\/\/prompt-place.com\/product\/akil-yurutmeye-dayali-icgorulerle-rekabet-analizi-deepseek\/"},"modified":"2026-01-06T09:42:38","modified_gmt":"2026-01-06T09:42:38","slug":"akil-yurutmeye-dayali-icgorulerle-rekabet-analizi-deepseek","status":"publish","type":"product","link":"https:\/\/prompt-place.com\/tr\/urun\/akil-yurutmeye-dayali-icgorulerle-rekabet-analizi-deepseek\/","title":{"rendered":"Ak\u0131l Y\u00fcr\u00fctmeye Dayal\u0131 \u0130\u00e7g\u00f6r\u00fclerle Rekabet Analizi (DeepSeek)"},"content":{"rendered":"<p>\u00d6zellik listelerinin \u00f6tesine ge\u00e7en stratejik bir rekabet analizi \u00fcretmek i\u00e7in bir DeepSeek istemi &#8211; rakiplerin amac\u0131, hendekleri, de\u011fi\u015f toku\u015flar\u0131 ve pazar bo\u015flu\u011fu hakk\u0131nda muhakemeye dayal\u0131 i\u00e7g\u00f6r\u00fcler \u00e7\u0131karma. Konumland\u0131rma ve stratejiyi \u015fekillendiren kurucular ve \u00fcr\u00fcn\/GTM ekipleri i\u00e7in idealdir. <\/p>\n","protected":false},"excerpt":{"rendered":"<p>\u00d6zellik listelerinin \u00f6tesine ge\u00e7en stratejik bir rekabet analizi \u00fcretmek i\u00e7in bir DeepSeek istemi &#8211; rakiplerin amac\u0131, hendekleri, de\u011fi\u015f toku\u015flar\u0131 ve pazar bo\u015flu\u011fu hakk\u0131nda muhakemeye dayal\u0131 i\u00e7g\u00f6r\u00fcler \u00e7\u0131karma. Konumland\u0131rma ve stratejiyi \u015fekillendiren kurucular ve \u00fcr\u00fcn\/GTM ekipleri i\u00e7in idealdir.<\/p>\n","protected":false},"featured_media":21602,"comment_status":"open","ping_status":"closed","template":"","meta":[],"product_brand":[],"product_cat":[695,347],"product_tag":[1621,2442,2441,2439,2440,2443,2438,1643,1617],"class_list":{"0":"post-24004","1":"product","2":"type-product","3":"status-publish","4":"has-post-thumbnail","6":"product_cat-deepseek-istemleri","7":"product_cat-modeller","8":"product_tag-deepseek","9":"product_tag-farklilasma","10":"product_tag-konumlandirma","11":"product_tag-pazar-arastirmasi","12":"product_tag-pazara-acilma","13":"product_tag-reasoning-insights","14":"product_tag-rekabet-analizi","15":"product_tag-strateji","16":"product_tag-uretime-hazir","18":"first","19":"instock","20":"downloadable","21":"virtual","22":"product-type-simple"},"_links":{"self":[{"href":"https:\/\/prompt-place.com\/tr\/wp-json\/wp\/v2\/product\/24004","targetHints":{"allow":["GET"]}}],"collection":[{"href":"https:\/\/prompt-place.com\/tr\/wp-json\/wp\/v2\/product"}],"about":[{"href":"https:\/\/prompt-place.com\/tr\/wp-json\/wp\/v2\/types\/product"}],"replies":[{"embeddable":true,"href":"https:\/\/prompt-place.com\/tr\/wp-json\/wp\/v2\/comments?post=24004"}],"wp:featuredmedia":[{"embeddable":true,"href":"https:\/\/prompt-place.com\/tr\/wp-json\/wp\/v2\/media\/21602"}],"wp:attachment":[{"href":"https:\/\/prompt-place.com\/tr\/wp-json\/wp\/v2\/media?parent=24004"}],"wp:term":[{"taxonomy":"product_brand","embeddable":true,"href":"https:\/\/prompt-place.com\/tr\/wp-json\/wp\/v2\/product_brand?post=24004"},{"taxonomy":"product_cat","embeddable":true,"href":"https:\/\/prompt-place.com\/tr\/wp-json\/wp\/v2\/product_cat?post=24004"},{"taxonomy":"product_tag","embeddable":true,"href":"https:\/\/prompt-place.com\/tr\/wp-json\/wp\/v2\/product_tag?post=24004"}],"curies":[{"name":"wp","href":"https:\/\/api.w.org\/{rel}","templated":true}]}}