{"id":23993,"date":"2026-01-06T09:42:15","date_gmt":"2026-01-06T09:42:15","guid":{"rendered":"http:\/\/prompt-place.com\/product\/yapay-zeka-pazarlama-yatirim-getirisi-analizi-ve-butce-tahsis-danismani\/"},"modified":"2026-01-06T09:42:15","modified_gmt":"2026-01-06T09:42:15","slug":"yapay-zeka-pazarlama-yatirim-getirisi-analizi-ve-butce-tahsis-danismani","status":"publish","type":"product","link":"https:\/\/prompt-place.com\/tr\/urun\/yapay-zeka-pazarlama-yatirim-getirisi-analizi-ve-butce-tahsis-danismani\/","title":{"rendered":"Yapay Zeka Pazarlama Yat\u0131r\u0131m Getirisi Analizi ve B\u00fct\u00e7e Tahsis Dan\u0131\u015fman\u0131"},"content":{"rendered":"<p>Bu istem, yapay zeka modellerinin birden fazla pazarlama kanal\u0131n\u0131n yat\u0131r\u0131m getirisini analiz etmesini ve optimum b\u00fct\u00e7e tahsisi \u00f6nermesini sa\u011flar. B\u00fcy\u00fcme ekiplerinin ve kurucular\u0131n verimlilik, \u00f6l\u00e7eklenebilirlik ve uzun vadeli etkiyi dengeleyen veri odakl\u0131 pazarlama kararlar\u0131 almas\u0131na yard\u0131mc\u0131 olur. <\/p>\n","protected":false},"excerpt":{"rendered":"<p>Bu istem, yapay zeka modellerinin birden fazla pazarlama kanal\u0131n\u0131n yat\u0131r\u0131m getirisini analiz etmesini ve optimum b\u00fct\u00e7e tahsisi \u00f6nermesini sa\u011flar. B\u00fcy\u00fcme ekiplerinin ve kurucular\u0131n verimlilik, \u00f6l\u00e7eklenebilirlik ve uzun vadeli etkiyi dengeleyen veri odakl\u0131 pazarlama kararlar\u0131 almas\u0131na yard\u0131mc\u0131 olur.<\/p>\n","protected":false},"featured_media":21520,"comment_status":"open","ping_status":"closed","template":"","meta":[],"product_brand":[],"product_cat":[756,347],"product_tag":[2393,2394,2396,2134,2392,2395,1617],"class_list":{"0":"post-23993","1":"product","2":"type-product","3":"status-publish","4":"has-post-thumbnail","6":"product_cat-chatgpt-istemleri","7":"product_cat-modeller","8":"product_tag-butce-tahsisi","9":"product_tag-buyume-pazarlama","10":"product_tag-dijital-pazarlama","11":"product_tag-is-stratejisi","12":"product_tag-pazarlama-roi","13":"product_tag-performans-analizi","14":"product_tag-uretime-hazir","16":"first","17":"instock","18":"downloadable","19":"virtual","20":"product-type-simple"},"_links":{"self":[{"href":"https:\/\/prompt-place.com\/tr\/wp-json\/wp\/v2\/product\/23993","targetHints":{"allow":["GET"]}}],"collection":[{"href":"https:\/\/prompt-place.com\/tr\/wp-json\/wp\/v2\/product"}],"about":[{"href":"https:\/\/prompt-place.com\/tr\/wp-json\/wp\/v2\/types\/product"}],"replies":[{"embeddable":true,"href":"https:\/\/prompt-place.com\/tr\/wp-json\/wp\/v2\/comments?post=23993"}],"wp:featuredmedia":[{"embeddable":true,"href":"https:\/\/prompt-place.com\/tr\/wp-json\/wp\/v2\/media\/21520"}],"wp:attachment":[{"href":"https:\/\/prompt-place.com\/tr\/wp-json\/wp\/v2\/media?parent=23993"}],"wp:term":[{"taxonomy":"product_brand","embeddable":true,"href":"https:\/\/prompt-place.com\/tr\/wp-json\/wp\/v2\/product_brand?post=23993"},{"taxonomy":"product_cat","embeddable":true,"href":"https:\/\/prompt-place.com\/tr\/wp-json\/wp\/v2\/product_cat?post=23993"},{"taxonomy":"product_tag","embeddable":true,"href":"https:\/\/prompt-place.com\/tr\/wp-json\/wp\/v2\/product_tag?post=23993"}],"curies":[{"name":"wp","href":"https:\/\/api.w.org\/{rel}","templated":true}]}}