{"id":23990,"date":"2026-01-06T09:42:17","date_gmt":"2026-01-06T09:42:17","guid":{"rendered":"http:\/\/prompt-place.com\/product\/yapay-zeka-rakip-peyzaj-analizi-ve-ozet-olusturucu\/"},"modified":"2026-01-06T09:42:17","modified_gmt":"2026-01-06T09:42:17","slug":"yapay-zeka-rakip-peyzaj-analizi-ve-ozet-olusturucu","status":"publish","type":"product","link":"https:\/\/prompt-place.com\/tr\/urun\/yapay-zeka-rakip-peyzaj-analizi-ve-ozet-olusturucu\/","title":{"rendered":"Yapay Zeka Rakip Peyzaj Analizi ve \u00d6zet Olu\u015fturucu"},"content":{"rendered":"<p>Bu istem, yapay zeka modellerinin do\u011frudan, dolayl\u0131 ve geli\u015fmekte olan rakipleri kapsayan kapsaml\u0131 bir rakip manzara \u00f6zeti olu\u015fturmas\u0131n\u0131 sa\u011flar. Kurucular\u0131n ve strateji ekiplerinin pazar yap\u0131s\u0131n\u0131, rekabet dinamiklerini ve farkl\u0131la\u015fma f\u0131rsatlar\u0131n\u0131 h\u0131zl\u0131 bir \u015fekilde anlamalar\u0131na yard\u0131mc\u0131 olur. <\/p>\n","protected":false},"excerpt":{"rendered":"<p>Bu istem, yapay zeka modellerinin do\u011frudan, dolayl\u0131 ve geli\u015fmekte olan rakipleri kapsayan kapsaml\u0131 bir rakip manzara \u00f6zeti olu\u015fturmas\u0131n\u0131 sa\u011flar. Kurucular\u0131n ve strateji ekiplerinin pazar yap\u0131s\u0131n\u0131, rekabet dinamiklerini ve farkl\u0131la\u015fma f\u0131rsatlar\u0131n\u0131 h\u0131zl\u0131 bir \u015fekilde anlamalar\u0131na yard\u0131mc\u0131 olur.<\/p>\n","protected":false},"featured_media":21520,"comment_status":"open","ping_status":"closed","template":"","meta":[],"product_brand":[],"product_cat":[756,347],"product_tag":[2113,2376,2378,2377,1643,1617,2379],"class_list":{"0":"post-23990","1":"product","2":"type-product","3":"status-publish","4":"has-post-thumbnail","6":"product_cat-chatgpt-istemleri","7":"product_cat-modeller","8":"product_tag-is-istihbarati","9":"product_tag-pazar-analizi","10":"product_tag-rakip-arastirma","11":"product_tag-rekabetci-peyzaj","12":"product_tag-strateji","13":"product_tag-uretime-hazir","14":"product_tag-urun-konumlandirma","16":"first","17":"instock","18":"downloadable","19":"virtual","20":"product-type-simple"},"_links":{"self":[{"href":"https:\/\/prompt-place.com\/tr\/wp-json\/wp\/v2\/product\/23990","targetHints":{"allow":["GET"]}}],"collection":[{"href":"https:\/\/prompt-place.com\/tr\/wp-json\/wp\/v2\/product"}],"about":[{"href":"https:\/\/prompt-place.com\/tr\/wp-json\/wp\/v2\/types\/product"}],"replies":[{"embeddable":true,"href":"https:\/\/prompt-place.com\/tr\/wp-json\/wp\/v2\/comments?post=23990"}],"wp:featuredmedia":[{"embeddable":true,"href":"https:\/\/prompt-place.com\/tr\/wp-json\/wp\/v2\/media\/21520"}],"wp:attachment":[{"href":"https:\/\/prompt-place.com\/tr\/wp-json\/wp\/v2\/media?parent=23990"}],"wp:term":[{"taxonomy":"product_brand","embeddable":true,"href":"https:\/\/prompt-place.com\/tr\/wp-json\/wp\/v2\/product_brand?post=23990"},{"taxonomy":"product_cat","embeddable":true,"href":"https:\/\/prompt-place.com\/tr\/wp-json\/wp\/v2\/product_cat?post=23990"},{"taxonomy":"product_tag","embeddable":true,"href":"https:\/\/prompt-place.com\/tr\/wp-json\/wp\/v2\/product_tag?post=23990"}],"curies":[{"name":"wp","href":"https:\/\/api.w.org\/{rel}","templated":true}]}}