{"id":23987,"date":"2026-01-06T09:42:17","date_gmt":"2026-01-06T09:42:17","guid":{"rendered":"http:\/\/prompt-place.com\/product\/ai-crm-veri-kalitesi-denetimi-ve-bosluk-analizi-asistani\/"},"modified":"2026-01-06T09:42:17","modified_gmt":"2026-01-06T09:42:17","slug":"ai-crm-veri-kalitesi-denetimi-ve-bosluk-analizi-asistani","status":"publish","type":"product","link":"https:\/\/prompt-place.com\/tr\/urun\/ai-crm-veri-kalitesi-denetimi-ve-bosluk-analizi-asistani\/","title":{"rendered":"AI CRM Veri Kalitesi Denetimi ve Bo\u015fluk Analizi Asistan\u0131"},"content":{"rendered":"<p>Bu istem, yapay zeka modellerinin CRM veri kalitesini denetlemesini, kritik bo\u015fluklar\u0131 ortaya \u00e7\u0131karmas\u0131n\u0131 ve bunlar\u0131n sat\u0131\u015f, pazarlama ve m\u00fc\u015fteri ba\u015far\u0131s\u0131 operasyonlar\u0131 \u00fczerindeki etkilerini de\u011ferlendirmesini sa\u011flar. RevOps ve CRM ekiplerinin veri g\u00fcvenilirli\u011fini, otomasyon etkinli\u011fini ve karar verme do\u011frulu\u011funu art\u0131rmas\u0131na yard\u0131mc\u0131 olur. <\/p>\n","protected":false},"excerpt":{"rendered":"<p>Bu istem, yapay zeka modellerinin CRM veri kalitesini denetlemesini, kritik bo\u015fluklar\u0131 ortaya \u00e7\u0131karmas\u0131n\u0131 ve bunlar\u0131n sat\u0131\u015f, pazarlama ve m\u00fc\u015fteri ba\u015far\u0131s\u0131 operasyonlar\u0131 \u00fczerindeki etkilerini de\u011ferlendirmesini sa\u011flar. RevOps ve CRM ekiplerinin veri g\u00fcvenilirli\u011fini, otomasyon etkinli\u011fini ve karar verme do\u011frulu\u011funu art\u0131rmas\u0131na yard\u0131mc\u0131 olur.<\/p>\n","protected":false},"featured_media":21520,"comment_status":"open","ping_status":"closed","template":"","meta":[],"product_brand":[],"product_cat":[756,347],"product_tag":[2360,2364,2362,2363,1617,2365,2361],"class_list":{"0":"post-23987","1":"product","2":"type-product","3":"status-publish","4":"has-post-thumbnail","6":"product_cat-chatgpt-istemleri","7":"product_cat-modeller","8":"product_tag-crm","9":"product_tag-pazarlama-ops","10":"product_tag-revops","11":"product_tag-satis-operasyonlar","12":"product_tag-uretime-hazir","13":"product_tag-veri-denetimi","14":"product_tag-veri-kalitesi","16":"first","17":"instock","18":"downloadable","19":"virtual","20":"product-type-simple"},"_links":{"self":[{"href":"https:\/\/prompt-place.com\/tr\/wp-json\/wp\/v2\/product\/23987","targetHints":{"allow":["GET"]}}],"collection":[{"href":"https:\/\/prompt-place.com\/tr\/wp-json\/wp\/v2\/product"}],"about":[{"href":"https:\/\/prompt-place.com\/tr\/wp-json\/wp\/v2\/types\/product"}],"replies":[{"embeddable":true,"href":"https:\/\/prompt-place.com\/tr\/wp-json\/wp\/v2\/comments?post=23987"}],"wp:featuredmedia":[{"embeddable":true,"href":"https:\/\/prompt-place.com\/tr\/wp-json\/wp\/v2\/media\/21520"}],"wp:attachment":[{"href":"https:\/\/prompt-place.com\/tr\/wp-json\/wp\/v2\/media?parent=23987"}],"wp:term":[{"taxonomy":"product_brand","embeddable":true,"href":"https:\/\/prompt-place.com\/tr\/wp-json\/wp\/v2\/product_brand?post=23987"},{"taxonomy":"product_cat","embeddable":true,"href":"https:\/\/prompt-place.com\/tr\/wp-json\/wp\/v2\/product_cat?post=23987"},{"taxonomy":"product_tag","embeddable":true,"href":"https:\/\/prompt-place.com\/tr\/wp-json\/wp\/v2\/product_tag?post=23987"}],"curies":[{"name":"wp","href":"https:\/\/api.w.org\/{rel}","templated":true}]}}