{"id":23986,"date":"2026-01-06T09:42:17","date_gmt":"2026-01-06T09:42:17","guid":{"rendered":"http:\/\/prompt-place.com\/product\/satin-alma-gecmisini-kullanarak-yapay-zeka-capraz-satis-firsati-belirleme-asistani\/"},"modified":"2026-01-06T09:42:17","modified_gmt":"2026-01-06T09:42:17","slug":"satin-alma-gecmisini-kullanarak-yapay-zeka-capraz-satis-firsati-belirleme-asistani","status":"publish","type":"product","link":"https:\/\/prompt-place.com\/tr\/urun\/satin-alma-gecmisini-kullanarak-yapay-zeka-capraz-satis-firsati-belirleme-asistani\/","title":{"rendered":"Sat\u0131n Alma Ge\u00e7mi\u015fini Kullanarak Yapay Zeka \u00c7apraz Sat\u0131\u015f F\u0131rsat\u0131 Belirleme Asistan\u0131"},"content":{"rendered":"<p>Bu istem, yapay zeka modellerinin m\u00fc\u015fteri sat\u0131n alma ge\u00e7mi\u015fini analiz etmesini ve y\u00fcksek potansiyelli \u00e7apraz sat\u0131\u015f f\u0131rsatlar\u0131n\u0131 belirlemesini sa\u011flar. Gelir, sat\u0131\u015f ve pazarlama ekiplerinin veriye dayal\u0131 \u00fcr\u00fcn \u00f6nerileriyle ortalama sipari\u015f de\u011ferini ve m\u00fc\u015fteri ya\u015fam boyu de\u011ferini art\u0131rmas\u0131na yard\u0131mc\u0131 olur. <\/p>\n","protected":false},"excerpt":{"rendered":"<p>Bu istem, yapay zeka modellerinin m\u00fc\u015fteri sat\u0131n alma ge\u00e7mi\u015fini analiz etmesini ve y\u00fcksek potansiyelli \u00e7apraz sat\u0131\u015f f\u0131rsatlar\u0131n\u0131 belirlemesini sa\u011flar. Gelir, sat\u0131\u015f ve pazarlama ekiplerinin veriye dayal\u0131 \u00fcr\u00fcn \u00f6nerileriyle ortalama sipari\u015f de\u011ferini ve m\u00fc\u015fteri ya\u015fam boyu de\u011ferini art\u0131rmas\u0131na yard\u0131mc\u0131 olur.<\/p>\n","protected":false},"featured_media":21520,"comment_status":"open","ping_status":"closed","template":"","meta":[],"product_brand":[],"product_cat":[756,347],"product_tag":[2353,2355,1784,2357,2359,1617,2358],"class_list":{"0":"post-23986","1":"product","2":"type-product","3":"status-publish","4":"has-post-thumbnail","6":"product_cat-chatgpt-istemleri","7":"product_cat-modeller","8":"product_tag-capraz-satis","9":"product_tag-gelir-optimizasyonu","10":"product_tag-musteri-analitigi","11":"product_tag-satin-alma-analiz","12":"product_tag-satis-stratejisi","13":"product_tag-uretime-hazir","14":"product_tag-ust-satis","16":"first","17":"instock","18":"downloadable","19":"virtual","20":"product-type-simple"},"_links":{"self":[{"href":"https:\/\/prompt-place.com\/tr\/wp-json\/wp\/v2\/product\/23986","targetHints":{"allow":["GET"]}}],"collection":[{"href":"https:\/\/prompt-place.com\/tr\/wp-json\/wp\/v2\/product"}],"about":[{"href":"https:\/\/prompt-place.com\/tr\/wp-json\/wp\/v2\/types\/product"}],"replies":[{"embeddable":true,"href":"https:\/\/prompt-place.com\/tr\/wp-json\/wp\/v2\/comments?post=23986"}],"wp:featuredmedia":[{"embeddable":true,"href":"https:\/\/prompt-place.com\/tr\/wp-json\/wp\/v2\/media\/21520"}],"wp:attachment":[{"href":"https:\/\/prompt-place.com\/tr\/wp-json\/wp\/v2\/media?parent=23986"}],"wp:term":[{"taxonomy":"product_brand","embeddable":true,"href":"https:\/\/prompt-place.com\/tr\/wp-json\/wp\/v2\/product_brand?post=23986"},{"taxonomy":"product_cat","embeddable":true,"href":"https:\/\/prompt-place.com\/tr\/wp-json\/wp\/v2\/product_cat?post=23986"},{"taxonomy":"product_tag","embeddable":true,"href":"https:\/\/prompt-place.com\/tr\/wp-json\/wp\/v2\/product_tag?post=23986"}],"curies":[{"name":"wp","href":"https:\/\/api.w.org\/{rel}","templated":true}]}}