{"id":23984,"date":"2026-01-06T09:42:22","date_gmt":"2026-01-06T09:42:22","guid":{"rendered":"http:\/\/prompt-place.com\/product\/yapay-zeka-is-hedeflerini-okrlere-donusturme-asistani\/"},"modified":"2026-01-06T09:42:22","modified_gmt":"2026-01-06T09:42:22","slug":"yapay-zeka-is-hedeflerini-okrlere-donusturme-asistani","status":"publish","type":"product","link":"https:\/\/prompt-place.com\/tr\/urun\/yapay-zeka-is-hedeflerini-okrlere-donusturme-asistani\/","title":{"rendered":"Yapay Zeka \u0130\u015f Hedeflerini OKR&#8217;lere D\u00f6n\u00fc\u015ft\u00fcrme Asistan\u0131"},"content":{"rendered":"<p>Bu istem, yapay zeka modellerinin \u00fcst d\u00fczey i\u015f hedeflerini net, \u00f6l\u00e7\u00fclebilir OKR&#8217;lere d\u00f6n\u00fc\u015ft\u00fcrmesini sa\u011flar. Liderlerin ve ekiplerin sonu\u00e7 odakl\u0131 hedefleri ve somut temel sonu\u00e7lar\u0131 tan\u0131mlayarak stratejiyi uygulama ile uyumlu hale getirmelerine yard\u0131mc\u0131 olur. <\/p>\n","protected":false},"excerpt":{"rendered":"<p>Bu istem, yapay zeka modellerinin \u00fcst d\u00fczey i\u015f hedeflerini net, \u00f6l\u00e7\u00fclebilir OKR&#8217;lere d\u00f6n\u00fc\u015ft\u00fcrmesini sa\u011flar. Liderlerin ve ekiplerin sonu\u00e7 odakl\u0131 hedefleri ve somut temel sonu\u00e7lar\u0131 tan\u0131mlayarak stratejiyi uygulama ile uyumlu hale getirmelerine yard\u0131mc\u0131 olur.<\/p>\n","protected":false},"featured_media":21520,"comment_status":"open","ping_status":"closed","template":"","meta":[],"product_brand":[],"product_cat":[756,347],"product_tag":[2347,2348,2134,2136,2346,1645,1617],"class_list":{"0":"post-23984","1":"product","2":"type-product","3":"status-publish","4":"has-post-thumbnail","6":"product_cat-chatgpt-istemleri","7":"product_cat-modeller","8":"product_tag-hedef-belirleme","9":"product_tag-hizalama","10":"product_tag-is-stratejisi","11":"product_tag-liderlik","12":"product_tag-okrs","13":"product_tag-performans-yonetimi","14":"product_tag-uretime-hazir","16":"first","17":"instock","18":"downloadable","19":"virtual","20":"product-type-simple"},"_links":{"self":[{"href":"https:\/\/prompt-place.com\/tr\/wp-json\/wp\/v2\/product\/23984","targetHints":{"allow":["GET"]}}],"collection":[{"href":"https:\/\/prompt-place.com\/tr\/wp-json\/wp\/v2\/product"}],"about":[{"href":"https:\/\/prompt-place.com\/tr\/wp-json\/wp\/v2\/types\/product"}],"replies":[{"embeddable":true,"href":"https:\/\/prompt-place.com\/tr\/wp-json\/wp\/v2\/comments?post=23984"}],"wp:featuredmedia":[{"embeddable":true,"href":"https:\/\/prompt-place.com\/tr\/wp-json\/wp\/v2\/media\/21520"}],"wp:attachment":[{"href":"https:\/\/prompt-place.com\/tr\/wp-json\/wp\/v2\/media?parent=23984"}],"wp:term":[{"taxonomy":"product_brand","embeddable":true,"href":"https:\/\/prompt-place.com\/tr\/wp-json\/wp\/v2\/product_brand?post=23984"},{"taxonomy":"product_cat","embeddable":true,"href":"https:\/\/prompt-place.com\/tr\/wp-json\/wp\/v2\/product_cat?post=23984"},{"taxonomy":"product_tag","embeddable":true,"href":"https:\/\/prompt-place.com\/tr\/wp-json\/wp\/v2\/product_tag?post=23984"}],"curies":[{"name":"wp","href":"https:\/\/api.w.org\/{rel}","templated":true}]}}