{"id":23980,"date":"2026-01-06T09:42:16","date_gmt":"2026-01-06T09:42:16","guid":{"rendered":"http:\/\/prompt-place.com\/product\/bi-platformlari-icin-yapay-zeka-satis-verisi-temizleme-ve-normallestirme-asistani\/"},"modified":"2026-01-06T09:42:16","modified_gmt":"2026-01-06T09:42:16","slug":"bi-platformlari-icin-yapay-zeka-satis-verisi-temizleme-ve-normallestirme-asistani","status":"publish","type":"product","link":"https:\/\/prompt-place.com\/tr\/urun\/bi-platformlari-icin-yapay-zeka-satis-verisi-temizleme-ve-normallestirme-asistani\/","title":{"rendered":"BI Platformlar\u0131 i\u00e7in Yapay Zeka Sat\u0131\u015f Verisi Temizleme ve Normalle\u015ftirme Asistan\u0131"},"content":{"rendered":"<p>Bu istem, yapay zeka modellerinin da\u011f\u0131n\u0131k CSV sat\u0131\u015f verilerini BI ve analiz platformlar\u0131 i\u00e7in haz\u0131r temiz, normalle\u015ftirilmi\u015f veri k\u00fcmelerine d\u00f6n\u00fc\u015ft\u00fcrmesini sa\u011flar. Analistlerin ve veri ekiplerinin veri kalitesini art\u0131rmas\u0131na, tutarl\u0131l\u0131\u011f\u0131 sa\u011flamas\u0131na ve g\u00f6sterge tablosu ve raporlama i\u015f ak\u0131\u015flar\u0131n\u0131 h\u0131zland\u0131rmas\u0131na yard\u0131mc\u0131 olur. <\/p>\n","protected":false},"excerpt":{"rendered":"<p>Bu istem, yapay zeka modellerinin da\u011f\u0131n\u0131k CSV sat\u0131\u015f verilerini BI ve analiz platformlar\u0131 i\u00e7in haz\u0131r temiz, normalle\u015ftirilmi\u015f veri k\u00fcmelerine d\u00f6n\u00fc\u015ft\u00fcrmesini sa\u011flar. Analistlerin ve veri ekiplerinin veri kalitesini art\u0131rmas\u0131na, tutarl\u0131l\u0131\u011f\u0131 sa\u011flamas\u0131na ve g\u00f6sterge tablosu ve raporlama i\u015f ak\u0131\u015flar\u0131n\u0131 h\u0131zland\u0131rmas\u0131na yard\u0131mc\u0131 olur.<\/p>\n","protected":false},"featured_media":21520,"comment_status":"open","ping_status":"closed","template":"","meta":[],"product_brand":[],"product_cat":[756,347],"product_tag":[2326,2330,2328,2113,1617,2327,2329],"class_list":{"0":"post-23980","1":"product","2":"type-product","3":"status-publish","4":"has-post-thumbnail","6":"product_cat-chatgpt-istemleri","7":"product_cat-modeller","8":"product_tag-analitik","9":"product_tag-bi-tools","10":"product_tag-csv-isleme","11":"product_tag-is-istihbarati","12":"product_tag-uretime-hazir","13":"product_tag-veri-temizleme","14":"product_tag-veri-normallestirme","16":"first","17":"instock","18":"downloadable","19":"virtual","20":"product-type-simple"},"_links":{"self":[{"href":"https:\/\/prompt-place.com\/tr\/wp-json\/wp\/v2\/product\/23980","targetHints":{"allow":["GET"]}}],"collection":[{"href":"https:\/\/prompt-place.com\/tr\/wp-json\/wp\/v2\/product"}],"about":[{"href":"https:\/\/prompt-place.com\/tr\/wp-json\/wp\/v2\/types\/product"}],"replies":[{"embeddable":true,"href":"https:\/\/prompt-place.com\/tr\/wp-json\/wp\/v2\/comments?post=23980"}],"wp:featuredmedia":[{"embeddable":true,"href":"https:\/\/prompt-place.com\/tr\/wp-json\/wp\/v2\/media\/21520"}],"wp:attachment":[{"href":"https:\/\/prompt-place.com\/tr\/wp-json\/wp\/v2\/media?parent=23980"}],"wp:term":[{"taxonomy":"product_brand","embeddable":true,"href":"https:\/\/prompt-place.com\/tr\/wp-json\/wp\/v2\/product_brand?post=23980"},{"taxonomy":"product_cat","embeddable":true,"href":"https:\/\/prompt-place.com\/tr\/wp-json\/wp\/v2\/product_cat?post=23980"},{"taxonomy":"product_tag","embeddable":true,"href":"https:\/\/prompt-place.com\/tr\/wp-json\/wp\/v2\/product_tag?post=23980"}],"curies":[{"name":"wp","href":"https:\/\/api.w.org\/{rel}","templated":true}]}}