{"id":23976,"date":"2026-01-06T09:42:16","date_gmt":"2026-01-06T09:42:16","guid":{"rendered":"http:\/\/prompt-place.com\/product\/yapay-zeka-musteri-persona-simulasyonu-olusturucu\/"},"modified":"2026-01-06T09:42:16","modified_gmt":"2026-01-06T09:42:16","slug":"yapay-zeka-musteri-persona-simulasyonu-olusturucu","status":"publish","type":"product","link":"https:\/\/prompt-place.com\/tr\/urun\/yapay-zeka-musteri-persona-simulasyonu-olusturucu\/","title":{"rendered":"Yapay Zeka M\u00fc\u015fteri Persona Sim\u00fclasyonu Olu\u015fturucu"},"content":{"rendered":"<p>Bu bilgi istemi, yapay zeka modellerinin demografik ve davran\u0131\u015fsal i\u00e7g\u00f6r\u00fcleri kullanarak ger\u00e7ek\u00e7i m\u00fc\u015fteri personalar\u0131 olu\u015fturmas\u0131n\u0131 sa\u011flar. Ekiplerin hedef kitleleri daha iyi anlamas\u0131na ve persona odakl\u0131 d\u00fc\u015f\u00fcnceyi \u00fcr\u00fcn tasar\u0131m\u0131, pazarlama ve sat\u0131\u015f stratejilerine uygulamas\u0131na yard\u0131mc\u0131 olur. <\/p>\n","protected":false},"excerpt":{"rendered":"<p>Bu bilgi istemi, yapay zeka modellerinin demografik ve davran\u0131\u015fsal i\u00e7g\u00f6r\u00fcleri kullanarak ger\u00e7ek\u00e7i m\u00fc\u015fteri personalar\u0131 olu\u015fturmas\u0131n\u0131 sa\u011flar. Ekiplerin hedef kitleleri daha iyi anlamas\u0131na ve persona odakl\u0131 d\u00fc\u015f\u00fcnceyi \u00fcr\u00fcn tasar\u0131m\u0131, pazarlama ve sat\u0131\u015f stratejilerine uygulamas\u0131na yard\u0131mc\u0131 olur.<\/p>\n","protected":false},"featured_media":21520,"comment_status":"open","ping_status":"closed","template":"","meta":[],"product_brand":[],"product_cat":[756,347],"product_tag":[2306,2307,2305,2304,2308,1617,2309],"class_list":{"0":"post-23976","1":"product","2":"type-product","3":"status-publish","4":"has-post-thumbnail","6":"product_cat-chatgpt-istemleri","7":"product_cat-modeller","8":"product_tag-davranissal-analiz","9":"product_tag-demografik","10":"product_tag-kullanici-arastirma","11":"product_tag-musteri-kisilikleri","12":"product_tag-pazarlama-stratejisi","13":"product_tag-uretime-hazir","14":"product_tag-ux-tasarim","16":"first","17":"instock","18":"downloadable","19":"virtual","20":"product-type-simple"},"_links":{"self":[{"href":"https:\/\/prompt-place.com\/tr\/wp-json\/wp\/v2\/product\/23976","targetHints":{"allow":["GET"]}}],"collection":[{"href":"https:\/\/prompt-place.com\/tr\/wp-json\/wp\/v2\/product"}],"about":[{"href":"https:\/\/prompt-place.com\/tr\/wp-json\/wp\/v2\/types\/product"}],"replies":[{"embeddable":true,"href":"https:\/\/prompt-place.com\/tr\/wp-json\/wp\/v2\/comments?post=23976"}],"wp:featuredmedia":[{"embeddable":true,"href":"https:\/\/prompt-place.com\/tr\/wp-json\/wp\/v2\/media\/21520"}],"wp:attachment":[{"href":"https:\/\/prompt-place.com\/tr\/wp-json\/wp\/v2\/media?parent=23976"}],"wp:term":[{"taxonomy":"product_brand","embeddable":true,"href":"https:\/\/prompt-place.com\/tr\/wp-json\/wp\/v2\/product_brand?post=23976"},{"taxonomy":"product_cat","embeddable":true,"href":"https:\/\/prompt-place.com\/tr\/wp-json\/wp\/v2\/product_cat?post=23976"},{"taxonomy":"product_tag","embeddable":true,"href":"https:\/\/prompt-place.com\/tr\/wp-json\/wp\/v2\/product_tag?post=23976"}],"curies":[{"name":"wp","href":"https:\/\/api.w.org\/{rel}","templated":true}]}}