{"id":23973,"date":"2026-01-06T09:42:21","date_gmt":"2026-01-06T09:42:21","guid":{"rendered":"http:\/\/prompt-place.com\/product\/kategoriye-ve-bolgeye-gore-yapay-zeka-urun-karlilik-analizi\/"},"modified":"2026-01-06T09:42:21","modified_gmt":"2026-01-06T09:42:21","slug":"kategoriye-ve-bolgeye-gore-yapay-zeka-urun-karlilik-analizi","status":"publish","type":"product","link":"https:\/\/prompt-place.com\/tr\/urun\/kategoriye-ve-bolgeye-gore-yapay-zeka-urun-karlilik-analizi\/","title":{"rendered":"Kategoriye ve B\u00f6lgeye G\u00f6re Yapay Zeka \u00dcr\u00fcn Karl\u0131l\u0131k Analizi"},"content":{"rendered":"<p>Bu bilgi istemi, yapay zeka modellerinin kategoriler ve co\u011frafi b\u00f6lgeler genelinde \u00fcr\u00fcn karl\u0131l\u0131\u011f\u0131n\u0131 analiz etmesini sa\u011flar. Finans ve strateji ekiplerinin marj etkenlerini anlamalar\u0131na, d\u00fc\u015f\u00fck performans g\u00f6steren segmentleri belirlemelerine ve fiyatland\u0131rma, maliyet optimizasyonu ve portf\u00f6y oda\u011f\u0131 konular\u0131nda bilin\u00e7li kararlar almalar\u0131na yard\u0131mc\u0131 olur. <\/p>\n","protected":false},"excerpt":{"rendered":"<p>Bu bilgi istemi, yapay zeka modellerinin kategoriler ve co\u011frafi b\u00f6lgeler genelinde \u00fcr\u00fcn karl\u0131l\u0131\u011f\u0131n\u0131 analiz etmesini sa\u011flar. Finans ve strateji ekiplerinin marj etkenlerini anlamalar\u0131na, d\u00fc\u015f\u00fck performans g\u00f6steren segmentleri belirlemelerine ve fiyatland\u0131rma, maliyet optimizasyonu ve portf\u00f6y oda\u011f\u0131 konular\u0131nda bilin\u00e7li kararlar almalar\u0131na yard\u0131mc\u0131 olur.<\/p>\n","protected":false},"featured_media":21520,"comment_status":"open","ping_status":"closed","template":"","meta":[],"product_brand":[],"product_cat":[756,347],"product_tag":[2293,2290,2289,2134,2292,1617,2291],"class_list":{"0":"post-23973","1":"product","2":"type-product","3":"status-publish","4":"has-post-thumbnail","6":"product_cat-chatgpt-istemleri","7":"product_cat-modeller","8":"product_tag-bolgesel-analiz","9":"product_tag-finans","10":"product_tag-finansal-analiz","11":"product_tag-is-stratejisi","12":"product_tag-marj-analizi","13":"product_tag-uretime-hazir","14":"product_tag-urun-karlilik","16":"first","17":"instock","18":"downloadable","19":"virtual","20":"product-type-simple"},"_links":{"self":[{"href":"https:\/\/prompt-place.com\/tr\/wp-json\/wp\/v2\/product\/23973","targetHints":{"allow":["GET"]}}],"collection":[{"href":"https:\/\/prompt-place.com\/tr\/wp-json\/wp\/v2\/product"}],"about":[{"href":"https:\/\/prompt-place.com\/tr\/wp-json\/wp\/v2\/types\/product"}],"replies":[{"embeddable":true,"href":"https:\/\/prompt-place.com\/tr\/wp-json\/wp\/v2\/comments?post=23973"}],"wp:featuredmedia":[{"embeddable":true,"href":"https:\/\/prompt-place.com\/tr\/wp-json\/wp\/v2\/media\/21520"}],"wp:attachment":[{"href":"https:\/\/prompt-place.com\/tr\/wp-json\/wp\/v2\/media?parent=23973"}],"wp:term":[{"taxonomy":"product_brand","embeddable":true,"href":"https:\/\/prompt-place.com\/tr\/wp-json\/wp\/v2\/product_brand?post=23973"},{"taxonomy":"product_cat","embeddable":true,"href":"https:\/\/prompt-place.com\/tr\/wp-json\/wp\/v2\/product_cat?post=23973"},{"taxonomy":"product_tag","embeddable":true,"href":"https:\/\/prompt-place.com\/tr\/wp-json\/wp\/v2\/product_tag?post=23973"}],"curies":[{"name":"wp","href":"https:\/\/api.w.org\/{rel}","templated":true}]}}