{"id":23970,"date":"2026-01-06T09:42:17","date_gmt":"2026-01-06T09:42:17","guid":{"rendered":"http:\/\/prompt-place.com\/product\/yapay-zeka-operasyonel-is-yuku-analizi-ve-otomasyon-araci-oneri-asistani\/"},"modified":"2026-01-06T09:42:17","modified_gmt":"2026-01-06T09:42:17","slug":"yapay-zeka-operasyonel-is-yuku-analizi-ve-otomasyon-araci-oneri-asistani","status":"publish","type":"product","link":"https:\/\/prompt-place.com\/tr\/urun\/yapay-zeka-operasyonel-is-yuku-analizi-ve-otomasyon-araci-oneri-asistani\/","title":{"rendered":"Yapay Zeka Operasyonel \u0130\u015f Y\u00fck\u00fc Analizi ve Otomasyon Arac\u0131 \u00d6neri Asistan\u0131"},"content":{"rendered":"<p>Bu istem, yapay zeka modellerinin operasyonel i\u015f y\u00fcklerini analiz etmesini, darbo\u011fazlar\u0131 belirlemesini ve uygun otomasyon ara\u00e7lar\u0131 \u00f6nermesini sa\u011flar. Operasyon ve liderlik ekiplerinin manuel \u00e7abay\u0131 azaltmas\u0131na, verimlili\u011fi art\u0131rmas\u0131na ve pratik otomasyon stratejileri arac\u0131l\u0131\u011f\u0131yla s\u00fcre\u00e7leri \u00f6l\u00e7eklendirmesine yard\u0131mc\u0131 olur. <\/p>\n","protected":false},"excerpt":{"rendered":"<p>Bu istem, yapay zeka modellerinin operasyonel i\u015f y\u00fcklerini analiz etmesini, darbo\u011fazlar\u0131 belirlemesini ve uygun otomasyon ara\u00e7lar\u0131 \u00f6nermesini sa\u011flar. Operasyon ve liderlik ekiplerinin manuel \u00e7abay\u0131 azaltmas\u0131na, verimlili\u011fi art\u0131rmas\u0131na ve pratik otomasyon stratejileri arac\u0131l\u0131\u011f\u0131yla s\u00fcre\u00e7leri \u00f6l\u00e7eklendirmesine yard\u0131mc\u0131 olur.<\/p>\n","protected":false},"featured_media":21520,"comment_status":"open","ping_status":"closed","template":"","meta":[],"product_brand":[],"product_cat":[756,347],"product_tag":[2276,2278,2081,2277,2279,2280,1617],"class_list":{"0":"post-23970","1":"product","2":"type-product","3":"status-publish","4":"has-post-thumbnail","6":"product_cat-chatgpt-istemleri","7":"product_cat-modeller","8":"product_tag-ai-otomasyon","9":"product_tag-is-yuku-yonetimi","10":"product_tag-operasyonlar","11":"product_tag-operasyonlar-analiz","12":"product_tag-otomasyon-araclari","13":"product_tag-surec-optimizasyonu","14":"product_tag-uretime-hazir","16":"first","17":"instock","18":"downloadable","19":"virtual","20":"product-type-simple"},"_links":{"self":[{"href":"https:\/\/prompt-place.com\/tr\/wp-json\/wp\/v2\/product\/23970","targetHints":{"allow":["GET"]}}],"collection":[{"href":"https:\/\/prompt-place.com\/tr\/wp-json\/wp\/v2\/product"}],"about":[{"href":"https:\/\/prompt-place.com\/tr\/wp-json\/wp\/v2\/types\/product"}],"replies":[{"embeddable":true,"href":"https:\/\/prompt-place.com\/tr\/wp-json\/wp\/v2\/comments?post=23970"}],"wp:featuredmedia":[{"embeddable":true,"href":"https:\/\/prompt-place.com\/tr\/wp-json\/wp\/v2\/media\/21520"}],"wp:attachment":[{"href":"https:\/\/prompt-place.com\/tr\/wp-json\/wp\/v2\/media?parent=23970"}],"wp:term":[{"taxonomy":"product_brand","embeddable":true,"href":"https:\/\/prompt-place.com\/tr\/wp-json\/wp\/v2\/product_brand?post=23970"},{"taxonomy":"product_cat","embeddable":true,"href":"https:\/\/prompt-place.com\/tr\/wp-json\/wp\/v2\/product_cat?post=23970"},{"taxonomy":"product_tag","embeddable":true,"href":"https:\/\/prompt-place.com\/tr\/wp-json\/wp\/v2\/product_tag?post=23970"}],"curies":[{"name":"wp","href":"https:\/\/api.w.org\/{rel}","templated":true}]}}