{"id":23967,"date":"2026-01-06T09:42:17","date_gmt":"2026-01-06T09:42:17","guid":{"rendered":"http:\/\/prompt-place.com\/product\/ai-yeni-pazara-giris-risk-degerlendirme-jeneratoru\/"},"modified":"2026-03-05T08:20:27","modified_gmt":"2026-03-05T08:20:27","slug":"ai-yeni-pazara-giris-risk-degerlendirme-jeneratoru","status":"publish","type":"product","link":"https:\/\/prompt-place.com\/tr\/urun\/ai-yeni-pazara-giris-risk-degerlendirme-jeneratoru\/","title":{"rendered":"AI Yeni Pazara Giri\u015f Risk De\u011ferlendirme Jenerat\u00f6r\u00fc"},"content":{"rendered":"<p>Bu istem, yapay zeka modellerinin yeni pazarlara girmek i\u00e7in yap\u0131land\u0131r\u0131lm\u0131\u015f risk de\u011ferlendirme raporlar\u0131 olu\u015fturmas\u0131n\u0131 sa\u011flar. Y\u00f6neticilerin ve strateji ekiplerinin \u00f6nemli pazar, mevzuat, operasyonel ve finansal riskleri tan\u0131mlamas\u0131na ve gitme \/ gitmeme kararlar\u0131n\u0131 desteklemek i\u00e7in net azaltma stratejileri belirlemesine yard\u0131mc\u0131 olur. <\/p>\n","protected":false},"excerpt":{"rendered":"<p>Bu istem, yapay zeka modellerinin yeni pazarlara girmek i\u00e7in yap\u0131land\u0131r\u0131lm\u0131\u015f risk de\u011ferlendirme raporlar\u0131 olu\u015fturmas\u0131n\u0131 sa\u011flar. Y\u00f6neticilerin ve strateji ekiplerinin \u00f6nemli pazar, mevzuat, operasyonel ve finansal riskleri tan\u0131mlamas\u0131na ve gitme \/ gitmeme kararlar\u0131n\u0131 desteklemek i\u00e7in net azaltma stratejileri belirlemesine yard\u0131mc\u0131 olur.<\/p>\n","protected":false},"featured_media":21520,"comment_status":"open","ping_status":"closed","template":"","meta":[],"product_brand":[],"product_cat":[756,347],"product_tag":[2264,2134,1644,2265,1655,2266,1617],"class_list":{"0":"post-23967","1":"product","2":"type-product","3":"status-publish","4":"has-post-thumbnail","6":"product_cat-chatgpt-istemleri","7":"product_cat-modeller","8":"product_tag-danismanlik","9":"product_tag-is-stratejisi","10":"product_tag-karar-destek","11":"product_tag-pazara-giris","12":"product_tag-risk-degerlendirmesi","13":"product_tag-uluslararasi-genisleme","14":"product_tag-uretime-hazir","16":"first","17":"instock","18":"downloadable","19":"virtual","20":"product-type-simple"},"_links":{"self":[{"href":"https:\/\/prompt-place.com\/tr\/wp-json\/wp\/v2\/product\/23967","targetHints":{"allow":["GET"]}}],"collection":[{"href":"https:\/\/prompt-place.com\/tr\/wp-json\/wp\/v2\/product"}],"about":[{"href":"https:\/\/prompt-place.com\/tr\/wp-json\/wp\/v2\/types\/product"}],"replies":[{"embeddable":true,"href":"https:\/\/prompt-place.com\/tr\/wp-json\/wp\/v2\/comments?post=23967"}],"wp:featuredmedia":[{"embeddable":true,"href":"https:\/\/prompt-place.com\/tr\/wp-json\/wp\/v2\/media\/21520"}],"wp:attachment":[{"href":"https:\/\/prompt-place.com\/tr\/wp-json\/wp\/v2\/media?parent=23967"}],"wp:term":[{"taxonomy":"product_brand","embeddable":true,"href":"https:\/\/prompt-place.com\/tr\/wp-json\/wp\/v2\/product_brand?post=23967"},{"taxonomy":"product_cat","embeddable":true,"href":"https:\/\/prompt-place.com\/tr\/wp-json\/wp\/v2\/product_cat?post=23967"},{"taxonomy":"product_tag","embeddable":true,"href":"https:\/\/prompt-place.com\/tr\/wp-json\/wp\/v2\/product_tag?post=23967"}],"curies":[{"name":"wp","href":"https:\/\/api.w.org\/{rel}","templated":true}]}}