{"id":23964,"date":"2026-01-06T09:42:22","date_gmt":"2026-01-06T09:42:22","guid":{"rendered":"http:\/\/prompt-place.com\/product\/modern-bir-ofiste-insanlarla-isbirligi-yapan-yapay-zeka-robotu\/"},"modified":"2026-01-06T09:42:22","modified_gmt":"2026-01-06T09:42:22","slug":"modern-bir-ofiste-insanlarla-isbirligi-yapan-yapay-zeka-robotu","status":"publish","type":"product","link":"https:\/\/prompt-place.com\/tr\/urun\/modern-bir-ofiste-insanlarla-isbirligi-yapan-yapay-zeka-robotu\/","title":{"rendered":"Modern Bir Ofiste \u0130nsanlarla \u0130\u015fbirli\u011fi Yapan Yapay Zeka Robotu"},"content":{"rendered":"<p>Bu komut istemi, modern bir ofiste birlikte \u00e7al\u0131\u015fan insanlar ve bir YZ robotunun ger\u00e7ek\u00e7i ve iyimser bir g\u00f6rselle\u015ftirmesini olu\u015fturur. Kurumsal ortamlarda insan-YZ i\u015fbirli\u011fini sergilemek, YZ \u00fcr\u00fcn pazarlamas\u0131 ve gelece\u011fin i\u015f g\u00f6rselleri i\u00e7in idealdir. <\/p>\n","protected":false},"excerpt":{"rendered":"<p>Bu komut istemi, modern bir ofiste birlikte \u00e7al\u0131\u015fan insanlar ve bir YZ robotunun ger\u00e7ek\u00e7i ve iyimser bir g\u00f6rselle\u015ftirmesini olu\u015fturur. Kurumsal ortamlarda insan-YZ i\u015fbirli\u011fini sergilemek, YZ \u00fcr\u00fcn pazarlamas\u0131 ve gelece\u011fin i\u015f g\u00f6rselleri i\u00e7in idealdir.<\/p>\n","protected":false},"featured_media":21561,"comment_status":"open","ping_status":"closed","template":"","meta":[],"product_brand":[],"product_cat":[746,347],"product_tag":[2251,1954,2257,2253,2258,2255,2234,1617],"class_list":{"0":"post-23964","1":"product","2":"type-product","3":"status-publish","4":"has-post-thumbnail","6":"product_cat-dall-e-ipucu","7":"product_cat-modeller","8":"product_tag-ai-robot","9":"product_tag-dalle","10":"product_tag-futuristik-isyeri","11":"product_tag-human-ai-collaboration","12":"product_tag-kurumsal-ai","13":"product_tag-modern-ofis","14":"product_tag-sinematik-gercekcilik","15":"product_tag-uretime-hazir","17":"first","18":"instock","19":"downloadable","20":"virtual","21":"product-type-simple"},"_links":{"self":[{"href":"https:\/\/prompt-place.com\/tr\/wp-json\/wp\/v2\/product\/23964","targetHints":{"allow":["GET"]}}],"collection":[{"href":"https:\/\/prompt-place.com\/tr\/wp-json\/wp\/v2\/product"}],"about":[{"href":"https:\/\/prompt-place.com\/tr\/wp-json\/wp\/v2\/types\/product"}],"replies":[{"embeddable":true,"href":"https:\/\/prompt-place.com\/tr\/wp-json\/wp\/v2\/comments?post=23964"}],"wp:featuredmedia":[{"embeddable":true,"href":"https:\/\/prompt-place.com\/tr\/wp-json\/wp\/v2\/media\/21561"}],"wp:attachment":[{"href":"https:\/\/prompt-place.com\/tr\/wp-json\/wp\/v2\/media?parent=23964"}],"wp:term":[{"taxonomy":"product_brand","embeddable":true,"href":"https:\/\/prompt-place.com\/tr\/wp-json\/wp\/v2\/product_brand?post=23964"},{"taxonomy":"product_cat","embeddable":true,"href":"https:\/\/prompt-place.com\/tr\/wp-json\/wp\/v2\/product_cat?post=23964"},{"taxonomy":"product_tag","embeddable":true,"href":"https:\/\/prompt-place.com\/tr\/wp-json\/wp\/v2\/product_tag?post=23964"}],"curies":[{"name":"wp","href":"https:\/\/api.w.org\/{rel}","templated":true}]}}