{"id":23962,"date":"2026-01-06T09:42:37","date_gmt":"2026-01-06T09:42:37","guid":{"rendered":"http:\/\/prompt-place.com\/product\/karmasik-bir-yazilim-modulu-icin-detayli-dokumantasyon-yazma-deepseek\/"},"modified":"2026-01-06T09:42:37","modified_gmt":"2026-01-06T09:42:37","slug":"karmasik-bir-yazilim-modulu-icin-detayli-dokumantasyon-yazma-deepseek","status":"publish","type":"product","link":"https:\/\/prompt-place.com\/tr\/urun\/karmasik-bir-yazilim-modulu-icin-detayli-dokumantasyon-yazma-deepseek\/","title":{"rendered":"Karma\u015f\u0131k Bir Yaz\u0131l\u0131m Mod\u00fcl\u00fc \u0130\u00e7in Detayl\u0131 Dok\u00fcmantasyon Yazma (DeepSeek)"},"content":{"rendered":"<p>Karma\u015f\u0131k yaz\u0131l\u0131m mod\u00fclleri i\u00e7in y\u00fcksek kaliteli, \u00fcretime haz\u0131r dok\u00fcmantasyon \u00fcretmeye y\u00f6nelik bir DeepSeek istemi. Mimari, API&#8217;ler, yap\u0131land\u0131rma, operasyonel davran\u0131\u015f ve bak\u0131m hususlar\u0131n\u0131n net bir \u015fekilde a\u00e7\u0131klanmas\u0131na rehberlik eder; i\u015fe al\u0131m, denetimler ve uzun vadeli destek i\u00e7in idealdir. <\/p>\n","protected":false},"excerpt":{"rendered":"<p>Karma\u015f\u0131k yaz\u0131l\u0131m mod\u00fclleri i\u00e7in y\u00fcksek kaliteli, \u00fcretime haz\u0131r dok\u00fcmantasyon \u00fcretmeye y\u00f6nelik bir DeepSeek istemi. Mimari, API&#8217;ler, yap\u0131land\u0131rma, operasyonel davran\u0131\u015f ve bak\u0131m hususlar\u0131n\u0131n net bir \u015fekilde a\u00e7\u0131klanmas\u0131na rehberlik eder; i\u015fe al\u0131m, denetimler ve uzun vadeli destek i\u00e7in idealdir.<\/p>\n","protected":false},"featured_media":21602,"comment_status":"open","ping_status":"closed","template":"","meta":[],"product_brand":[],"product_cat":[695,347],"product_tag":[1621,2245,2242,1928,1661,2243,1617,2244],"class_list":{"0":"post-23962","1":"product","2":"type-product","3":"status-publish","4":"has-post-thumbnail","6":"product_cat-deepseek-istemleri","7":"product_cat-modeller","8":"product_tag-deepseek","9":"product_tag-gelistirici-dokumanlari","10":"product_tag-ise-alim","11":"product_tag-sistem-mimarisi","12":"product_tag-surdurulebilirlik","13":"product_tag-teknik-dokumantasyon","14":"product_tag-uretime-hazir","15":"product_tag-yazilim-modulleri","17":"first","18":"instock","19":"downloadable","20":"virtual","21":"product-type-simple"},"_links":{"self":[{"href":"https:\/\/prompt-place.com\/tr\/wp-json\/wp\/v2\/product\/23962","targetHints":{"allow":["GET"]}}],"collection":[{"href":"https:\/\/prompt-place.com\/tr\/wp-json\/wp\/v2\/product"}],"about":[{"href":"https:\/\/prompt-place.com\/tr\/wp-json\/wp\/v2\/types\/product"}],"replies":[{"embeddable":true,"href":"https:\/\/prompt-place.com\/tr\/wp-json\/wp\/v2\/comments?post=23962"}],"wp:featuredmedia":[{"embeddable":true,"href":"https:\/\/prompt-place.com\/tr\/wp-json\/wp\/v2\/media\/21602"}],"wp:attachment":[{"href":"https:\/\/prompt-place.com\/tr\/wp-json\/wp\/v2\/media?parent=23962"}],"wp:term":[{"taxonomy":"product_brand","embeddable":true,"href":"https:\/\/prompt-place.com\/tr\/wp-json\/wp\/v2\/product_brand?post=23962"},{"taxonomy":"product_cat","embeddable":true,"href":"https:\/\/prompt-place.com\/tr\/wp-json\/wp\/v2\/product_cat?post=23962"},{"taxonomy":"product_tag","embeddable":true,"href":"https:\/\/prompt-place.com\/tr\/wp-json\/wp\/v2\/product_tag?post=23962"}],"curies":[{"name":"wp","href":"https:\/\/api.w.org\/{rel}","templated":true}]}}