{"id":23961,"date":"2026-01-06T09:42:22","date_gmt":"2026-01-06T09:42:22","guid":{"rendered":"http:\/\/prompt-place.com\/product\/parlayan-sunucularla-yuksek-teknoloji-veri-merkezi\/"},"modified":"2026-01-06T09:42:22","modified_gmt":"2026-01-06T09:42:22","slug":"parlayan-sunucularla-yuksek-teknoloji-veri-merkezi","status":"publish","type":"product","link":"https:\/\/prompt-place.com\/tr\/urun\/parlayan-sunucularla-yuksek-teknoloji-veri-merkezi\/","title":{"rendered":"Parlayan Sunucularla Y\u00fcksek Teknoloji Veri Merkezi"},"content":{"rendered":"<p>Bu komut istemi, parlayan sunuculara sahip modern bir y\u00fcksek teknoloji veri merkezinin sinematik, ultra ger\u00e7ek\u00e7i bir g\u00f6rselle\u015ftirmesini olu\u015fturur. Bulut altyap\u0131s\u0131n\u0131, yapay zeka bilgi i\u015flem ortamlar\u0131n\u0131 ve kurumsal d\u00fczeyde teknoloji platformlar\u0131n\u0131 sergilemek i\u00e7in idealdir. <\/p>\n","protected":false},"excerpt":{"rendered":"<p>Bu komut istemi, parlayan sunuculara sahip modern bir y\u00fcksek teknoloji veri merkezinin sinematik, ultra ger\u00e7ek\u00e7i bir g\u00f6rselle\u015ftirmesini olu\u015fturur. Bulut altyap\u0131s\u0131n\u0131, yapay zeka bilgi i\u015flem ortamlar\u0131n\u0131 ve kurumsal d\u00fczeyde teknoloji platformlar\u0131n\u0131 sergilemek i\u00e7in idealdir.<\/p>\n","protected":false},"featured_media":21561,"comment_status":"open","ping_status":"closed","template":"","meta":[],"product_brand":[],"product_cat":[746,347],"product_tag":[2241,2240,1954,2234,2238,1617,2237,2239],"class_list":{"0":"post-23961","1":"product","2":"type-product","3":"status-publish","4":"has-post-thumbnail","6":"product_cat-dall-e-ipucu","7":"product_cat-modeller","8":"product_tag-ai-altyapi","9":"product_tag-bulut-altyapisi","10":"product_tag-dalle","11":"product_tag-sinematik-gercekcilik","12":"product_tag-sunucular","13":"product_tag-uretime-hazir","14":"product_tag-veri-merkezi","15":"product_tag-yuksek-teknoloji","17":"first","18":"instock","19":"downloadable","20":"virtual","21":"product-type-simple"},"_links":{"self":[{"href":"https:\/\/prompt-place.com\/tr\/wp-json\/wp\/v2\/product\/23961","targetHints":{"allow":["GET"]}}],"collection":[{"href":"https:\/\/prompt-place.com\/tr\/wp-json\/wp\/v2\/product"}],"about":[{"href":"https:\/\/prompt-place.com\/tr\/wp-json\/wp\/v2\/types\/product"}],"replies":[{"embeddable":true,"href":"https:\/\/prompt-place.com\/tr\/wp-json\/wp\/v2\/comments?post=23961"}],"wp:featuredmedia":[{"embeddable":true,"href":"https:\/\/prompt-place.com\/tr\/wp-json\/wp\/v2\/media\/21561"}],"wp:attachment":[{"href":"https:\/\/prompt-place.com\/tr\/wp-json\/wp\/v2\/media?parent=23961"}],"wp:term":[{"taxonomy":"product_brand","embeddable":true,"href":"https:\/\/prompt-place.com\/tr\/wp-json\/wp\/v2\/product_brand?post=23961"},{"taxonomy":"product_cat","embeddable":true,"href":"https:\/\/prompt-place.com\/tr\/wp-json\/wp\/v2\/product_cat?post=23961"},{"taxonomy":"product_tag","embeddable":true,"href":"https:\/\/prompt-place.com\/tr\/wp-json\/wp\/v2\/product_tag?post=23961"}],"curies":[{"name":"wp","href":"https:\/\/api.w.org\/{rel}","templated":true}]}}