{"id":23960,"date":"2026-01-06T09:42:38","date_gmt":"2026-01-06T09:42:38","guid":{"rendered":"http:\/\/prompt-place.com\/product\/buyuk-web-uygulamalarinda-on-uc-performansini-optimize-edin-deepseek\/"},"modified":"2026-01-06T09:42:38","modified_gmt":"2026-01-06T09:42:38","slug":"buyuk-web-uygulamalarinda-on-uc-performansini-optimize-edin-deepseek","status":"publish","type":"product","link":"https:\/\/prompt-place.com\/tr\/urun\/buyuk-web-uygulamalarinda-on-uc-performansini-optimize-edin-deepseek\/","title":{"rendered":"B\u00fcy\u00fck Web Uygulamalar\u0131nda \u00d6n U\u00e7 Performans\u0131n\u0131 Optimize Edin (DeepSeek)"},"content":{"rendered":"<p>B\u00fcy\u00fck \u00f6l\u00e7ekli web uygulamalar\u0131nda \u00f6n u\u00e7 performans\u0131n\u0131 te\u015fhis ve optimize etmek i\u00e7in bir DeepSeek istemi. A\u011f, i\u015fleme ve JavaScript y\u00fcr\u00fctmedeki darbo\u011fazlar\u0131 belirlemeye ve Core Web Vitals ve kullan\u0131c\u0131 deneyimini iyile\u015ftiren \u00fcretim a\u00e7\u0131s\u0131ndan g\u00fcvenli optimizasyonlar sunmaya odaklan\u0131r. <\/p>\n","protected":false},"excerpt":{"rendered":"<p>B\u00fcy\u00fck \u00f6l\u00e7ekli web uygulamalar\u0131nda \u00f6n u\u00e7 performans\u0131n\u0131 te\u015fhis ve optimize etmek i\u00e7in bir DeepSeek istemi. A\u011f, i\u015fleme ve JavaScript y\u00fcr\u00fctmedeki darbo\u011fazlar\u0131 belirlemeye ve Core Web Vitals ve kullan\u0131c\u0131 deneyimini iyile\u015ftiren \u00fcretim a\u00e7\u0131s\u0131ndan g\u00fcvenli optimizasyonlar sunmaya odaklan\u0131r.<\/p>\n","protected":false},"featured_media":21602,"comment_status":"open","ping_status":"closed","template":"","meta":[],"product_brand":[],"product_cat":[695,347],"product_tag":[2233,1621,2236,2235,1932,2231,1617,2232],"class_list":{"0":"post-23960","1":"product","2":"type-product","3":"status-publish","4":"has-post-thumbnail","6":"product_cat-deepseek-istemleri","7":"product_cat-modeller","8":"product_tag-core-web-vitals","9":"product_tag-deepseek","10":"product_tag-isleme","11":"product_tag-javascript","12":"product_tag-olceklenebilirlik","13":"product_tag-on-uc-performans","14":"product_tag-uretime-hazir","15":"product_tag-web-optimizasyonu","17":"first","18":"instock","19":"downloadable","20":"virtual","21":"product-type-simple"},"_links":{"self":[{"href":"https:\/\/prompt-place.com\/tr\/wp-json\/wp\/v2\/product\/23960","targetHints":{"allow":["GET"]}}],"collection":[{"href":"https:\/\/prompt-place.com\/tr\/wp-json\/wp\/v2\/product"}],"about":[{"href":"https:\/\/prompt-place.com\/tr\/wp-json\/wp\/v2\/types\/product"}],"replies":[{"embeddable":true,"href":"https:\/\/prompt-place.com\/tr\/wp-json\/wp\/v2\/comments?post=23960"}],"wp:featuredmedia":[{"embeddable":true,"href":"https:\/\/prompt-place.com\/tr\/wp-json\/wp\/v2\/media\/21602"}],"wp:attachment":[{"href":"https:\/\/prompt-place.com\/tr\/wp-json\/wp\/v2\/media?parent=23960"}],"wp:term":[{"taxonomy":"product_brand","embeddable":true,"href":"https:\/\/prompt-place.com\/tr\/wp-json\/wp\/v2\/product_brand?post=23960"},{"taxonomy":"product_cat","embeddable":true,"href":"https:\/\/prompt-place.com\/tr\/wp-json\/wp\/v2\/product_cat?post=23960"},{"taxonomy":"product_tag","embeddable":true,"href":"https:\/\/prompt-place.com\/tr\/wp-json\/wp\/v2\/product_tag?post=23960"}],"curies":[{"name":"wp","href":"https:\/\/api.w.org\/{rel}","templated":true}]}}