{"id":23954,"date":"2026-01-06T09:42:36","date_gmt":"2026-01-06T09:42:36","guid":{"rendered":"http:\/\/prompt-place.com\/product\/bir-analitik-platform-icin-olceklenebilir-veritabani-sema-tasarimi-deepseek\/"},"modified":"2026-01-06T09:42:36","modified_gmt":"2026-01-06T09:42:36","slug":"bir-analitik-platform-icin-olceklenebilir-veritabani-sema-tasarimi-deepseek","status":"publish","type":"product","link":"https:\/\/prompt-place.com\/tr\/urun\/bir-analitik-platform-icin-olceklenebilir-veritabani-sema-tasarimi-deepseek\/","title":{"rendered":"Bir Analitik Platform i\u00e7in \u00d6l\u00e7eklenebilir Veritaban\u0131 \u015eema Tasar\u0131m\u0131 (DeepSeek)"},"content":{"rendered":"<p>Analitik platformlara \u00f6zel \u00f6l\u00e7eklenebilir, y\u00fcksek performansl\u0131 bir veritaban\u0131 \u015femas\u0131 tasarlamak i\u00e7in bir DeepSeek istemi. B\u00fcy\u00fck \u00f6l\u00e7ekli analitik i\u015f y\u00fckleri i\u00e7in veri modelleme, \u015fema modelleri (y\u0131ld\u0131z\/kar tanesi), b\u00f6l\u00fcmleme, indeksleme ve ya\u015fam d\u00f6ng\u00fcs\u00fc y\u00f6netimini kapsar. <\/p>\n","protected":false},"excerpt":{"rendered":"<p>Analitik platformlara \u00f6zel \u00f6l\u00e7eklenebilir, y\u00fcksek performansl\u0131 bir veritaban\u0131 \u015femas\u0131 tasarlamak i\u00e7in bir DeepSeek istemi. B\u00fcy\u00fck \u00f6l\u00e7ekli analitik i\u015f y\u00fckleri i\u00e7in veri modelleme, \u015fema modelleri (y\u0131ld\u0131z\/kar tanesi), b\u00f6l\u00fcmleme, indeksleme ve ya\u015fam d\u00f6ng\u00fcs\u00fc y\u00f6netimini kapsar.<\/p>\n","protected":false},"featured_media":21602,"comment_status":"open","ping_status":"closed","template":"","meta":[],"product_brand":[],"product_cat":[695,347],"product_tag":[1894,1621,1932,2203,1617,2204,2202,2201],"class_list":{"0":"post-23954","1":"product","2":"type-product","3":"status-publish","4":"has-post-thumbnail","6":"product_cat-deepseek-istemleri","7":"product_cat-modeller","8":"product_tag-analitik-platform","9":"product_tag-deepseek","10":"product_tag-olceklenebilirlik","11":"product_tag-sema-tasarimi","12":"product_tag-uretime-hazir","13":"product_tag-veri-mimarisi","14":"product_tag-veri-modelleme","15":"product_tag-veritabani-tasarimi","17":"first","18":"instock","19":"downloadable","20":"virtual","21":"product-type-simple"},"_links":{"self":[{"href":"https:\/\/prompt-place.com\/tr\/wp-json\/wp\/v2\/product\/23954","targetHints":{"allow":["GET"]}}],"collection":[{"href":"https:\/\/prompt-place.com\/tr\/wp-json\/wp\/v2\/product"}],"about":[{"href":"https:\/\/prompt-place.com\/tr\/wp-json\/wp\/v2\/types\/product"}],"replies":[{"embeddable":true,"href":"https:\/\/prompt-place.com\/tr\/wp-json\/wp\/v2\/comments?post=23954"}],"wp:featuredmedia":[{"embeddable":true,"href":"https:\/\/prompt-place.com\/tr\/wp-json\/wp\/v2\/media\/21602"}],"wp:attachment":[{"href":"https:\/\/prompt-place.com\/tr\/wp-json\/wp\/v2\/media?parent=23954"}],"wp:term":[{"taxonomy":"product_brand","embeddable":true,"href":"https:\/\/prompt-place.com\/tr\/wp-json\/wp\/v2\/product_brand?post=23954"},{"taxonomy":"product_cat","embeddable":true,"href":"https:\/\/prompt-place.com\/tr\/wp-json\/wp\/v2\/product_cat?post=23954"},{"taxonomy":"product_tag","embeddable":true,"href":"https:\/\/prompt-place.com\/tr\/wp-json\/wp\/v2\/product_tag?post=23954"}],"curies":[{"name":"wp","href":"https:\/\/api.w.org\/{rel}","templated":true}]}}